{"id":20329,"date":"2025-01-16T10:50:39","date_gmt":"2025-01-16T09:50:39","guid":{"rendered":"https:\/\/kobra.si\/?post_type=product&#038;p=20329"},"modified":"2026-03-23T13:00:14","modified_gmt":"2026-03-23T12:00:14","slug":"eufy-pametna-tehtnica","status":"publish","type":"product","link":"https:\/\/kobra.si\/en\/spletna-trgovina-kobra\/eufy-pametna-tehtnica\/","title":{"rendered":"Eufy pametna tehtnica"},"content":{"rendered":"<h3 class=\"wp-block-heading\">Product description<\/h3>\n\n\n\n<ul class=\"wp-block-list\">\n<li><strong>Vse-v-enem zaslon za uporabo brez povezave<\/strong>: Oglejte si klju\u010dne statisti\u010dne podatke neposredno pri svojih stopalih. Sproten napredek brez potrebe po telefonu vas ohranja motivirane in osredoto\u010dene na va\u0161o zdravstveno pot.<\/li>\n\n\n\n<li><strong>3,36-pal\u010dni zaslon, ki ga je enostavno prebrati<\/strong>: 3,36-pal\u010dni barvni TFT zaslon prikazuje bogate in informativne podatke. Spremljajte zdravstvene metrike in trende skozi \u010das z intuitivnimi in obse\u017enimi nadzornimi plo\u0161\u010dami.<\/li>\n\n\n\n<li><strong>Visoka natan\u010dnost<\/strong>: Na\u0161a tehtnica vklju\u010duje osnovo proti prevra\u010danju in \u0161tiri napredne senzorje, ki zagotavljajo natan\u010dne meritve te\u017ee do 0,1 lb (0,05 kg).<\/li>\n\n\n\n<li><strong>16 klju\u010dnih telesnih meritev na zaslonu<\/strong>: Takoj prejmite od\u010ditke te\u017ee, telesne ma\u0161\u010dobe, mi\u0161i\u010dne mase in \u0161e ve\u010d, jasno prikazane na tehtnici za hitro oceno.<\/li>\n\n\n\n<li><strong>Ve\u010d na\u010dinov in uporabnikov<\/strong>: Vklju\u010duje \u0161est na\u010dinov: obi\u010dajni, preprosti, gost, otrok\/hi\u0161ni ljubljen\u010dek in \u0161portnik. Podpira neomejeno \u0161tevilo uporabnikov, kar je popolno za dru\u017eine in \u0161portne skupine.<\/li>\n\n\n\n<li><strong>Opomba<\/strong>: Tehtnica za merjenje telesne ma\u0161\u010dobe podpira samo povezavo preko Bluetootha.<\/li>\n<\/ul>\n\n\n\n<figure class=\"wp-block-image\"><img decoding=\"async\" src=\"https:\/\/cdn.shopify.com\/s\/files\/1\/0504\/7094\/4954\/files\/47ccd50a-ee4b-45a9-9fe5-41fdae887e5c.__CR0_0_1464_600_PT0_SX1464_V1_3840x.jpg?v=1724225637\" alt=\"\" title=\"\"><\/figure>\n\n\n\n<hr class=\"wp-block-separator has-alpha-channel-opacity\" \/>\n\n\n\n<p><strong>Vsi va\u0161i podatki, brez potrebe po telefonu<br><\/strong>Stopite na tehtnico in si brez te\u017eav oglejte vse svoje statisti\u010dne podatke na enem mestu. Telefon ni potreben, tudi v kopalnici.<\/p>\n\n\n\n<p><strong>Opomba<\/strong>: Priporo\u010dljivo je, da tehtnico postavite v razmeroma suh prostor in se prepri\u010date, da so stopala suha za natan\u010dne meritve.<\/p>\n\n\n\n<p><strong>Hitro preklapljanje strani z dotikom<\/strong><br>Preklopite na naslednjo stran v trenutku. Berite statisti\u010dne podatke v svojem tempu.<\/p>\n\n\n\n<figure class=\"wp-block-table\"><table class=\"has-fixed-layout\"><tbody><tr><td><img fetchpriority=\"high\" decoding=\"async\" height=\"280\" src=\"https:\/\/cdn.shopify.com\/s\/files\/1\/0504\/7094\/4954\/files\/cff0ee26-d2f4-40c8-96c2-3f595abb4c30.__CR0_0_1464_600_PT0_SX1464_V1_3840x.jpg?v=1724225637\" width=\"683\" title=\"\"><\/td><td><img decoding=\"async\" height=\"280\" src=\"https:\/\/cdn.shopify.com\/s\/files\/1\/0504\/7094\/4954\/files\/4773764d-18a0-4307-88b5-9aa5bcab505f.__CR0_0_1464_600_PT0_SX1464_V1_3840x.jpg?v=1724225637\" width=\"683\" title=\"\"><\/td><\/tr><\/tbody><\/table><\/figure>\n\n\n\n<hr class=\"wp-block-separator has-alpha-channel-opacity\" \/>\n\n\n\n<p><strong>Va\u0161i biometriki, vizualizirani in analizirani<\/strong><br>Poglobite se v popolno analizo biometri\u010dnih podatkov in opazujte, kako va\u0161a zdravstvena pot o\u017eivi.<\/p>\n\n\n\n<ul class=\"wp-block-list\">\n<li><strong>Na\u0161a re\u0161itev<\/strong>: Jasni razdelki, vsak biometri\u010dni podatek temeljito pregledan.<\/li>\n\n\n\n<li><strong>Druga re\u0161itev<\/strong>: Majhne pisave, preve\u010d podatkov in pomen je nejasen.<\/li>\n<\/ul>\n\n\n\n<p><strong>Prilagodite nadzorno plo\u0161\u010do va\u0161e pametne tehtnice<br><\/strong>Poslovite se od enotnega spremljanja zdravja za vse in pozdravite pametno tehtnico, ki se prilagaja va\u0161im potrebam.<\/p>\n\n\n\n<figure class=\"wp-block-table\"><table class=\"has-fixed-layout\"><tbody><tr><td><img decoding=\"async\" height=\"280\" src=\"https:\/\/cdn.shopify.com\/s\/files\/1\/0504\/7094\/4954\/files\/ec5fd00d-fa73-499f-b1ec-9dd691af8ac5.__CR0_0_1464_600_PT0_SX1464_V1_3840x.jpg?v=1724225637\" width=\"683\" title=\"\"><\/td><td><img loading=\"lazy\" decoding=\"async\" height=\"280\" src=\"https:\/\/m.media-amazon.com\/images\/S\/aplus-media-library-service-media\/f77e9223-3fd9-41dc-ae29-306ddb4bf4f2.__CR0,0,1464,600_PT0_SX1464_V1___.png\" width=\"683\" title=\"\"><\/td><\/tr><\/tbody><\/table><\/figure>\n\n\n\n<hr class=\"wp-block-separator has-alpha-channel-opacity\" \/>\n\n\n\n<p><strong>Natan\u010dnost pri vsakem merjenju<\/strong><\/p>\n\n\n\n<p>Pametna tehtnica eufy C20 se pona\u0161a s \u0161tirimi visoko natan\u010dnimi senzorji in ob\u010dutljivimi elektrodami, ki zagotavljajo merjenje te\u017ee z natan\u010dnostjo do 0,1 lb \/ 0,05 kg.<\/p>\n\n\n\n<p><strong>16 biometri\u010dnih podatkov<\/strong><br>Razumite svoje zdravje s 16 klju\u010dnimi biometri\u010dnimi podatki za podrobne informacije o zdravju.<\/p>\n\n\n\n<ul class=\"wp-block-list\">\n<li>Weight<\/li>\n\n\n\n<li>BMI<\/li>\n\n\n\n<li>Telesna ma\u0161\u010doba %<\/li>\n\n\n\n<li>Mi\u0161i\u010dna masa<\/li>\n\n\n\n<li>Masa telesne ma\u0161\u010dobe<\/li>\n\n\n\n<li>Kostna masa<\/li>\n\n\n\n<li>Starost telesa<\/li>\n\n\n\n<li>Sr\u010dni utrip<\/li>\n\n\n\n<li>Voda<\/li>\n\n\n\n<li>BMR<\/li>\n\n\n\n<li>Visceralna ma\u0161\u010doba<\/li>\n\n\n\n<li>Beljakovine<\/li>\n\n\n\n<li>Podko\u017ena ma\u0161\u010doba<\/li>\n\n\n\n<li>Tip telesa<\/li>\n\n\n\n<li>Skeletna mi\u0161i\u010dna masa<\/li>\n<\/ul>\n\n\n\n<figure class=\"wp-block-table\"><table class=\"has-fixed-layout\"><tbody><tr><td><img loading=\"lazy\" decoding=\"async\" height=\"280\" src=\"https:\/\/cdn.shopify.com\/s\/files\/1\/0504\/7094\/4954\/files\/033666ab-a1c0-452f-9ec2-ad25e2e621b4.__CR0_0_1464_600_PT0_SX1464_V1_3840x.jpg?v=1724225637\" width=\"683\" title=\"\"><\/td><td><img loading=\"lazy\" decoding=\"async\" height=\"280\" src=\"https:\/\/cdn.shopify.com\/s\/files\/1\/0504\/7094\/4954\/files\/799f84be-29ec-4100-ba4b-e6e972213270.__CR0_0_1464_600_PT0_SX1464_V1_3840x.jpg?v=1724225637\" width=\"683\" title=\"\"><\/td><\/tr><\/tbody><\/table><\/figure>\n\n\n\n<hr class=\"wp-block-separator has-alpha-channel-opacity\" \/>\n\n\n\n<p><strong>Ostale funkcije:<\/strong><\/p>\n\n\n\n<p><strong>Ena tehtnica za vso dru\u017eino<\/strong><br>Na\u0161a aplikacija eufy Life vam omogo\u010da ustvarjanje neomejenih uporabni\u0161kih profilov.<\/p>\n\n\n\n<p><strong>Enostavno tehtanje otroka ali hi\u0161nega ljubljen\u010dka<\/strong><br>Dosezite natan\u010dne meritve z lahkoto: med postopkom ne\u017eno dr\u017eite svojega otroka ali hi\u0161nega ljubljen\u010dka.<\/p>\n\n\n\n<p><strong>Prilagojeno za ljubitelje fitnesa<\/strong><br>Izbolj\u0161ajte svoj trening z osebnimi podatki, ki se ujemajo z edinstveno fiziologijo va\u0161ega telesa, in ostanite na vrhuncu svoje zmogljivosti.<\/p>\n\n\n\n<p><strong>Spremljajte svojo pot dnevno, tedensko in mese\u010dno<\/strong><br>Vizualizirajte svoje napredke na podro\u010dju zdravja s podrobnimi zapisi, ki segajo od dnevnih posodobitev do letnih povzetkov.<\/p>\n\n\n\n<p><strong>Spremljajte vsako kalorijo, obvladajte svoje cilje<\/strong><br>Brez te\u017eav spremljajte vnos in porabo kalorij z aplikacijo eufy Life, ki omogo\u010da natan\u010dno upravljanje te\u017ee, kjer je vsaka kalorija upo\u0161tevana.<\/p>\n\n\n\n<p><strong>Sinhronizirajte z drugimi aplikacijami<\/strong><br>Brez truda sinhronizirajte svoje podatke z enim dotikom in jih brezhibno integrirajte z va\u0161imi najljub\u0161imi fitnes aplikacijami.<\/p>\n\n\n\n<p><strong>Vizualizirajte svoje podatke v 3D<\/strong><br>Preoblikujte svoje zdravstvene podatke v \u017eivahnega 3D avatarja. Opazujte, kako se va\u0161 virtualni model razvija, odra\u017eajo\u010d spremembe v va\u0161em pasu, rokah, nogah, prsih in bokih.<\/p>\n\n\n\n<p><strong>Spoznajte svoj napredek<\/strong><br>Takoj\u0161nje povratne informacije in dose\u017eki ciljev naredijo uporabo tehtnice C20 vznemirljivo in vas motivirajo, da ostanete zavezani svojim zdravstvenim ciljem<\/p>\n\n\n\n<hr class=\"wp-block-separator has-alpha-channel-opacity\" \/>\n\n\n\n<p><strong>Technical details:<\/strong><\/p>\n\n\n\n<ul class=\"wp-block-list\">\n<li>Vodotesnost:\u00a0<strong>IPX5<\/strong><\/li>\n\n\n\n<li>Meritve:\u00a0<strong>Te\u017ea, BMI, Telesna ma\u0161\u010doba %, Mi\u0161i\u010dna masa, Masa telesne ma\u0161\u010dobe, Kostna masa, Starost telesa, Sr\u010dni utrip, Voda, BMR, Visceralna ma\u0161\u010doba, Beljakovine, Podko\u017ena ma\u0161\u010doba, Tip telesa, Skeletna mi\u0161i\u010dna masa<\/strong><\/li>\n\n\n\n<li>Enote:\u00a0<strong>kg \/ lb \/ st<\/strong><\/li>\n\n\n\n<li>Natan\u010dnost enote:\u00a0<strong>0,1 lb \/ 0,05 kg<\/strong><\/li>\n\n\n\n<li>Aktivacijska te\u017ea:\u00a0<strong>6,6 lb \/ 3 kg<\/strong><\/li>\n\n\n\n<li>Povezljivost Bluetooth:\u00a0<strong>Da<\/strong><\/li>\n\n\n\n<li>Wi-Fi:\u00a0<strong>Da (samo 2,4 GHz)<\/strong><\/li>\n\n\n\n<li>Baterija:\u00a0<strong>4 x AAA<\/strong><\/li>\n\n\n\n<li>Zdru\u017eljivost z OS:\u00a0<strong>iOS 10.0 in novej\u0161i, Android 5.0 in novej\u0161i<\/strong><\/li>\n<\/ul>\n\n\n\n<p><strong>Uradna stran proizvajalca:<\/strong>&nbsp;<a href=\"https:\/\/www.eufy.com\/si-en\/products\/t9130011?variant=45321435545752\" target=\"_blank\" rel=\"noreferrer noopener\">https:\/\/www.eufy.com\/si-en\/products\/t9130011?variant=45321435545752<\/a><\/p>\n\n\n\n<p><strong>ANKER INNOVATIONS LIMITED<\/strong><br>Georg-Muche-Strasse 3<br>80807, M\u00fcnchen, Germany<br>ankerdirect@oceanwing.com<\/p>\n\n\n\n<p>Specifikacije in vse druge informacije na tem spletnem mestu so na voljo &#8220;tak\u0161ne, kot so&#8221; brez kakr\u0161nih koli jamstev, vklju\u010dno z implicitnimi garancijami za prodajo, primernostjo za dolo\u010den namen in nekr\u0161itvijo, in se lahko spremenijo brez predhodnega obvestila.<\/p>\n\n\n\n<p>Podjetje ne jam\u010di, da bodo spletno mesto in materiali, izdelki, komunikacije, vsebine in storitve zanesljivi, neprekinjeni, brez napak, brez virusov in drugih \u0161kodljivih elementov, ali da bodo napake odpravljene. Zavedajte se, da se funkcije\/specifikacije lahko razlikujejo od dr\u017eave do dr\u017eave. Slike izdelkov, vklju\u010dno z barvo, se lahko razlikujejo od dejanskega videza izdelka.<\/p>","protected":false},"excerpt":{"rendered":"<ul>\n<li>Anker Eufy pametna tehtnica C20<\/li>\n<li>Preglednost na enem mestu, visoka natan\u010dnost, ve\u010d na\u010dinov in uporabnikov.<\/li>\n<\/ul>","protected":false},"featured_media":20330,"template":"","meta":{"_monsterinsights_skip_tracking":false,"_monsterinsights_sitenote_active":false,"_monsterinsights_sitenote_note":"","_monsterinsights_sitenote_category":0},"product_brand":[],"product_cat":[271,101,255,264],"product_tag":[161],"class_list":{"0":"post-20329","1":"product","2":"type-product","3":"status-publish","4":"has-post-thumbnail","6":"product_cat-osebne-tehnice","7":"product_cat-pametni-dom","8":"product_cat-vsi","9":"product_cat-zdravlje-in-lepota","10":"product_tag-eufy","12":"first","13":"instock","14":"sale","15":"taxable","16":"shipping-taxable","17":"purchasable","18":"product-type-simple"},"jetpack_sharing_enabled":true,"_links":{"self":[{"href":"https:\/\/kobra.si\/en\/wp-json\/wp\/v2\/product\/20329","targetHints":{"allow":["GET"]}}],"collection":[{"href":"https:\/\/kobra.si\/en\/wp-json\/wp\/v2\/product"}],"about":[{"href":"https:\/\/kobra.si\/en\/wp-json\/wp\/v2\/types\/product"}],"version-history":[{"count":3,"href":"https:\/\/kobra.si\/en\/wp-json\/wp\/v2\/product\/20329\/revisions"}],"predecessor-version":[{"id":26504,"href":"https:\/\/kobra.si\/en\/wp-json\/wp\/v2\/product\/20329\/revisions\/26504"}],"wp:featuredmedia":[{"embeddable":true,"href":"https:\/\/kobra.si\/en\/wp-json\/wp\/v2\/media\/20330"}],"wp:attachment":[{"href":"https:\/\/kobra.si\/en\/wp-json\/wp\/v2\/media?parent=20329"}],"wp:term":[{"taxonomy":"product_brand","embeddable":true,"href":"https:\/\/kobra.si\/en\/wp-json\/wp\/v2\/product_brand?post=20329"},{"taxonomy":"product_cat","embeddable":true,"href":"https:\/\/kobra.si\/en\/wp-json\/wp\/v2\/product_cat?post=20329"},{"taxonomy":"product_tag","embeddable":true,"href":"https:\/\/kobra.si\/en\/wp-json\/wp\/v2\/product_tag?post=20329"}],"curies":[{"name":"wp","href":"https:\/\/api.w.org\/{rel}","templated":true}]}}