{"id":20328,"date":"2025-01-16T08:34:11","date_gmt":"2025-01-16T07:34:11","guid":{"rendered":"https:\/\/kobra.si\/spletna-trgovina-kobra\/himawari-1010-156-nahrbtnik-za-prenosni-racunalnik-siv\/"},"modified":"2026-03-18T20:59:09","modified_gmt":"2026-03-18T19:59:09","slug":"himawari-1010-156-nahrbtnik-za-prenosni-racunalnik-siv","status":"publish","type":"product","link":"https:\/\/kobra.si\/en\/spletna-trgovina-kobra\/himawari-1010-156-nahrbtnik-za-prenosni-racunalnik-siv\/","title":{"rendered":"Himawari 1010 15,6&#8221; nahrbtnik za prenosni ra\u010dunalnik (siv)"},"content":{"rendered":"<h3>Himawari 1010 (siv) 15,6&#8221; nahrbtnik za prenosni ra\u010dunalnik.<\/h3>\n<p>Nahrbtnik Himawari 1010 je idealna re\u0161itev za tiste, ki cenijo udobje, funkcionalnost in sodoben dizajn. S prostorno notranjostjo in posebnim predalom za 15,6-pal\u010dni prenosni ra\u010dunalnik lahko vanj spravite vse, kar vsakodnevno potrebujete &#8211; od dokumentov do nujnih dodatkov. Nahrbtnik je lahek (tehta le 0,75 kg) in ima dimenzije 45 x 33 x 15 cm, zato je idealen tako za delo kot za \u0161tudij.<\/p>\n<p>\n<img decoding=\"async\" border=\"0\" src=\"https:\/\/assets.innpro.pl\/11202\/13206\/1.jpg\" title=\"\">\n<\/p>\n<h3>Zmogljivost, ki presene\u010da<\/h3>\n<p>Nahrbtnik Himawari 1010 vam s \u0161tevilnimi \u017eepi in predali omogo\u010da pregledno in priro\u010dno organizacijo vseh predmetov. Poseben \u017eep za prenosni ra\u010dunalnik zagotavlja za\u0161\u010dito va\u0161e naprave, \u0161tevilni dodatni \u017eepi pa bodo poskrbeli za urejenost va\u0161ih dodatkov, pisal ali klju\u010dev. Zaradi velike prostornine je nahrbtnik primeren tudi za kraj\u0161a potovanja ali pobege ob koncu tedna.<\/p>\n<p>\n<img decoding=\"async\" border=\"0\" src=\"https:\/\/assets.innpro.pl\/11202\/13206\/9.jpg\" title=\"\">\n<\/p>\n<h3>Vodoodporen za popolno za\u0161\u010dito<\/h3>\n<p>Nahrbtnik Himawari 1010 je izdelan iz vodoodpornega materiala, zato zagotavlja popolno za\u0161\u010dito va\u0161e opreme in osebnih stvari tudi v nepri\u010dakovanem de\u017eju. Lahko ste prepri\u010dani, da bodo va\u0161 prenosni ra\u010dunalnik in druge dragocenosti ostali suhi in varni ne glede na vremenske razmere. Gre za prakti\u010dno re\u0161itev, ki jo bo cenil vsakdo, ki ne \u017eeli sklepati kompromisov glede kakovosti in funkcionalnosti.<\/p>\n<p>\n<img decoding=\"async\" border=\"0\" src=\"https:\/\/assets.innpro.pl\/11202\/13206\/6.jpg\" title=\"\">\n<\/p>\n<div class=\"table-wrapper\">\n<h3><\/h3>\n<table>\n<tbody>\n<tr>\n<th>Proizvajalec:<\/th>\n<td>Himawari<\/td>\n<\/tr>\n<tr>\n<th>Model<\/th>\n<td>1010<\/td>\n<\/tr>\n<tr>\n<th>Color<\/th>\n<td>siva<\/td>\n<\/tr>\n<tr>\n<th>Material<\/th>\n<td>poliester<\/td>\n<\/tr>\n<tr>\n<th>Dimenzije<\/th>\n<td>45 x 33 x 15 cm<\/td>\n<\/tr>\n<tr>\n<th>Weight<\/th>\n<td>0,75 kg<\/td>\n<\/tr>\n<tr>\n<th>Capacity<\/th>\n<td>22 L<\/td>\n<\/tr>\n<tr>\n<th>Vodotesnost<\/th>\n<td>da<\/td>\n<\/tr>\n<tr>\n<th>\u0160irina postroja<\/th>\n<td>7 cm<\/td>\n<\/tr>\n<tr>\n<th>Najmanj\u0161a dol\u017eina postroja<\/th>\n<td>45 cm<\/td>\n<\/tr>\n<tr>\n<th>Najve\u010dja dol\u017eina postroja<\/th>\n<td>85 cm<\/td>\n<\/tr>\n<tr>\n<th>\u0160tevilo komor<\/th>\n<td>2<\/td>\n<\/tr>\n<tr>\n<th>\u0160tevilo \u017eepov<\/th>\n<td>8<\/td>\n<\/tr>\n<tr>\n<th>Zdru\u017eljivi prenosni ra\u010dunalniki<\/th>\n<td>max. 38 x 28 cm<\/td>\n<\/tr>\n<tr>\n<th>Vrsta pritrditve<\/th>\n<td>zadrga<\/td>\n<\/tr>\n<tr>\n<th>Odsevniki<\/th>\n<td>brez<\/td>\n<\/tr>\n<\/tbody>\n<\/table>\n<\/div>","protected":false},"excerpt":{"rendered":"<p>Na zalogi pri zunanjem dobavitelju. Rok dostave 3-5dni.<\/p>","protected":false},"featured_media":23316,"template":"","meta":{"_monsterinsights_skip_tracking":false,"_monsterinsights_sitenote_active":false,"_monsterinsights_sitenote_note":"","_monsterinsights_sitenote_category":0},"product_brand":[],"product_cat":[64,135,255],"product_tag":[],"class_list":{"0":"post-20328","1":"product","2":"type-product","3":"status-publish","4":"has-post-thumbnail","6":"product_cat-racunalnistvo","7":"product_cat-torbe-za-prenosnike","8":"product_cat-vsi","10":"first","11":"outofstock","12":"taxable","13":"shipping-taxable","14":"purchasable","15":"product-type-simple"},"jetpack_sharing_enabled":true,"_links":{"self":[{"href":"https:\/\/kobra.si\/en\/wp-json\/wp\/v2\/product\/20328","targetHints":{"allow":["GET"]}}],"collection":[{"href":"https:\/\/kobra.si\/en\/wp-json\/wp\/v2\/product"}],"about":[{"href":"https:\/\/kobra.si\/en\/wp-json\/wp\/v2\/types\/product"}],"version-history":[{"count":1,"href":"https:\/\/kobra.si\/en\/wp-json\/wp\/v2\/product\/20328\/revisions"}],"predecessor-version":[{"id":21130,"href":"https:\/\/kobra.si\/en\/wp-json\/wp\/v2\/product\/20328\/revisions\/21130"}],"wp:featuredmedia":[{"embeddable":true,"href":"https:\/\/kobra.si\/en\/wp-json\/wp\/v2\/media\/23316"}],"wp:attachment":[{"href":"https:\/\/kobra.si\/en\/wp-json\/wp\/v2\/media?parent=20328"}],"wp:term":[{"taxonomy":"product_brand","embeddable":true,"href":"https:\/\/kobra.si\/en\/wp-json\/wp\/v2\/product_brand?post=20328"},{"taxonomy":"product_cat","embeddable":true,"href":"https:\/\/kobra.si\/en\/wp-json\/wp\/v2\/product_cat?post=20328"},{"taxonomy":"product_tag","embeddable":true,"href":"https:\/\/kobra.si\/en\/wp-json\/wp\/v2\/product_tag?post=20328"}],"curies":[{"name":"wp","href":"https:\/\/api.w.org\/{rel}","templated":true}]}}