{"id":20307,"date":"2025-01-16T08:33:04","date_gmt":"2025-01-16T07:33:04","guid":{"rendered":"https:\/\/kobra.si\/spletna-trgovina-kobra\/himawari-188l-crno-rjav-14-nahrbtnik-za-prenosni-racunalnik\/"},"modified":"2026-03-17T14:23:17","modified_gmt":"2026-03-17T13:23:17","slug":"himawari-188l-crno-rjav-14-nahrbtnik-za-prenosni-racunalnik","status":"publish","type":"product","link":"https:\/\/kobra.si\/en\/spletna-trgovina-kobra\/himawari-188l-crno-rjav-14-nahrbtnik-za-prenosni-racunalnik\/","title":{"rendered":"Himawari 188L \u010drno-rjav 14&#8221; nahrbtnik za prenosni ra\u010dunalnik"},"content":{"rendered":"<h3>Himawari 188L \u010drno-rjav 14&#8221; nahrbtnik za prenosni ra\u010dunalnik<\/h3>\n<p>Nahrbtnik za prenosni ra\u010dunalnik Himawari 188L je kombinacija elegance in priro\u010dnosti. Zaradi svoje sodobne zasnove je popoln za delo, univerzo ali vsakodnevne izlete in dodaja sve\u017e pridih. Ta nahrbtnik je bil ustvarjen za ljudi, ki cenijo slog in prakti\u010dnost v enem. Izdelan je iz vodoodpornega materiala, zato zagotavlja varnost va\u0161ih stvari ne glede na vremenske razmere. Lahka zasnova, ki tehta le 0,68 kg, zagotavlja udobno no\u0161enje ves dan.<\/p>\n<p>\n<img decoding=\"async\" border=\"0\" src=\"https:\/\/assets.innpro.pl\/11187\/13191\/1.jpg\" title=\"\">\n<\/p>\n<h3>Prostor za vse, kar potrebujete<\/h3>\n<p>Torbo Himawari 188L odlikuje velika prostornina, v katero lahko shranite vse svoje najnujnej\u0161e predmete. Nahrbtnik ima dva glavna predala in poseben \u017eep za prenosni ra\u010dunalnik do velikosti 14 palcev, zato bo va\u0161a oprema varna in dobro za\u0161\u010ditena. Opremljen je z 9 \u017eepi, ki olaj\u0161ajo organizacijo, saj vam nudijo prostor za manj\u0161e predmete, knjige, dokumente ali plastenko vode. Vse je na dosegu roke, ne da bi morali veliko iskati.<\/p>\n<p>\n<img decoding=\"async\" border=\"0\" src=\"https:\/\/assets.innpro.pl\/11187\/13191\/8.jpg\" title=\"\">\n<\/p>\n<h3>Trajnost in varnost<\/h3>\n<p>Trpe\u017ene zadrge z okrasnimi gumbi nahrbtniku dodajo zna\u010daj, hkrati pa zagotavljajo zanesljivost. Material nahrbtnika je odporen na vsakodnevno obrabo, kar zagotavlja, da vam bo nahrbtnik Himawari 188L slu\u017eil \u0161e vrsto let. Ergonomski nastavljivi naramnice omogo\u010dajo, da nahrbtnik prilagodite svojim potrebam, in zagotavljajo, da ga boste lahko udobno nosili tudi pri prena\u0161anju te\u017ejega tovora. To je nahrbtnik, ki vas bo spremljal v vseh okoli\u0161\u010dinah.<\/p>\n<p>\n<img decoding=\"async\" border=\"0\" src=\"https:\/\/assets.innpro.pl\/11187\/13191\/9.jpg\" title=\"\">\n<\/p>\n<h3>Izberite slog, ki vam ustreza<\/h3>\n<p>Himawari 188L ni le prakti\u010den pripomo\u010dek, temve\u010d tudi modni dodatek, ki bo izbolj\u0161al va\u0161 slog. Ne glede na to, ali potrebujete nahrbtnik za delo, \u0161olo ali pobege ob koncu tedna, bo ta model izpolnil vsa va\u0161a pri\u010dakovanja. Prepri\u010dajte se, kako priro\u010dno je lahko nositi vse svoje najnujnej\u0161e stvari v enem dobro zasnovanem nahrbtniku.<\/p>\n<p>\n<img decoding=\"async\" border=\"0\" src=\"https:\/\/assets.innpro.pl\/11187\/13191\/4.jpg\" title=\"\">\n<\/p>\n<div class=\"table-wrapper\">\n<h3><\/h3>\n<table>\n<tbody>\n<tr>\n<th>Proizvajalec<\/th>\n<td>Himawari<\/td>\n<\/tr>\n<tr>\n<th>Model<\/th>\n<td>188L-1<\/td>\n<\/tr>\n<tr>\n<th>Color<\/th>\n<td>\u010drno-rjava<\/td>\n<\/tr>\n<tr>\n<th>Gradbeni material<\/th>\n<td>lupina: najlon; podloga: poliester; deli nahrbtnika: cinkova zlitina; dodatki: usnje<\/td>\n<\/tr>\n<tr>\n<th>Dimenzije<\/th>\n<td>39 x 28 x 15 cm<\/td>\n<\/tr>\n<tr>\n<th>Weight<\/th>\n<td>0,68 kg<\/td>\n<\/tr>\n<tr>\n<th>Capacity<\/th>\n<td>16 L<\/td>\n<\/tr>\n<tr>\n<th>Vodotesnost<\/th>\n<td>da<\/td>\n<\/tr>\n<tr>\n<th>\u0160irina pasov<\/th>\n<td>6,5 cm<\/td>\n<\/tr>\n<tr>\n<th>Najmanj\u0161a dol\u017eina postroja<\/th>\n<td>60 cm<\/td>\n<\/tr>\n<tr>\n<th>Najve\u010dja dol\u017eina postroja<\/th>\n<td>75 cm<\/td>\n<\/tr>\n<tr>\n<th>\u0160tevilo komor<\/th>\n<td>2<\/td>\n<\/tr>\n<tr>\n<th>\u0160tevilo \u017eepov<\/th>\n<td>9<\/td>\n<\/tr>\n<tr>\n<th>Zdru\u017eljivi prenosni ra\u010dunalniki<\/th>\n<td>max. 34 x 24 cm<\/td>\n<\/tr>\n<tr>\n<th>Vrsta pritrditve<\/th>\n<td>zadrga<\/td>\n<\/tr>\n<tr>\n<th>Odsevniki<\/th>\n<td>brez<\/td>\n<\/tr>\n<\/tbody>\n<\/table>\n<\/div>","protected":false},"excerpt":{"rendered":"<p>Na zalogi pri zunanjem dobavitelju. Rok dostave 3-5dni.<\/p>","protected":false},"featured_media":23300,"template":"","meta":{"_monsterinsights_skip_tracking":false,"_monsterinsights_sitenote_active":false,"_monsterinsights_sitenote_note":"","_monsterinsights_sitenote_category":0},"product_brand":[],"product_cat":[64,135,255],"product_tag":[],"class_list":{"0":"post-20307","1":"product","2":"type-product","3":"status-publish","4":"has-post-thumbnail","6":"product_cat-racunalnistvo","7":"product_cat-torbe-za-prenosnike","8":"product_cat-vsi","10":"first","11":"outofstock","12":"taxable","13":"shipping-taxable","14":"purchasable","15":"product-type-simple"},"jetpack_sharing_enabled":true,"_links":{"self":[{"href":"https:\/\/kobra.si\/en\/wp-json\/wp\/v2\/product\/20307","targetHints":{"allow":["GET"]}}],"collection":[{"href":"https:\/\/kobra.si\/en\/wp-json\/wp\/v2\/product"}],"about":[{"href":"https:\/\/kobra.si\/en\/wp-json\/wp\/v2\/types\/product"}],"version-history":[{"count":1,"href":"https:\/\/kobra.si\/en\/wp-json\/wp\/v2\/product\/20307\/revisions"}],"predecessor-version":[{"id":21109,"href":"https:\/\/kobra.si\/en\/wp-json\/wp\/v2\/product\/20307\/revisions\/21109"}],"wp:featuredmedia":[{"embeddable":true,"href":"https:\/\/kobra.si\/en\/wp-json\/wp\/v2\/media\/23300"}],"wp:attachment":[{"href":"https:\/\/kobra.si\/en\/wp-json\/wp\/v2\/media?parent=20307"}],"wp:term":[{"taxonomy":"product_brand","embeddable":true,"href":"https:\/\/kobra.si\/en\/wp-json\/wp\/v2\/product_brand?post=20307"},{"taxonomy":"product_cat","embeddable":true,"href":"https:\/\/kobra.si\/en\/wp-json\/wp\/v2\/product_cat?post=20307"},{"taxonomy":"product_tag","embeddable":true,"href":"https:\/\/kobra.si\/en\/wp-json\/wp\/v2\/product_tag?post=20307"}],"curies":[{"name":"wp","href":"https:\/\/api.w.org\/{rel}","templated":true}]}}