{"id":20282,"date":"2025-01-15T09:17:19","date_gmt":"2025-01-15T08:17:19","guid":{"rendered":"https:\/\/kobra.si\/?post_type=product&#038;p=20282"},"modified":"2026-03-23T13:00:15","modified_gmt":"2026-03-23T12:00:15","slug":"eufy-security-baby-s340-pametna-nogavica-za-dojencka","status":"publish","type":"product","link":"https:\/\/kobra.si\/en\/spletna-trgovina-kobra\/eufy-security-baby-s340-pametna-nogavica-za-dojencka\/","title":{"rendered":"Eufy Security Baby S340 Pametna Nogavica za dojen\u010dka"},"content":{"rendered":"<h2 class=\"wp-block-heading\">Product description<\/h2>\n\n\n\n<p><strong>Spremljajte najpomembnej\u0161e stvari od kjerkoli:<\/strong><br>Bodite pomirjeni ob pogledu na vitalne organe va\u0161ega otroka, vedo\u010d, da so vedno pod nadzorom in dostopni prek va\u0161ega pametnega telefona.<\/p>\n\n\n\n<p><strong>Popolna slika dobrega po\u010dutja va\u0161ega dojen\u010dka:<\/strong><br>Ne omejujte se na spremljanje le rednih vzorcev spanja. Zajemite tudi dreme\u017ee, sr\u010dni utrip in nivoje kisika v krvi. Prejmite dnevna poro\u010dila o spanju, prilagojena ob\u010dutljivosti sledenja spanja.<\/p>\n\n\n\n<p><strong>Vedite, kdaj ste potrebni:<\/strong><br>Takoj prejmite obvestila ob joku va\u0161ega dojen\u010dka, spremembah vitalnih znakov ali odstranitvi nogavice. Prilagodite opozorila za prilagojeno star\u0161evsko izku\u0161njo.<\/p>\n\n\n\n<p><strong>Jasen pogled, tako podnevi kot pono\u010di:<\/strong><br>Ujamite ob\u010dutljive podrobnosti s kristalno jasnostjo 2K, ne glede na osvetlitev v otro\u0161ki sobi. Kamera je opremljena z neinvazivnim no\u010dnim vidom za natan\u010dno spremljanje tudi pono\u010di.<\/p>\n\n\n\n<p><strong>Optimizirano za natan\u010dne podatke in poro\u010danje:<\/strong><br>S prilagojenimi algoritmi in fresnelovo le\u010do zagotovite natan\u010dno sledenje in poro\u010dila o vzorcih spanja va\u0161ega dojen\u010dka. Preverite klju\u010dne podatke, kot sta sr\u010dni utrip in nivoji kisika v krvi v zadnjih 48 urah.<\/p>\n\n\n\n<p><strong>Udobno in enostavno za no\u0161enje od 0 do 18 mesecev:<\/strong><br>S 24-urno \u017eivljenjsko dobo baterije je Smart Sock odporna na umazanijo, pro\u017ena, mehka in pralna. Na voljo je v treh velikostih, ki rastejo skupaj z va\u0161im dojen\u010dkom.<\/p>\n\n\n\n<p>Primerna za HSA\/FSA.<\/p>\n\n\n\n<figure class=\"wp-block-image\"><img decoding=\"async\" src=\"https:\/\/m.media-amazon.com\/images\/S\/aplus-media-library-service-media\/b6819cd8-6a73-4cf4-8a94-7b1f62e390ef.__CR0,0,1464,600_PT0_SX1464_V1___.jpeg\" alt=\"\" title=\"\"><\/figure>\n\n\n\n<figure class=\"wp-block-image\"><img decoding=\"async\" src=\"https:\/\/m.media-amazon.com\/images\/S\/aplus-media-library-service-media\/63119aa0-082d-4bc9-8a7f-6ab8c4e20e04.__CR0,0,1464,600_PT0_SX1464_V1___.png\" alt=\"\" title=\"\"><\/figure>\n\n\n\n<p><strong>Popolna slika dobrega po\u010dutja va\u0161ega dojen\u010dka<\/strong><br>Spremljajte podatke o otrokovem spanju, sr\u010dnem utripu in ravni kisika v krvi v realnem \u010dasu.<\/p>\n\n\n\n<figure class=\"wp-block-image\"><img decoding=\"async\" src=\"https:\/\/m.media-amazon.com\/images\/S\/aplus-media-library-service-media\/0442cba7-472c-44ce-8fa2-d418877986db.__CR0,0,1464,600_PT0_SX1464_V1___.png\" alt=\"\" title=\"\"><\/figure>\n\n\n\n<p><strong>Optimizirano za to\u010dne podatke in poro\u010danje<\/strong><br>Zagotovite si prilagojeno sledenje in poro\u010dila o vzorcih spanja va\u0161ega dojen\u010dka z optimiziranimi algoritmi.<\/p>\n\n\n\n<figure class=\"wp-block-image\"><img decoding=\"async\" src=\"https:\/\/m.media-amazon.com\/images\/S\/aplus-media-library-service-media\/77f278b0-77ca-445e-bcf1-3798f7936878.__CR0,0,1464,600_PT0_SX1464_V1___.jpg\" alt=\"\" title=\"\"><\/figure>\n\n\n\n<p><strong>Popolna kakovost slike<\/strong><br>2K kamera je opremljena s funkcijami 330\u00b0 pomikanja, 110\u00b0 nagiba in 4\u00d7 pove\u010dave, tako da lahko vidite vsako podrobnost.<\/p>\n\n\n\n<figure class=\"wp-block-image\"><img decoding=\"async\" src=\"https:\/\/m.media-amazon.com\/images\/S\/aplus-media-library-service-media\/bebfc2f2-621b-4275-9dcb-5c3bb6477f30.__CR0,0,1464,600_PT0_SX1464_V1___.png\" alt=\"\" title=\"\"><\/figure>\n\n\n\n<p><strong>No\u010dni vid<\/strong><br>Neinvazivni infrarde\u010di no\u010dni vid vam omogo\u010da, da svojega otroka jasno vidite tudi pono\u010di.<\/p>\n\n\n\n<figure class=\"wp-block-image\"><img decoding=\"async\" src=\"https:\/\/m.media-amazon.com\/images\/S\/aplus-media-library-service-media\/97915bca-1281-4c38-8fc6-16701ce872b1.__CR0,0,1464,600_PT0_SX1464_V1___.png\" alt=\"\" title=\"\"><\/figure>\n\n\n\n<p><strong>Pametno zaznavanje joka<\/strong><br>Kamera s pametno AI tehnologijo, ki vas bo takoj obvestila, ko va\u0161 mal\u010dek joka.<\/p>\n\n\n\n<p><strong>ANKER INNOVATIONS LIMITED<\/strong><br>Georg-Muche-Strasse 3<br>80807, M\u00fcnchen, Germany<br>ankerdirect@oceanwing.com<\/p>\n\n\n\n<p>Specifikacije in vse druge informacije na tem spletnem mestu so na voljo &#8220;tak\u0161ne, kot so&#8221; brez kakr\u0161nih koli jamstev, vklju\u010dno z implicitnimi garancijami za prodajo, primernostjo za dolo\u010den namen in nekr\u0161itvijo, in se lahko spremenijo brez predhodnega obvestila.<\/p>\n\n\n\n<p>Podjetje ne jam\u010di, da bodo spletno mesto in materiali, izdelki, komunikacije, vsebine in storitve zanesljivi, neprekinjeni, brez napak, brez virusov in drugih \u0161kodljivih elementov, ali da bodo napake odpravljene. Zavedajte se, da se funkcije\/specifikacije lahko razlikujejo od dr\u017eave do dr\u017eave. Slike izdelkov, vklju\u010dno z barvo, se lahko razlikujejo od dejanskega videza izdelka.<\/p>\n\n\n\n<h3 class=\"wp-block-heading\">Logisti\u010dne informacije<\/h3>\n\n\n\n<figure class=\"wp-block-table\"><table class=\"has-fixed-layout\"><tbody><tr><th>Te\u017ea (bruto)<\/th><td>0,80 kg<\/td><\/tr><tr><th>Vi\u0161ina<\/th><td>30 cm<\/td><\/tr><tr><th>\u0160irina<\/th><td>20 cm<\/td><\/tr><tr><th>Globina<\/th><td>10 cm<\/td><\/tr><\/tbody><\/table><\/figure>\n\n\n\n<p><\/p>","protected":false},"excerpt":{"rendered":"<div class=\"col-md-8 col-sm-6\">\n<div class=\"row\">\n<div class=\"col-xs-12 col-md-9\">\n<div class=\"product-shortdesc\">\n<div class=\"col-md-8 col-sm-6\">\n<div class=\"row\">\n<div class=\"col-xs-12 col-md-9\">\n<div class=\"product-shortdesc\">\n<ul>\n<li class=\"real-short\">Spremljajte vitalne znake svojega dojen\u010dka preko pametnega telefona.<\/li>\n<li>Poro\u010dila o spanju, sr\u010dnem utripu in ravni kisika v krvi.<\/li>\n<li>Jasen pogled tudi pono\u010di. Enostavno no\u0161enje od 0 do 18 mesecev.<\/li>\n<li>Primerna za HSA\/FSA.<\/li>\n<\/ul>\n<\/div>\n<\/div>\n<\/div>\n<\/div>\n<\/div>\n<\/div>\n<\/div>\n<\/div>","protected":false},"featured_media":20289,"template":"","meta":{"_monsterinsights_skip_tracking":false,"_monsterinsights_sitenote_active":false,"_monsterinsights_sitenote_note":"","_monsterinsights_sitenote_category":0},"product_brand":[],"product_cat":[121,56,255],"product_tag":[161],"class_list":{"0":"post-20282","1":"product","2":"type-product","3":"status-publish","4":"has-post-thumbnail","6":"product_cat-eufy-nadzorne-kamere","7":"product_cat-nadzorne-kamere","8":"product_cat-vsi","9":"product_tag-eufy","11":"first","12":"instock","13":"taxable","14":"shipping-taxable","15":"purchasable","16":"product-type-simple"},"jetpack_sharing_enabled":true,"_links":{"self":[{"href":"https:\/\/kobra.si\/en\/wp-json\/wp\/v2\/product\/20282","targetHints":{"allow":["GET"]}}],"collection":[{"href":"https:\/\/kobra.si\/en\/wp-json\/wp\/v2\/product"}],"about":[{"href":"https:\/\/kobra.si\/en\/wp-json\/wp\/v2\/types\/product"}],"version-history":[{"count":4,"href":"https:\/\/kobra.si\/en\/wp-json\/wp\/v2\/product\/20282\/revisions"}],"predecessor-version":[{"id":20293,"href":"https:\/\/kobra.si\/en\/wp-json\/wp\/v2\/product\/20282\/revisions\/20293"}],"wp:featuredmedia":[{"embeddable":true,"href":"https:\/\/kobra.si\/en\/wp-json\/wp\/v2\/media\/20289"}],"wp:attachment":[{"href":"https:\/\/kobra.si\/en\/wp-json\/wp\/v2\/media?parent=20282"}],"wp:term":[{"taxonomy":"product_brand","embeddable":true,"href":"https:\/\/kobra.si\/en\/wp-json\/wp\/v2\/product_brand?post=20282"},{"taxonomy":"product_cat","embeddable":true,"href":"https:\/\/kobra.si\/en\/wp-json\/wp\/v2\/product_cat?post=20282"},{"taxonomy":"product_tag","embeddable":true,"href":"https:\/\/kobra.si\/en\/wp-json\/wp\/v2\/product_tag?post=20282"}],"curies":[{"name":"wp","href":"https:\/\/api.w.org\/{rel}","templated":true}]}}