{"id":20226,"date":"2025-01-10T14:37:03","date_gmt":"2025-01-10T13:37:03","guid":{"rendered":"https:\/\/kobra.si\/spletna-trgovina-kobra\/powerbank-romoss-wms10-10000mah-20w-vijolicna\/"},"modified":"2026-04-08T21:00:14","modified_gmt":"2026-04-08T19:00:14","slug":"powerbank-romoss-wms10-10000mah-20w-vijolicna","status":"publish","type":"product","link":"https:\/\/kobra.si\/en\/spletna-trgovina-kobra\/powerbank-romoss-wms10-10000mah-20w-vijolicna\/","title":{"rendered":"Powerbank Romoss WMS10 10000mAh 20W (vijoli\u010dna)"},"content":{"rendered":"<h3>Powerbank Romoss WMS10 10000mAh 20W (vijoli\u010dna).<\/h3>\n<p>Powerbank Romoss WMS10 je popolna kombinacija zmogljivosti, hitrosti polnjenja, varnosti in sloga. Zaradi svoje vsestranskosti in zanesljivosti je nepogre\u0161ljiv pripomo\u010dek za vse, ki cenijo stalen dostop do energije. Izberite Romoss WMS10 in u\u017eivajte v neprekinjenem delovanju svojih naprav v vseh razmerah!<\/p>\n<p>\n<img decoding=\"async\" border=\"0\" src=\"https:\/\/assets.innpro.pl\/10519\/12362\/2.jpg\" title=\"\">\n<\/p>\n<h3>Neprekosljiva zmogljivost in zmogljivost<\/h3>\n<p>Napajalnik Romoss WMS10 je izjemna naprava z impresivno zmogljivostjo 10000 mAh, ki zagotavlja energijo za ve\u010d dni, kar je izjemno uporabno v vseh razmerah. S to zmogljivostjo lahko svoj iPhone 14 Pro napolnite 2,1-krat, Samsung Galaxy S23 1,7-krat, iPhone 13 2,1-krat in Xiaomi 11 Pro 1,7-krat. To je idealno za ljudi, ki pogosto potujejo ali veliko uporabljajo svoje mobilne naprave ter jim je pomemben \u010das in natan\u010dnost. Poleg tega powerbank omogo\u010da polnjenje dveh naprav hkrati, s \u010dimer prihranite \u010das.<\/p>\n<p>\n<img decoding=\"async\" border=\"0\" src=\"https:\/\/assets.innpro.pl\/10519\/12362\/1.jpg\" title=\"\">\n<\/p>\n<h3>Hitro polnjenje<\/h3>\n<p>Powerbank navdu\u0161uje s \u0161tirimi na\u010dini polnjenja &#8211; 15W brez\u017ei\u010dno polnjenje vam omogo\u010da udobno in hitro polnjenje, ne glede na to, kje ste. Z 20W \u017ei\u010dnim polnjenjem lahko iPhone 14 Pro napolnite do 57 % v samo 30 minutah. Prenosno polnjenje zahvaljujo\u010d vgrajenemu kablu omogo\u010da udoben polo\u017eaj prijema med polnjenjem, medtem ko je polnjenje z nizkim tokom idealno za obnavljanje energije naprav, kot so brez\u017ei\u010dne slu\u0161alke in pametne ure. Napajalnik Romoss bo izpolnil vsa va\u0161a pri\u010dakovanja!<\/p>\n<p>\n<img decoding=\"async\" border=\"0\" src=\"https:\/\/assets.innpro.pl\/10519\/12362\/3.jpg\" title=\"\">\n<\/p>\n<h3>Varnost na prvem mestu<\/h3>\n<p>Powerbank Romoss WMS10 je opremljen z naprednimi varnostnimi tehnologijami, kot sta senzor NTC in pametni \u010dip, ki spremljata temperaturo in zagotavljata dvojno za\u0161\u010dito pred kratkimi stiki in pregrevanjem. Poleg tega 10 naprednih varnostnih funkcij \u0161\u010diti pred prenapetostjo, prekomernim polnjenjem in drugimi nevarnostmi, kar zagotavlja varno vsakodnevno uporabo. Poleg tega je Romossova powerbank zdru\u017eljiva z ohi\u0161jem Magsafe za pametne telefone iPhone serije 12\/13\/14, kar vam zagotavlja \u0161e ve\u010djo varnost in stabilnost.<\/p>\n<p>\n<img decoding=\"async\" border=\"0\" src=\"https:\/\/assets.innpro.pl\/10519\/12362\/6.jpg\" title=\"\">\n<\/p>\n<h3>Vsestranska zdru\u017eljivost in priro\u010dnost<\/h3>\n<p>Zaradi pametne prilagoditve polnilnega toka in vgrajenega vsestranskega kabla je Romoss WMS10 zdru\u017eljiv s \u0161tevilnimi napravami &#8211; tudi z napravami blagovne znamke Apple (kabel Lightning) in napravami Android (USB-C). Poleg tega vgrajeni kabel omogo\u010da, da se powerbank polni sam. Ne glede na to, ali imate raje brez\u017ei\u010dno ali magnetno polnjenje, bo ta powerbank izpolnil va\u0161e potrebe.<\/p>\n<p>\n<img decoding=\"async\" border=\"0\" src=\"https:\/\/assets.innpro.pl\/10519\/12362\/4.jpg\" title=\"\">\n<\/p>\n<h3>Elegantna zasnova in mo\u010dan magnet<\/h3>\n<p>Romoss WMS10 je bil zasnovan z mislijo na mobilnost. Zaradi svoje kompaktne velikosti in majhne te\u017ee jo zlahka spravite v torbo, nahrbtnik ali kov\u010dek. Elegantna, minimalisti\u010dna zasnova ji daje sodoben videz, ki se dobro ujema s katerim koli slogom. Poleg tega lahko njegovi 14N magneti prenesejo do 1,3 kg te\u017ee, kar pomeni, da je va\u0161 pametni telefon popolnoma za\u0161\u010diten, povezava med njim in powerbankom pa je neprekinjena. Za \u0161e ve\u010dje udobje je powerbank opremljen s priro\u010dnim zapestnim trakom za la\u017eje prena\u0161anje in dodaten slog.<\/p>\n<p>\n<img decoding=\"async\" border=\"0\" src=\"https:\/\/assets.innpro.pl\/10519\/12362\/7.jpg\" title=\"\">\n<\/p>\n<h3>Vklju\u010deno:<\/h3>\n<ul class=\"list-disc pl-5\">\n<li>Powerbank<\/li>\n<li>polnilni kabel<\/li>\n<li>uporabni\u0161ki priro\u010dnik<\/li>\n<\/ul>\n<div class=\"table-wrapper\">\n<h3><\/h3>\n<table>\n<tbody>\n<tr>\n<th>Proizvajalec:<\/th>\n<td>Romoss<\/td>\n<\/tr>\n<tr>\n<th>Model<\/th>\n<td>WMS10<\/td>\n<\/tr>\n<tr>\n<th>Baterija<\/th>\n<td>litij-ionska<\/td>\n<\/tr>\n<tr>\n<th>Kapaciteta baterije<\/th>\n<td>10000 mAh<\/td>\n<\/tr>\n<tr>\n<th>Nazivna zmogljivost<\/th>\n<td>6000 mAh<\/td>\n<\/tr>\n<tr>\n<th>Vhodna mo\u010d<\/th>\n<td>5V-2A, 9V-2A (Lightning1) 5V-3A, 9V-2A (Lightning) 5V-3A, 9V-2A (Type-C)<\/td>\n<\/tr>\n<tr>\n<th>Izhodna mo\u010d<\/th>\n<td>5V-3A, 9V-2,22A,12V-1,67A (Lightning1 )5Vm-3A, 9V-2,22A, 12V-1,67A(Type-C) 15W (brez\u017ei\u010dno polnjenje)<\/td>\n<\/tr>\n<tr>\n<th>Skupna izhodna mo\u010d<\/th>\n<td>15W<\/td>\n<\/tr>\n<tr>\n<th>Dimenzije<\/th>\n<td>104 x 67 x 20,5 mm<\/td>\n<\/tr>\n<tr>\n<th>Weight<\/th>\n<td>225g<\/td>\n<\/tr>\n<tr>\n<th>Color<\/th>\n<td>philoet<\/td>\n<\/tr>\n<\/tbody>\n<\/table>\n<\/div>","protected":false},"excerpt":{"rendered":"<p>Na zalogi pri zunanjem dobavitelju. Rok dobave 3-7 delovnih dni.<\/p>","protected":false},"featured_media":23372,"template":"","meta":{"_monsterinsights_skip_tracking":false,"_monsterinsights_sitenote_active":false,"_monsterinsights_sitenote_note":"","_monsterinsights_sitenote_category":0},"product_brand":[],"product_cat":[61,100,255],"product_tag":[],"class_list":{"0":"post-20226","1":"product","2":"type-product","3":"status-publish","4":"has-post-thumbnail","6":"product_cat-dodatki","7":"product_cat-power-bank","8":"product_cat-vsi","10":"first","11":"outofstock","12":"taxable","13":"shipping-taxable","14":"purchasable","15":"product-type-simple"},"jetpack_sharing_enabled":true,"_links":{"self":[{"href":"https:\/\/kobra.si\/en\/wp-json\/wp\/v2\/product\/20226","targetHints":{"allow":["GET"]}}],"collection":[{"href":"https:\/\/kobra.si\/en\/wp-json\/wp\/v2\/product"}],"about":[{"href":"https:\/\/kobra.si\/en\/wp-json\/wp\/v2\/types\/product"}],"version-history":[{"count":2,"href":"https:\/\/kobra.si\/en\/wp-json\/wp\/v2\/product\/20226\/revisions"}],"predecessor-version":[{"id":31834,"href":"https:\/\/kobra.si\/en\/wp-json\/wp\/v2\/product\/20226\/revisions\/31834"}],"wp:featuredmedia":[{"embeddable":true,"href":"https:\/\/kobra.si\/en\/wp-json\/wp\/v2\/media\/23372"}],"wp:attachment":[{"href":"https:\/\/kobra.si\/en\/wp-json\/wp\/v2\/media?parent=20226"}],"wp:term":[{"taxonomy":"product_brand","embeddable":true,"href":"https:\/\/kobra.si\/en\/wp-json\/wp\/v2\/product_brand?post=20226"},{"taxonomy":"product_cat","embeddable":true,"href":"https:\/\/kobra.si\/en\/wp-json\/wp\/v2\/product_cat?post=20226"},{"taxonomy":"product_tag","embeddable":true,"href":"https:\/\/kobra.si\/en\/wp-json\/wp\/v2\/product_tag?post=20226"}],"curies":[{"name":"wp","href":"https:\/\/api.w.org\/{rel}","templated":true}]}}