{"id":19311,"date":"2025-01-07T14:10:19","date_gmt":"2025-01-07T13:10:19","guid":{"rendered":"https:\/\/kobra.si\/spletna-trgovina-kobra\/keychron-k5-max-qmk-via-nizkoprofilna-brezzicna-mehanska-tipkovnica-bela-osvetlitev-rjava-tipka\/"},"modified":"2026-01-07T14:39:39","modified_gmt":"2026-01-07T13:39:39","slug":"keychron-k5-max-qmk-via-nizkoprofilna-brezzicna-mehanska-tipkovnica-bela-osvetlitev-rjava-tipka","status":"publish","type":"product","link":"https:\/\/kobra.si\/en\/spletna-trgovina-kobra\/keychron-k5-max-qmk-via-nizkoprofilna-brezzicna-mehanska-tipkovnica-bela-osvetlitev-rjava-tipka\/","title":{"rendered":"Keychron K5 Max QMK\/VIA nizkoprofilna brez\u017ei\u010dna mehanska tipkovnica Bela osvetlitev Rjava tipka"},"content":{"rendered":"<h3>Keychron K5 Max QMK\/VIA nizkoprofilna brez\u017ei\u010dna mehanska tipkovnica Bela osvetlitev Rjava tipka<\/h3>\n<p>Keychron K5 Max je izjemno tanka mehanska tipkovnica, ki zdru\u017euje klasi\u010dno obliko in napredno tehnologijo. Z nizkoprofilnimi stikali Gateron, aluminijastim okvirjem in elegantno belo osvetlitvijo ponuja popolno kombinacijo udobja in funkcionalnosti. Zmogljiv procesor zagotavlja njeno zanesljivo delovanje, programska oprema QMK pa vam omogo\u010da ustvarjanje makrov, bli\u017enjic na tipkovnici in \u0161e ve\u010d. Tipkovnico lahko pove\u017eete na razli\u010dne na\u010dine &#8211; v frekven\u010dnem pasu 2,4 GHz, prek povezave Bluetooth 5.1 in \u017ei\u010dno.<\/p>\n<p>\n<img decoding=\"async\" border=\"0\" src=\"https:\/\/assets.innpro.pl\/11683\/13817\/1.jpg\" title=\"\">\n<\/p>\n<h3>Nizkoprofilna stikala Gateron<\/h3>\n<p>Tipkovnica je opremljena z nizkoprofilnimi stikali Gateron Brown, ki zagotavljajo popolno ravnovesje med gladkostjo in otipno odpornostjo. Zaradi svoje natan\u010dne zasnove so 31 % tanj\u0161i od standardnih mehanskih stikal, kar pomeni izjemno udobje. Zagotavljajo tudi zelo hiter odziv. Zaradi vsega tega se izka\u017eejo tako pri delu kot med igranjem iger!<\/p>\n<p>\n<img decoding=\"async\" border=\"0\" src=\"https:\/\/assets.innpro.pl\/11683\/13817\/2.jpg\" title=\"\">\n<\/p>\n<h3>Vsestranska povezljivost z Bluetooth 5.1 in 2,4 GHz<\/h3>\n<p>Keychron K5 Max podpira dva na\u010dina brez\u017ei\u010dne povezave: 2,4 GHz in Bluetooth 5.1. V na\u010dinu 2,4 GHz tipkovnica ponuja frekvenco anketiranja 1 000 Hz za bliskovit odziv &#8211; kot nala\u0161\u010d za igre in delo, ki zahteva natan\u010dnost. Bluetooth 5.1 pa omogo\u010da, da se tipkovnica hkrati pove\u017ee s tremi napravami in u\u010dinkovito preklaplja med njimi.<\/p>\n<p>\n<img decoding=\"async\" border=\"0\" src=\"https:\/\/assets.innpro.pl\/11683\/13817\/3.jpg\" title=\"\">\n<\/p>\n<h3>Elegantna, ergonomska zasnova<\/h3>\n<p>Tipkovnico odlikuje ergonomska zasnova in ponuja 3-stopenjsko nastavitev kota, ki prepre\u010duje utrujenost zapestja in zagotavlja sanjsko udobje tudi med dolgotrajnim delom ali igranjem iger. Uporaba pene IXPE in blazinic za tipke iz lateksa izbolj\u0161a stabilnost in odzivnost vsakega klika, hkrati pa je naprava izjemno tiha. Poleg tega je K5 Max med najtanj\u0161imi mehanskimi tipkovnicami na trgu.<\/p>\n<p>\n<img decoding=\"async\" border=\"0\" src=\"https:\/\/assets.innpro.pl\/11683\/13817\/4.jpg\" title=\"\">\n<\/p>\n<h3>Prilagajanje s QMK in zaganjalnikom Keychron<\/h3>\n<p>K5 Max podpira napredno programsko opremo QMK, ki uporabnikom omogo\u010da prosto dodeljevanje funkcij tipkam, programiranje makrov in prilagajanje postavitve tipkovnice. Z aplikacijo Keychron Launcher, ki temelji na brskalniku, lahko nastavitve spreminjate od koder koli, brez name\u0161\u010danja dodatne programske opreme.<\/p>\n<p>\n<img decoding=\"async\" border=\"0\" src=\"https:\/\/assets.innpro.pl\/11683\/13817\/5.jpg\" title=\"\">\n<\/p>\n<h3>Elegantna bela osvetlitev<\/h3>\n<p>K5 Max ponuja do 14 u\u010dinkov bele osvetlitve, zato lahko njen videz prilagodite svojim \u017eeljam. Elegantna svetla svetloba odli\u010dno poudari tanko zasnovo tipkovnice in vam omogo\u010da udobno uporabo tako podnevi kot tudi po temi.<\/p>\n<p>\n<img decoding=\"async\" border=\"0\" src=\"https:\/\/assets.innpro.pl\/11683\/13817\/6.jpg\" title=\"\">\n<\/p>\n<h3>Prefinjena v vsaki podrobnosti<\/h3>\n<p>Srce tipkovnice je zmogljiv procesor ARM z 256 KB pomnilnika Flash. Zaradi njega lahko u\u017eivate v zanesljivem delovanju in nizki zakasnitvi, kar je pomembno predvsem pri dinami\u010dnih igrah. Poleg tega nizkoprofilne tipke PBT odlikujeta visoka vzdr\u017eljivost in odpornost na ma\u0161\u010dobe &#8211; dolgo vam bodo dobro slu\u017eile. Tipkovnica je opremljena tudi s preoblikovanimi stabilizatorji, ki odpravljajo nihanje ve\u010djih tipk, kot so presledek, backspace in enter.<\/p>\n<p>\n<img decoding=\"async\" border=\"0\" src=\"https:\/\/assets.innpro.pl\/11683\/13817\/7.jpg\" title=\"\">\n<\/p>\n<h3>\u0160iroka zdru\u017eljivost<\/h3>\n<p>Tipkovnica je zdru\u017eljiva z ve\u010dino priljubljenih operacijskih sistemov, kot so Windows, macOS in Linux. Zato se dobro obnese v skoraj vseh razmerah! Shranite lahko tudi dve razli\u010dni preslikavi tipk &#8211; lo\u010deno za Windows in macOS. Prilo\u017eene so tudi dodatne tipkovnice, s katerimi lahko napravo prilagodite \u017eeleni postavitvi.<\/p>\n<p>\n<img decoding=\"async\" border=\"0\" src=\"https:\/\/assets.innpro.pl\/11683\/13817\/8.jpg\" title=\"\">\n<\/p>\n<h3>Vklju\u010dene<\/h3>\n<ul class=\"list-disc pl-5\">\n<li>Tipkovnica<\/li>\n<li>Kabel USB-A z USB-C<\/li>\n<li>Adapter za sprejemnik<\/li>\n<li>2,4 GHz sprejemnik USB-A<\/li>\n<li>Snemalnik za pokrov\u010dke tipk<\/li>\n<\/ul>\n<div class=\"table-wrapper\">\n<h3><\/h3>\n<table>\n<tbody>\n<tr>\n<th>Proizvajalec<\/th>\n<td>Keychron<\/td>\n<\/tr>\n<tr>\n<th>Model<\/th>\n<td>K5 Max<\/td>\n<\/tr>\n<tr>\n<th>Vrsta tipkovnice<\/th>\n<td>Mehanska<\/td>\n<\/tr>\n<tr>\n<th>Razporeditev tipkovnice<\/th>\n<td>100%<\/td>\n<\/tr>\n<tr>\n<th>\u0160tevilo tipk<\/th>\n<td>108<\/td>\n<\/tr>\n<tr>\n<th>\u0160tevilo ve\u010dpredstavnostnih tipk<\/th>\n<td>12<\/td>\n<\/tr>\n<tr>\n<th>Povezava<\/th>\n<td>Bluetooth \/ 2,4 GHz \/ \u017ei\u010dna povezava<\/td>\n<\/tr>\n<tr>\n<th>Stikala<\/th>\n<td>Nizkoprofilna stikala Gateron Brown<\/td>\n<\/tr>\n<tr>\n<th>Osvetlitev ozadja<\/th>\n<td>Bela (14 u\u010dinkov)<\/td>\n<\/tr>\n<tr>\n<th>Material okvirja<\/th>\n<td>Aluminij + ABS<\/td>\n<\/tr>\n<tr>\n<th>Tipke<\/th>\n<td>Dvojni izstrelek PBT, nizek profil<\/td>\n<\/tr>\n<tr>\n<th>Postavitev<\/th>\n<td>ANSI<\/td>\n<\/tr>\n<tr>\n<th>Hitrost spra\u0161evanja<\/th>\n<td>1000 Hz (2,4 GHz in \u017ei\u010dni na\u010din) \/ 90 Hz (Bluetooth)<\/td>\n<\/tr>\n<tr>\n<th>Prevra\u010danje tipk N (NKRO)<\/th>\n<td>Da, v brez\u017ei\u010dnem in \u017ei\u010dnem na\u010dinu<\/td>\n<\/tr>\n<tr>\n<th>Kapaciteta baterije<\/th>\n<td>2000 mAh<\/td>\n<\/tr>\n<tr>\n<th>Vrsta baterije<\/th>\n<td>Li-po<\/td>\n<\/tr>\n<tr>\n<th>Delovni \u010das (izklopljena osvetlitev ozadja)<\/th>\n<td>Pribli\u017eno 95 ur<\/td>\n<\/tr>\n<tr>\n<th>Razli\u010dica Bluetooth<\/th>\n<td>5.1<\/td>\n<\/tr>\n<tr>\n<th>Ime naprave Bluetooth<\/th>\n<td>Keychron K5 Max<\/td>\n<\/tr>\n<tr>\n<th>Dimenzije<\/th>\n<td>424 mm x 119 mm<\/td>\n<\/tr>\n<tr>\n<th>Vi\u0161ina spredaj<\/th>\n<td>18,2 mm (s tipkami)<\/td>\n<\/tr>\n<tr>\n<th>Vi\u0161ina zadaj<\/th>\n<td>23,5 mm (s tipkami)<\/td>\n<\/tr>\n<tr>\n<th>Kot<\/th>\n<td>3,37\u00ba \/ 4,36\u00ba \/ 6,56\u00ba<\/td>\n<\/tr>\n<tr>\n<th>Weight<\/th>\n<td>720 g<\/td>\n<\/tr>\n<tr>\n<th>Zdru\u017eljivost<\/th>\n<td>Windows \/ macOS \/ Linux<\/td>\n<\/tr>\n<tr>\n<th>MCU<\/th>\n<td>ARM Cortex-M4 32-bitni STM32F402 (256 KB Flash)<\/td>\n<\/tr>\n<tr>\n<th>Working temperature<\/th>\n<td>Od -10 \u00b0C do 50 \u00b0C<\/td>\n<\/tr>\n<\/tbody>\n<\/table>\n<\/div>","protected":false},"excerpt":{"rendered":"<p>Na zalogi pri zunanjem dobavitelju. Rok dostave 3-5dni.<\/p>","protected":false},"featured_media":23409,"template":"","meta":{"_monsterinsights_skip_tracking":false,"_monsterinsights_sitenote_active":false,"_monsterinsights_sitenote_note":"","_monsterinsights_sitenote_category":0},"product_brand":[],"product_cat":[64,130,255],"product_tag":[],"class_list":{"0":"post-19311","1":"product","2":"type-product","3":"status-publish","4":"has-post-thumbnail","6":"product_cat-racunalnistvo","7":"product_cat-tipkovnice-in-miske","8":"product_cat-vsi","10":"first","11":"instock","12":"taxable","13":"shipping-taxable","14":"purchasable","15":"product-type-simple"},"jetpack_sharing_enabled":true,"_links":{"self":[{"href":"https:\/\/kobra.si\/en\/wp-json\/wp\/v2\/product\/19311","targetHints":{"allow":["GET"]}}],"collection":[{"href":"https:\/\/kobra.si\/en\/wp-json\/wp\/v2\/product"}],"about":[{"href":"https:\/\/kobra.si\/en\/wp-json\/wp\/v2\/types\/product"}],"version-history":[{"count":2,"href":"https:\/\/kobra.si\/en\/wp-json\/wp\/v2\/product\/19311\/revisions"}],"predecessor-version":[{"id":21236,"href":"https:\/\/kobra.si\/en\/wp-json\/wp\/v2\/product\/19311\/revisions\/21236"}],"wp:featuredmedia":[{"embeddable":true,"href":"https:\/\/kobra.si\/en\/wp-json\/wp\/v2\/media\/23409"}],"wp:attachment":[{"href":"https:\/\/kobra.si\/en\/wp-json\/wp\/v2\/media?parent=19311"}],"wp:term":[{"taxonomy":"product_brand","embeddable":true,"href":"https:\/\/kobra.si\/en\/wp-json\/wp\/v2\/product_brand?post=19311"},{"taxonomy":"product_cat","embeddable":true,"href":"https:\/\/kobra.si\/en\/wp-json\/wp\/v2\/product_cat?post=19311"},{"taxonomy":"product_tag","embeddable":true,"href":"https:\/\/kobra.si\/en\/wp-json\/wp\/v2\/product_tag?post=19311"}],"curies":[{"name":"wp","href":"https:\/\/api.w.org\/{rel}","templated":true}]}}