{"id":19263,"date":"2025-01-07T09:25:42","date_gmt":"2025-01-07T08:25:42","guid":{"rendered":"https:\/\/kobra.si\/?post_type=product&#038;p=19263"},"modified":"2026-02-12T12:19:09","modified_gmt":"2026-02-12T11:19:09","slug":"zascitna-folija-za-mobilne-telefone","status":"publish","type":"product","link":"https:\/\/kobra.si\/en\/spletna-trgovina-kobra\/zascitna-folija-za-mobilne-telefone\/","title":{"rendered":"Za\u0161\u010ditna folija za mobilne telefone HYDROGEL"},"content":{"rendered":"","protected":false},"excerpt":{"rendered":"<p>S kakovostno za\u0161\u010ditno folijo bo zaslon va\u0161ega telefona za\u0161\u010diten pred praskami in prstnimi odtisi. Posebnost za\u0161\u010ditne folije je, da deluje antistati\u010dno, odbija svetlobo in ne zmanj\u0161uje ob\u010dutljivosti zaslona.<\/p>\n<p>Available in two versions: transparent and matte. *Fingerprint-free and anti-reflective surface is provided by the matte version.<\/p>\n<p>The package contains:<\/p>\n<ul>\n<li>protective film in transparent or matte version<\/li>\n<li>foil installation set (wet cleaning cloth, dry cleaning cloth, polishing cloth)<\/li>\n<\/ul>\n<p>If you decide to have the film installed by us, let us know in the order notes and we will agree on an installation date.<\/p>\n<p><a href=\"https:\/\/youtube.com\/shorts\/HCU_8z0J9L4?si=36aKMF-dHKwWRWg_\">You can see the installation of the film here<\/a>.<\/p>\n<p>&nbsp;<\/p>","protected":false},"featured_media":19291,"template":"","meta":{"_monsterinsights_skip_tracking":false,"_monsterinsights_sitenote_active":false,"_monsterinsights_sitenote_note":"","_monsterinsights_sitenote_category":0},"product_brand":[],"product_cat":[61,255,68],"product_tag":[],"class_list":{"0":"post-19263","1":"product","2":"type-product","3":"status-publish","4":"has-post-thumbnail","6":"product_cat-dodatki","7":"product_cat-vsi","8":"product_cat-zascitne-folije","10":"first","11":"instock","12":"taxable","13":"shipping-taxable","14":"purchasable","15":"product-type-variable"},"jetpack_sharing_enabled":true,"_links":{"self":[{"href":"https:\/\/kobra.si\/en\/wp-json\/wp\/v2\/product\/19263","targetHints":{"allow":["GET"]}}],"collection":[{"href":"https:\/\/kobra.si\/en\/wp-json\/wp\/v2\/product"}],"about":[{"href":"https:\/\/kobra.si\/en\/wp-json\/wp\/v2\/types\/product"}],"version-history":[{"count":3,"href":"https:\/\/kobra.si\/en\/wp-json\/wp\/v2\/product\/19263\/revisions"}],"predecessor-version":[{"id":20187,"href":"https:\/\/kobra.si\/en\/wp-json\/wp\/v2\/product\/19263\/revisions\/20187"}],"wp:featuredmedia":[{"embeddable":true,"href":"https:\/\/kobra.si\/en\/wp-json\/wp\/v2\/media\/19291"}],"wp:attachment":[{"href":"https:\/\/kobra.si\/en\/wp-json\/wp\/v2\/media?parent=19263"}],"wp:term":[{"taxonomy":"product_brand","embeddable":true,"href":"https:\/\/kobra.si\/en\/wp-json\/wp\/v2\/product_brand?post=19263"},{"taxonomy":"product_cat","embeddable":true,"href":"https:\/\/kobra.si\/en\/wp-json\/wp\/v2\/product_cat?post=19263"},{"taxonomy":"product_tag","embeddable":true,"href":"https:\/\/kobra.si\/en\/wp-json\/wp\/v2\/product_tag?post=19263"}],"curies":[{"name":"wp","href":"https:\/\/api.w.org\/{rel}","templated":true}]}}