{"id":18261,"date":"2024-12-30T10:04:49","date_gmt":"2024-12-30T09:04:49","guid":{"rendered":"https:\/\/kobra.si\/spletna-trgovina-kobra\/brezkontaktni-laserski-termometer-habotest-ht650b\/"},"modified":"2026-01-08T20:45:12","modified_gmt":"2026-01-08T19:45:12","slug":"brezkontaktni-laserski-termometer-habotest-ht650b","status":"publish","type":"product","link":"https:\/\/kobra.si\/en\/spletna-trgovina-kobra\/brezkontaktni-laserski-termometer-habotest-ht650b\/","title":{"rendered":"Brezkontaktni laserski termometer Habotest HT650B"},"content":{"rendered":"<h3>Infrarde\u010di termometer Habotest HT650B<\/h3>\n<p>Brezkontaktni infrarde\u010di termometer HT650B omogo\u010da natan\u010dno in hitro merjenje &#8211; rezultate boste dobili v manj kot 0,5 sekunde. Enostaven za uporabo in priro\u010den &#8211; uporaba vam ne bo povzro\u010dala te\u017eav. Naprava je opremljena z alarmom za mejno temperaturo in barvnim zaslonom LCD. Izkazal se bo pri \u0161tevilnih uporabah. Za napajanje je treba uporabiti 2 bateriji AAA 1,5 V.<\/p>\n<p><img decoding=\"async\" src=\"https:\/\/b2b.innpro.pl\/data\/include\/cms\/Edyta\/habotest\/HT650B\/HT650_12.jpg\" title=\"\"><\/p>\n<h3>Hitro in natan\u010dno merjenje<\/h3>\n<p>Infrarde\u010di termometer HT650B omogo\u010da brezkontaktne meritve med -50 \u00b0C in 550 \u00b0C ali -58 \u00b0F in 1022 \u00b0F. Njegovo upravljanje je izjemno preprosto &#8211; preprosto ga usmerite v izbrani predmet in pritisnite gumb. 12 merilnih to\u010dk zagotavlja visoko natan\u010dnost.<\/p>\n<p><img decoding=\"async\" src=\"https:\/\/b2b.innpro.pl\/data\/include\/cms\/Edyta\/habotest\/HT650B\/HT650_12-3.jpg\" title=\"\"><\/p>\n<h3>Barvni zaslon &#8211; priro\u010den dostop do informacij<\/h3>\n<p>Vgrajen zaslon LCD omogo\u010da enostavno uporabo termometra. Na njem boste na\u0161li najpomembnej\u0161e informacije. Med drugim lahko preberete rezultate meritev, stanje baterije in najvi\u0161je vrednosti. Jasen in barvit &#8211; zaradi tega je HT650B \u0161e bolj prakti\u010den.<\/p>\n<p><img decoding=\"async\" src=\"https:\/\/b2b.innpro.pl\/data\/include\/cms\/04Habotest\/HT650B\/HT650_10.jpg\" title=\"\"><\/p>\n<h3>\u0160tevilne mo\u017enosti uporabe<\/h3>\n<p>Zaradi \u0161irokega temperaturnega obmo\u010dja lahko napravo uporabljate v \u0161tevilnih aplikacijah. Z njeno pomo\u010djo lahko preverite, kako vro\u010di ali hladni so tudi najrazli\u010dnej\u0161i predmeti. Ohi\u0161je procesorja? Voda v \u010dajniku? Ali morda vre\u010da ledu? Z napravo HT650B boste dobili natan\u010dne rezultate v vsakem primeru.<\/p>\n<p><img decoding=\"async\" src=\"https:\/\/b2b.innpro.pl\/data\/include\/cms\/Edyta\/habotest\/HT650B\/HT650_12-2.jpg\" title=\"\"><\/p>\n<h3>\u0160e ve\u010d udobja<\/h3>\n<p>S tem se prednosti infrarde\u010dega termometra Habotest ne kon\u010dajo. Naprava je opremljena z majhnim indikatorjem LED, ki se ob prekora\u010ditvi mejne temperature pri\u017ege rde\u010de. HT650B ima tudi priro\u010dne gumbe, ki omogo\u010dajo dostop do spreminjanja nastavitev, na\u010dinov ali osvetlitve. Je lahek in priro\u010den &#8211; uporabljate ga lahko brez najmanj\u0161ega napora.<\/p>\n<p><img decoding=\"async\" src=\"https:\/\/b2b.innpro.pl\/data\/include\/cms\/04Habotest\/HT650B\/HT650_12-1.jpg\" title=\"\"><\/p>\n<div class=\"table-wrapper\">\n<table>\n<tbody>\n<tr>\n<td><strong><span>Funkcije<\/span><\/strong><\/td>\n<td><strong>HT650A<\/strong><\/td>\n<td><strong>HT650B<\/strong><\/td>\n<\/tr>\n<tr>\n<th>Temperatura IRT<\/th>\n<td>\n<p><strong><span>-30\u00b0C ~ 380\u00b0C (-22\u00b0F ~ 716\u00b0F)<\/span><\/strong><\/p>\n<\/td>\n<td>\n<p><strong><span>-30\u00b0C ~ 550\u00b0C (-22\u00b0F ~ 1022\u00b0F)<\/span><\/strong><\/p>\n<\/td>\n<\/tr>\n<tr>\n<th>Zaslon zaslona<\/th>\n<td>\n<p>barvni zaslon<\/p>\n<\/td>\n<td>\n<p><span>barvni zaslon<\/span><\/p>\n<\/td>\n<\/tr>\n<tr>\n<th>Laser<\/th>\n<td>\n<p>&lt;1m W (630 nm ~ 650 nm),<\/p>\n<p>12-to\u010dkovna indikacija kro\u017enega merilnega obmo\u010dja <\/p>\n<\/td>\n<td>\n<p>&lt;1m W (630nm~650nm),<\/p>\n<p><span>12-to\u010dkovna indikacija kro\u017enega merilnega obmo\u010dja<\/span><\/p>\n<\/td>\n<\/tr>\n<tr>\n<th>D:S<\/th>\n<td>\n<p>12:1<\/p>\n<\/td>\n<td>\n<p> 12:1<\/p>\n<\/td>\n<\/tr>\n<tr>\n<th>Emisivnost<\/th>\n<td>\n<p>0.95<\/p>\n<\/td>\n<td>\n<p>0.95<\/p>\n<\/td>\n<\/tr>\n<tr>\n<th>Spektralni odziv<\/th>\n<td>\n<p>8 ~ 14um<\/p>\n<\/td>\n<td>\n<p><span>8~14um<\/span><\/p>\n<\/td>\n<\/tr>\n<tr>\n<th>\u010cas odziva<\/th>\n<td>\n<p> &lt;0.5s<\/p>\n<\/td>\n<td>\n<p><span>&lt;0.5s<\/span><\/p>\n<\/td>\n<\/tr>\n<tr>\n<th><span>\u00b0C\/\u00b0F<\/span><\/th>\n<td>Da<\/td>\n<td>Da<\/td>\n<\/tr>\n<tr>\n<th>\n<p>Alarm za mejno temperaturo<\/p>\n<\/th>\n<td>Da, rde\u010da<\/td>\n<td><span>Da, rde\u010da<\/span><\/td>\n<\/tr>\n<tr>\n<th>Zadr\u017eevanje podatkov<\/th>\n<td>Da<\/td>\n<td>Da<\/td>\n<\/tr>\n<tr>\n<th>MAX<\/th>\n<td><span>Da<\/span><\/td>\n<td><span>Da<\/span><\/td>\n<\/tr>\n<tr>\n<th>Indikator prazne baterije<\/th>\n<td>Da<\/td>\n<td>Da<\/td>\n<\/tr>\n<tr>\n<th>Samodejni izklop<\/th>\n<td>Da<\/td>\n<td>Da<\/td>\n<\/tr>\n<tr>\n<th>Osvetlitev ozadja<\/th>\n<td>Da<\/td>\n<td>Da<\/td>\n<\/tr>\n<tr>\n<th>Power supply<\/th>\n<td><span>2x 1,5V baterije AAA<\/span><\/td>\n<td><span>2x 1,5V baterije AAA<\/span><\/td>\n<\/tr>\n<tr>\n<th>Weight<\/th>\n<td>pribli\u017eno 100 g<\/td>\n<td>pribli\u017eno 100 g<\/td>\n<\/tr>\n<tr>\n<th>Velikost<\/th>\n<td> 145 x 92 x 45 mm<\/td>\n<td><span>145 x 92 x 45 mm<\/span><\/td>\n<\/tr>\n<tr>\n<th>Varnost<\/th>\n<td> <span>EN61326, EN60825<\/span><\/td>\n<td><span>EN61326, EN60825<\/span><\/td>\n<\/tr>\n<\/tbody>\n<\/table>\n<\/div>","protected":false},"excerpt":{"rendered":"<p>Na zalogi pri zunanjem dobavitelju. Rok dostave 3-5dni.<\/p>","protected":false},"featured_media":22638,"template":"","meta":{"_monsterinsights_skip_tracking":false,"_monsterinsights_sitenote_active":false,"_monsterinsights_sitenote_note":"","_monsterinsights_sitenote_category":0},"product_brand":[],"product_cat":[101,288,255],"product_tag":[],"class_list":{"0":"post-18261","1":"product","2":"type-product","3":"status-publish","4":"has-post-thumbnail","6":"product_cat-pametni-dom","7":"product_cat-rocna-orodja","8":"product_cat-vsi","10":"first","11":"outofstock","12":"taxable","13":"shipping-taxable","14":"purchasable","15":"product-type-simple"},"jetpack_sharing_enabled":true,"_links":{"self":[{"href":"https:\/\/kobra.si\/en\/wp-json\/wp\/v2\/product\/18261","targetHints":{"allow":["GET"]}}],"collection":[{"href":"https:\/\/kobra.si\/en\/wp-json\/wp\/v2\/product"}],"about":[{"href":"https:\/\/kobra.si\/en\/wp-json\/wp\/v2\/types\/product"}],"version-history":[{"count":3,"href":"https:\/\/kobra.si\/en\/wp-json\/wp\/v2\/product\/18261\/revisions"}],"predecessor-version":[{"id":20373,"href":"https:\/\/kobra.si\/en\/wp-json\/wp\/v2\/product\/18261\/revisions\/20373"}],"wp:featuredmedia":[{"embeddable":true,"href":"https:\/\/kobra.si\/en\/wp-json\/wp\/v2\/media\/22638"}],"wp:attachment":[{"href":"https:\/\/kobra.si\/en\/wp-json\/wp\/v2\/media?parent=18261"}],"wp:term":[{"taxonomy":"product_brand","embeddable":true,"href":"https:\/\/kobra.si\/en\/wp-json\/wp\/v2\/product_brand?post=18261"},{"taxonomy":"product_cat","embeddable":true,"href":"https:\/\/kobra.si\/en\/wp-json\/wp\/v2\/product_cat?post=18261"},{"taxonomy":"product_tag","embeddable":true,"href":"https:\/\/kobra.si\/en\/wp-json\/wp\/v2\/product_tag?post=18261"}],"curies":[{"name":"wp","href":"https:\/\/api.w.org\/{rel}","templated":true}]}}