{"id":17923,"date":"2024-12-23T10:45:30","date_gmt":"2024-12-23T09:45:30","guid":{"rendered":"https:\/\/kobra.si\/spletna-trgovina-kobra\/air-fryer-leacco-af016\/"},"modified":"2025-12-29T20:51:16","modified_gmt":"2025-12-29T19:51:16","slug":"air-fryer-leacco-af016","status":"publish","type":"product","link":"https:\/\/kobra.si\/en\/spletna-trgovina-kobra\/air-fryer-leacco-af016\/","title":{"rendered":"Air Fryer LEACCO AF016"},"content":{"rendered":"<h3>Air Fryer LEACCO AF016<\/h3>\n<p>U\u017eivajte v okusnih in zdravih obrokih z Leaccovim zra\u010dnim cvrtnikom AF016! Zahvaljujo\u010d naprednemu sistemu kro\u017eenja vro\u010dega zraka za 360\u00b0 bo va\u0161a hrana vedno enakomerno pripravljena. Ponuja do 16 na\u010dinov kuhanja, kar vam omogo\u010da neomejene mo\u017enosti za kulinari\u010dne eksperimente. Zaradi posebej oblikovane zasnove z velikim oknom in plo\u0161\u010do na dotik bo njegova uporaba \u0161e enostavnej\u0161a. Odlikuje ga tudi 14-litrska prostornina, zato boste zlahka pripravili jed za vso dru\u017eino ali povabljene goste!<\/p>\n<p><img decoding=\"async\" src=\"https:\/\/b2b.innpro.pl\/data\/include\/cms\/Leacco\/AF016\/8.jpg\" border=\"0\" alt=\"LEACCO\/AF016\/1\" title=\"\"><\/p>\n<h3>Okusni in nizkokalori\u010dni obroki v nekaj trenutkih<\/h3>\n<p>Zdravo kuhanje \u0161e nikoli ni bilo tako enostavno! Air Fryer uporablja napreden sistem 360\u00b0 kro\u017eenja vro\u010dega zraka, ki bo poskrbel, da bo va\u0161a hrana enakomerno pe\u010dena z vseh strani. Tako boste dosegli popolno hrustljavost na zunanji strani, v notranjosti pa ohranili so\u010dnost in okus. Naprava omogo\u010da tudi nastavitev \u010dasa in temperature kuhanja v \u0161irokem razponu od 40 \u00b0C do 200 \u00b0C, kar vam omogo\u010da popoln nadzor nad postopkom priprave hrane. Z zra\u010dnim cvrtnikom Leacco bo vsak obrok postal pravi praznik za va\u0161e brbon\u010dice.<\/p>\n<p><img decoding=\"async\" src=\"https:\/\/b2b.innpro.pl\/data\/include\/cms\/Leacco\/AF016\/2.jpg\" border=\"0\" alt=\"LEACCO\/AF016\/2\" title=\"\"><\/p>\n<h3>16 na\u010dinov kuhanja za neomejeno ustvarjalnost<\/h3>\n<p>Z zra\u010dnim cvrtnikom si zagotovite \u0161e ve\u010d mo\u017enosti! AF016 vam omogo\u010da izbiro med 16 na\u010dini kuhanja. Ne glede na to, ali \u017eelite pe\u010di, cvreti, pe\u010di na \u017earu ali celo su\u0161iti sadje ali odmrzovati meso, ima Leacco Air Fryer vse, kar potrebujete. Tako lahko hitro in priro\u010dno spe\u010dete torto, so\u010dnega pi\u0161\u010danca, hrustljav krompir\u010dek, slastno pico ali pripravite popcorn &#8211; vse to v eni napravi. Poleg tega naprava ponuja na\u010din ohranjanja toplote, ki vam bo omogo\u010dil, da jedi postre\u017eete vedno na pravi temperaturi.<\/p>\n<p><img decoding=\"async\" src=\"https:\/\/b2b.innpro.pl\/data\/include\/cms\/Leacco\/AF016\/6.jpg\" border=\"0\" alt=\"LEACCO\/AF016\/3\" title=\"\"><\/p>\n<h3>Premi\u0161ljena zasnova &#8211; preprosto upravljanje<\/h3>\n<p>Zra\u010dni cvrtnik vas ne bo navdu\u0161il le s svojo funkcionalnostjo, temve\u010d tudi s skrbno premi\u0161ljeno zasnovo. Opremljen je z velikim oknom, ki vam bo omogo\u010dilo spremljanje postopka kuhanja, ne da bi morali odpreti pokrov. Njegova prostornina je kar 14 litrov &#8211; zato vam ni treba skrbeti zaradi pomanjkanja prostora ali potrebe po kuhanju v serijah &#8211; Air Fryer bo vseboval vse, kar potrebujete. Vgrajen zaslon vam bo olaj\u0161al uporabo naprave. Z njegovo pomo\u010djo lahko preprosto prilagodite \u010das ali temperaturo ter spremenite na\u010din kuhanja. Prav tako ga boste brez te\u017eav vzdr\u017eevali \u010distega.<\/p>\n<p><img decoding=\"async\" src=\"https:\/\/b2b.innpro.pl\/data\/include\/cms\/Leacco\/AF016\/4.jpg\" border=\"0\" alt=\"LEACCO\/AF016\/4\" title=\"\"><\/p>\n<h3>Vklju\u010deno<\/h3>\n<ul>\n<li>zra\u010dni cvrtnik<\/li>\n<li>ko\u0161ara<\/li>\n<li>pladenj za kapljanje<\/li>\n<li>re\u0161etka<\/li>\n<li>vilice za ra\u017eenj<\/li>\n<li>kle\u0161\u010de za re\u0161etke<\/li>\n<\/ul>\n<div class=\"table-wrapper\">\n<table>\n<tbody>\n<tr>\n<th>Proizvajalec<\/th>\n<td>Leacco<\/td>\n<\/tr>\n<tr>\n<th>Model<\/th>\n<td>AF016<\/td>\n<\/tr>\n<tr>\n<th>Color<\/th>\n<td>\u010crna<\/td>\n<\/tr>\n<tr>\n<th>Capacity<\/th>\n<td>14 l<\/td>\n<\/tr>\n<tr>\n<th>Working temperature<\/th>\n<td>40-200\u00b0C<\/td>\n<\/tr>\n<tr>\n<th>Upravljanje<\/th>\n<td>Plo\u0161\u010da na dotik<\/td>\n<\/tr>\n<tr>\n<th>Dimenzije<\/th>\n<td>380 x 330 x 370 mm<\/td>\n<\/tr>\n<tr>\n<th>Nazivna napetost<\/th>\n<td>110-240 V \/ 50-60 Hz<\/td>\n<\/tr>\n<tr>\n<th>Power supply<\/th>\n<td>1700 W<\/td>\n<\/tr>\n<tr>\n<th>Weight<\/th>\n<td>10 kg<\/td>\n<\/tr>\n<tr>\n<th>Na\u010din ogrevanja<\/th>\n<td>Kro\u017eenje zraka v ogrevalni cevi 360\u00b0<\/td>\n<\/tr>\n<tr>\n<th>Material<\/th>\n<td>Iz nerjave\u010dega jekla <\/td>\n<\/tr>\n<\/tbody>\n<\/table>\n<\/div>","protected":false},"excerpt":{"rendered":"<p>Na zalogi pri zunanjem dobavitelju. Rok dobave 3-7 delovnih dni.<\/p>","protected":false},"featured_media":22915,"template":"","meta":{"_monsterinsights_skip_tracking":false,"_monsterinsights_sitenote_active":false,"_monsterinsights_sitenote_note":"","_monsterinsights_sitenote_category":0},"product_brand":[],"product_cat":[279,101,255],"product_tag":[],"class_list":{"0":"post-17923","1":"product","2":"type-product","3":"status-publish","4":"has-post-thumbnail","6":"product_cat-kuhinjski-pripomocki","7":"product_cat-pametni-dom","8":"product_cat-vsi","10":"first","11":"outofstock","12":"taxable","13":"shipping-taxable","14":"purchasable","15":"product-type-simple"},"jetpack_sharing_enabled":true,"_links":{"self":[{"href":"https:\/\/kobra.si\/en\/wp-json\/wp\/v2\/product\/17923","targetHints":{"allow":["GET"]}}],"collection":[{"href":"https:\/\/kobra.si\/en\/wp-json\/wp\/v2\/product"}],"about":[{"href":"https:\/\/kobra.si\/en\/wp-json\/wp\/v2\/types\/product"}],"version-history":[{"count":4,"href":"https:\/\/kobra.si\/en\/wp-json\/wp\/v2\/product\/17923\/revisions"}],"predecessor-version":[{"id":31559,"href":"https:\/\/kobra.si\/en\/wp-json\/wp\/v2\/product\/17923\/revisions\/31559"}],"wp:featuredmedia":[{"embeddable":true,"href":"https:\/\/kobra.si\/en\/wp-json\/wp\/v2\/media\/22915"}],"wp:attachment":[{"href":"https:\/\/kobra.si\/en\/wp-json\/wp\/v2\/media?parent=17923"}],"wp:term":[{"taxonomy":"product_brand","embeddable":true,"href":"https:\/\/kobra.si\/en\/wp-json\/wp\/v2\/product_brand?post=17923"},{"taxonomy":"product_cat","embeddable":true,"href":"https:\/\/kobra.si\/en\/wp-json\/wp\/v2\/product_cat?post=17923"},{"taxonomy":"product_tag","embeddable":true,"href":"https:\/\/kobra.si\/en\/wp-json\/wp\/v2\/product_tag?post=17923"}],"curies":[{"name":"wp","href":"https:\/\/api.w.org\/{rel}","templated":true}]}}