{"id":17920,"date":"2024-12-23T10:45:19","date_gmt":"2024-12-23T09:45:19","guid":{"rendered":"https:\/\/kobra.si\/spletna-trgovina-kobra\/air-fryer-deerma-kz100-1000w\/"},"modified":"2026-04-07T20:46:09","modified_gmt":"2026-04-07T18:46:09","slug":"air-fryer-deerma-kz100-1000w","status":"publish","type":"product","link":"https:\/\/kobra.si\/en\/spletna-trgovina-kobra\/air-fryer-deerma-kz100-1000w\/","title":{"rendered":"Air Fryer Deerma KZ100 1000W"},"content":{"rendered":"<h3>Air Fryer Deerma KZ100<\/h3>\n<p>S fritezo Deerma lahko pripravite okusno in zdravo hrano brez uporabe veliko ma\u0161\u010dobe. S fritezo KZ100 bodo obroki prebavljivi in nizkokalori\u010dni. Poleg tega bo zaradi uporabe napredne tehnologije pripravljena hrana v notranjosti so\u010dna in mehka, zunaj pa hrustljava. Poleg tega zaradi mo\u010di 1000 W za pripravo obroka potrebujete manj \u010dasa, predel s prostornino 3 litre pa omogo\u010da pripravo obroka za 2-4 osebe.<\/p>\n<p><img decoding=\"async\" src=\"https:\/\/b2b.innpro.pl\/data\/include\/cms\/12Deerma\/KZ100\/1.jpg\" title=\"\"><\/p>\n<h3>Enostavna priprava hrane<\/h3>\n<p>Ribe, ocvrt krompir\u010dek, torta &#8211; te in druge jedi lahko pripravite s kuhalnikom KZ100. Naprava Deerma vam omogo\u010da ne le cvrtje, temve\u010d tudi peko. Uporabite lahko tudi razpolo\u017eljive na\u010dine ter prilagodite temperaturo in \u010das. S KZ100 postane kuhanje enostavno in zabavno!<\/p>\n<p><img decoding=\"async\" src=\"https:\/\/b2b.innpro.pl\/data\/include\/cms\/12Deerma\/KZ100\/7.jpg\" title=\"\"><\/p>\n<h3>Okusno in zdravo<\/h3>\n<p>S fritezo brez ma\u0161\u010dobe Deerma boste lahko pripravili okusne jedi. Opremljen je s senzorjem temperature, ki vam omogo\u010da, da jo vzdr\u017eujete na visoki ravni. Poleg tega se naprava hitro segreje, zato je kuhanje hitro, pripravljeno meso pa je so\u010dno in hrustljavo na zunanji strani.<\/p>\n<p><img decoding=\"async\" src=\"https:\/\/b2b.innpro.pl\/data\/include\/cms\/12Deerma\/KZ100\/6.jpg\" title=\"\"><\/p>\n<h3>U\u010dinkovito delovanje<\/h3>\n<p>\u0160e ena prednost Deerma cvrtnika brez ma\u0161\u010dobe je dvojni turbinski ventilator. Z njegovo pomo\u010djo se vro\u010d zrak razporedi v vse smeri, hrana pa se enakomerno segreje. Tako je priprava okusnih jedi enostavna.<\/p>\n<p><img decoding=\"async\" src=\"https:\/\/b2b.innpro.pl\/data\/include\/cms\/12Deerma\/KZ100\/4.jpg\" title=\"\"><\/p>\n<h3>Zaslon na dotik<\/h3>\n<p>Friteza je opremljena z zaslonom na dotik, prek katerega boste imeli dostop do najpomembnej\u0161ih funkcij in nastavitev. Enostavno lahko nastavite \u010das in temperaturo ali na\u010dine delovanja. Tako lahko priro\u010dno pripravite pico, torto, ocvrt krompir\u010dek, ribe ali meso.<\/p>\n<p><img decoding=\"async\" src=\"https:\/\/b2b.innpro.pl\/data\/include\/cms\/12Deerma\/KZ100\/2.jpg\" title=\"\"><\/p>\n<h3>Za vso dru\u017eino<\/h3>\n<p>S KZ100 lahko pripravite obrok za vso dru\u017eino. Prostornina komore je 3 l, kar pomeni pribli\u017eno 2-4 porcije. Z njim lahko spe\u010dete celo celega pi\u0161\u010danca, posebna prevleka pladnja pa prepre\u010duje, da bi se hrana prijela nanj. Prav tako vam ni treba skrbeti, da bi se opekli. Ohi\u0161je cvrtnika odli\u010dno izolira toploto in prepre\u010duje izgubo toplote.<\/p>\n<p><img decoding=\"async\" src=\"https:\/\/b2b.innpro.pl\/data\/include\/cms\/12Deerma\/KZ100\/5.jpg\" title=\"\"><\/p>\n<h3>Nadzor nad delovanjem naprave<\/h3>\n<p>Z uporabo naprave KZ100 lahko kadar koli preverite stanje jedi, ki jih pripravljate. Poleg tega si cvrtnik zapomni va\u0161e zadnje nastavitve, zato vam jih ni treba ponovno vna\u0161ati. Naprava bo samodejno prenehala delovati, \u010de odprete ko\u0161aro za \u017eivila, in bo nadaljevala z delovanjem, ko jo boste vstavili nazaj. Poleg tega je za udobno rokovanje s fritezo KZ100 odgovoren poseben ro\u010daj, ki se ne segreva.<\/p>\n<p><img decoding=\"async\" src=\"https:\/\/b2b.innpro.pl\/data\/include\/cms\/12Deerma\/KZ100\/3.jpg\" title=\"\"><\/p>\n<h3>Vklju\u010deno<\/h3>\n<ul>\n<li>cvrtnik brez ma\u0161\u010dobe<\/li>\n<li>pladenj za ko\u0161are<\/li>\n<li>priro\u010dnik za uporabo<\/li>\n<\/ul>\n<div class=\"table-wrapper\">\n<table>\n<tbody>\n<tr>\n<th>Blagovna znamka<\/th>\n<td>Deerma<\/td>\n<\/tr>\n<tr>\n<th>Model<\/th>\n<td>DEM-KZ100<\/td>\n<\/tr>\n<tr>\n<th>Nazivna napetost<\/th>\n<td>220-240 V ~<\/td>\n<\/tr>\n<tr>\n<th>Nazivna frekvenca<\/th>\n<td>50-60 Hz<\/td>\n<\/tr>\n<tr>\n<th>Nazivna mo\u010d<\/th>\n<td>1000 W<\/td>\n<\/tr>\n<tr>\n<th>Capacity<\/th>\n<td>3 l<\/td>\n<\/tr>\n<tr>\n<th>Weight<\/th>\n<td>3,4 kg<\/td>\n<\/tr>\n<tr>\n<th>Dimenzije<\/th>\n<td>305 x 240 x 295 mm<\/td>\n<\/tr>\n<\/tbody>\n<\/table>\n<\/div>","protected":false},"excerpt":{"rendered":"<p>Na zalogi pri zunanjem dobavitelju. Rok dobave 3-7 delovnih dni.<\/p>","protected":false},"featured_media":22737,"template":"","meta":{"_monsterinsights_skip_tracking":false,"_monsterinsights_sitenote_active":false,"_monsterinsights_sitenote_note":"","_monsterinsights_sitenote_category":0},"product_brand":[],"product_cat":[279,101,255],"product_tag":[],"class_list":{"0":"post-17920","1":"product","2":"type-product","3":"status-publish","4":"has-post-thumbnail","6":"product_cat-kuhinjski-pripomocki","7":"product_cat-pametni-dom","8":"product_cat-vsi","10":"first","11":"outofstock","12":"taxable","13":"shipping-taxable","14":"purchasable","15":"product-type-simple"},"jetpack_sharing_enabled":true,"_links":{"self":[{"href":"https:\/\/kobra.si\/en\/wp-json\/wp\/v2\/product\/17920","targetHints":{"allow":["GET"]}}],"collection":[{"href":"https:\/\/kobra.si\/en\/wp-json\/wp\/v2\/product"}],"about":[{"href":"https:\/\/kobra.si\/en\/wp-json\/wp\/v2\/types\/product"}],"version-history":[{"count":4,"href":"https:\/\/kobra.si\/en\/wp-json\/wp\/v2\/product\/17920\/revisions"}],"predecessor-version":[{"id":31557,"href":"https:\/\/kobra.si\/en\/wp-json\/wp\/v2\/product\/17920\/revisions\/31557"}],"wp:featuredmedia":[{"embeddable":true,"href":"https:\/\/kobra.si\/en\/wp-json\/wp\/v2\/media\/22737"}],"wp:attachment":[{"href":"https:\/\/kobra.si\/en\/wp-json\/wp\/v2\/media?parent=17920"}],"wp:term":[{"taxonomy":"product_brand","embeddable":true,"href":"https:\/\/kobra.si\/en\/wp-json\/wp\/v2\/product_brand?post=17920"},{"taxonomy":"product_cat","embeddable":true,"href":"https:\/\/kobra.si\/en\/wp-json\/wp\/v2\/product_cat?post=17920"},{"taxonomy":"product_tag","embeddable":true,"href":"https:\/\/kobra.si\/en\/wp-json\/wp\/v2\/product_tag?post=17920"}],"curies":[{"name":"wp","href":"https:\/\/api.w.org\/{rel}","templated":true}]}}