{"id":17893,"date":"2024-12-23T10:21:15","date_gmt":"2024-12-23T09:21:15","guid":{"rendered":"https:\/\/kobra.si\/spletna-trgovina-kobra\/thermomaven-f1-turbo-black-handheld-thermometer\/"},"modified":"2025-12-29T21:02:15","modified_gmt":"2025-12-29T20:02:15","slug":"thermomaven-f1-turbo-black-handheld-thermometer","status":"publish","type":"product","link":"https:\/\/kobra.si\/en\/spletna-trgovina-kobra\/thermomaven-f1-turbo-black-handheld-thermometer\/","title":{"rendered":"Ro\u010dni termometer ThermoMaven F1 Turbo Black"},"content":{"rendered":"<h3>Ro\u010dni termometer ThermoMaven F1 Turbo \u010drn<\/h3>\n<p>Ro\u010dni termometer Thermomaven F1 Turbo zdru\u017euje zelo natan\u010dne meritve in prakti\u010dne funkcije ter je idealen za vsakodnevno uporabo. Zaradi svoje vsestranskosti je nepogre\u0161ljiv pripomo\u010dek v kuhinji in na drugih mestih, kjer je pomembno hitro in natan\u010dno dolo\u010diti temperaturo.<\/p>\n<p>\n<img decoding=\"async\" border=\"0\" src=\"https:\/\/assets.innpro.pl\/11902\/14102\/10.jpg\" title=\"\">\n<\/p>\n<h3>Hitre in natan\u010dne meritve<\/h3>\n<p>F1 Turbo zagotavlja bliskovite odzive &#8211; odzivni \u010das je le 0,5 sekunde. Meritve temperature od -50 \u00b0C do 300 \u00b0C omogo\u010dajo \u0161irok razpon meritev temperature, zato je F1 Turbo idealen za razli\u010dne aplikacije. Njegova natan\u010dnost je pribli\u017eno 0,3 \u00b0C, kar zagotavlja natan\u010dne rezultate.<\/p>\n<p>\n<img decoding=\"async\" border=\"0\" src=\"https:\/\/assets.innpro.pl\/11902\/14102\/3.jpg\" title=\"\">\n<\/p>\n<h3>Funkcionalnost na vsakem koraku<\/h3>\n<p>F1 Turbo odlikujejo tudi dodatne funkcije, zaradi katerih je njegova uporaba bolj priro\u010dna. Termometer je odporen na vodo po standardu IP67, kar omogo\u010da enostavno \u010di\u0161\u010denje naprave. Poleg tega je zaradi osvetljenega LCD-zaslona od\u010ditavanje temperature preprosto tudi pri \u0161ibki svetlobi. Zahvaljujo\u010d funkciji obra\u010danja za 180\u00b0 termometer omogo\u010da udobno od\u010ditavanje ne glede na to, kako dr\u017eite F1 Turbo, zaradi \u010desar je \u0161e bolj priro\u010den.<\/p>\n<p>\n<img decoding=\"async\" border=\"0\" src=\"https:\/\/assets.innpro.pl\/11902\/14102\/9.jpg\" title=\"\">\n<\/p>\n<h3>Inovativne re\u0161itve<\/h3>\n<p>Pomembna prednost je tudi magnetni nosilec, ki omogo\u010da enostavno shranjevanje termometra, funkcija zaznavanja gibanja pa samodejno prebudi napravo, ko je to potrebno. Poleg tega ima F1 Turbo vgrajen odpira\u010d za steklenice.<\/p>\n<p>\n<img decoding=\"async\" border=\"0\" src=\"https:\/\/assets.innpro.pl\/11902\/14102\/7.jpg\" title=\"\">\n<\/p>\n<div class=\"table-wrapper\">\n<h3><\/h3>\n<table>\n<tbody>\n<tr>\n<th>Proizvajalec<\/th>\n<td>Thermomaven<\/td>\n<\/tr>\n<tr>\n<th>Model<\/th>\n<td>F1 Turbo<\/td>\n<\/tr>\n<tr>\n<th>Color<\/th>\n<td>\u010drna<\/td>\n<\/tr>\n<tr>\n<th>Material<\/th>\n<td>plastika<\/td>\n<\/tr>\n<tr>\n<th>Temperaturno obmo\u010dje<\/th>\n<td>od -50 \u00b0C do 300 \u00b0C<\/td>\n<\/tr>\n<tr>\n<th>Odzivni \u010das<\/th>\n<td>0,5 s<\/td>\n<\/tr>\n<tr>\n<th>Measurement accuracy<\/th>\n<td>pribli\u017eno 0,3 \u00b0C<\/td>\n<\/tr>\n<tr>\n<th>Prikazovalnik<\/th>\n<td>LCD<\/td>\n<\/tr>\n<tr>\n<th>Odpornost na vodo<\/th>\n<td>IP67<\/td>\n<\/tr>\n<tr>\n<th>Osvetlitev ozadja<\/th>\n<td>da<\/td>\n<\/tr>\n<tr>\n<th>Samodejno obra\u010danje 180 \u00b0C<\/th>\n<td>da<\/td>\n<\/tr>\n<tr>\n<th>Magnetna namestitev<\/th>\n<td>da<\/td>\n<\/tr>\n<tr>\n<th>Uspavanje in prebujanje z zaznavanjem gibanja<\/th>\n<td>da<\/td>\n<\/tr>\n<tr>\n<th>Power supply<\/th>\n<td>x1 AAA<\/td>\n<\/tr>\n<tr>\n<th>Funkcija odpira\u010da steklenic<\/th>\n<td>da<\/td>\n<\/tr>\n<\/tbody>\n<\/table>\n<\/div>","protected":false},"excerpt":{"rendered":"<p>Na zalogi pri zunanjem dobavitelju. Rok dostave 3-5dni.<\/p>","protected":false},"featured_media":23348,"template":"","meta":{"_monsterinsights_skip_tracking":false,"_monsterinsights_sitenote_active":false,"_monsterinsights_sitenote_note":"","_monsterinsights_sitenote_category":0},"product_brand":[],"product_cat":[101,255],"product_tag":[],"class_list":{"0":"post-17893","1":"product","2":"type-product","3":"status-publish","4":"has-post-thumbnail","6":"product_cat-pametni-dom","7":"product_cat-vsi","9":"first","10":"outofstock","11":"taxable","12":"shipping-taxable","13":"purchasable","14":"product-type-simple"},"jetpack_sharing_enabled":true,"_links":{"self":[{"href":"https:\/\/kobra.si\/en\/wp-json\/wp\/v2\/product\/17893","targetHints":{"allow":["GET"]}}],"collection":[{"href":"https:\/\/kobra.si\/en\/wp-json\/wp\/v2\/product"}],"about":[{"href":"https:\/\/kobra.si\/en\/wp-json\/wp\/v2\/types\/product"}],"version-history":[{"count":3,"href":"https:\/\/kobra.si\/en\/wp-json\/wp\/v2\/product\/17893\/revisions"}],"predecessor-version":[{"id":21171,"href":"https:\/\/kobra.si\/en\/wp-json\/wp\/v2\/product\/17893\/revisions\/21171"}],"wp:featuredmedia":[{"embeddable":true,"href":"https:\/\/kobra.si\/en\/wp-json\/wp\/v2\/media\/23348"}],"wp:attachment":[{"href":"https:\/\/kobra.si\/en\/wp-json\/wp\/v2\/media?parent=17893"}],"wp:term":[{"taxonomy":"product_brand","embeddable":true,"href":"https:\/\/kobra.si\/en\/wp-json\/wp\/v2\/product_brand?post=17893"},{"taxonomy":"product_cat","embeddable":true,"href":"https:\/\/kobra.si\/en\/wp-json\/wp\/v2\/product_cat?post=17893"},{"taxonomy":"product_tag","embeddable":true,"href":"https:\/\/kobra.si\/en\/wp-json\/wp\/v2\/product_tag?post=17893"}],"curies":[{"name":"wp","href":"https:\/\/api.w.org\/{rel}","templated":true}]}}