{"id":17777,"date":"2024-12-20T15:35:20","date_gmt":"2024-12-20T14:35:20","guid":{"rendered":"https:\/\/kobra.si\/spletna-trgovina-kobra\/smartwatch-mobvoi-ticwatch-pro-5-gps-elite-edition\/"},"modified":"2026-01-19T14:48:14","modified_gmt":"2026-01-19T13:48:14","slug":"smartwatch-mobvoi-ticwatch-pro-5-gps-elite-edition","status":"publish","type":"product","link":"https:\/\/kobra.si\/en\/spletna-trgovina-kobra\/smartwatch-mobvoi-ticwatch-pro-5-gps-elite-edition\/","title":{"rendered":"Pametna ura Mobvoi TicWatch Pro 5 GPS Elite Edition"},"content":{"rendered":"<h3>Mobvoi TicWatch Pro 5 GPS pametna ura<\/h3>\n<p>TicWatch Pro 5 GPS je zanesljiva pametna ura, ki vam bo omogo\u010dila priro\u010den dostop do najpomembnej\u0161ih informacij! Zaradi vrtljive krone in jasnega 1,43-pal\u010dnega zaslona OLED z izjemno nizko porabo energije je upravljanje enostavno. Zmogljiva baterija omogo\u010da do 45 dni uporabe, \u010dip Qualcomm Snapdragon W5 + Gen 1 pa je odgovoren za zanesljivo delovanje naprave. Naprava podpira operacijski sistem Wear OS, ki med drugim omogo\u010da pla\u010devanje nakupov, poslu\u0161anje glasbe na YouTubu ali uporabo zemljevidov Google Maps. Ima ve\u010d \u0161portnih na\u010dinov, kompas in GPS pa vam bosta pomagala najti pot nazaj, ne glede na to, kje se nahajate. Ponuja tudi \u0161tevilne funkcije za spremljanje zdravja, ki vam bodo omogo\u010dile \u0161e bolj\u0161i vpogled v va\u0161e telo. Poleg standardnega silikonskega traku je prilo\u017een tudi zamenljiv trak iz eko usnja, kar vam omogo\u010da, da pametno uro prilagodite svojemu slogu.<\/p>\n<p><img decoding=\"async\" src=\"https:\/\/b2b.innpro.pl\/data\/include\/cms\/Mobvoi\/TicWatch-Pro-5-GPS-Elite-Edition\/3.jpg\" border=\"0\" alt=\"Mobvoi\/TicWatch-Pro-5-GPS-Elite-Edition\/3\" title=\"\"><\/p>\n<h3>Jasen zaslon OLED<\/h3>\n<p>Zagotovite si hiter in priro\u010den dostop do vseh funkcij naprave. Pametna ura je opremljena z zelo u\u010dinkovitim 1,43-pal\u010dnim zaslonom OLED. Ima tudi drugi zaslon, ki prikazuje osnovne informacije, tj. \u010das, sr\u010dni utrip ali porabljene kalorije &#8211; odlikuje ga tudi izjemno nizka poraba energije. Izdelana je iz visokokakovostnega stekla, za katerega je zna\u010dilna odpornost proti pu\u0161\u010danju prstnih odtisov. \u0160e ve\u010d, njegov videz lahko prilagodite, saj lahko izbirate med kar 1.000 razpolo\u017eljivimi slogi \u0161tevil\u010dnic.<\/p>\n<p><img decoding=\"async\" src=\"https:\/\/b2b.innpro.pl\/data\/include\/cms\/Mobvoi\/TicWatch-Pro-5-GPS-Elite-Edition\/10.jpg\" border=\"0\" alt=\"Mobvoi\/TicWatch-Pro-5-GPS-Elite-Edition\/10\" title=\"\"><\/p>\n<h3>Do 45 dni delovanja<\/h3>\n<p>Svojo pametno uro uporabljajte brez omejitev, ne da bi vas skrbelo, da se bo prehitro izpraznila. Trajna baterija s kapaciteto 628 mAh lahko z enim polnjenjem zagotovi do 45 dni delovanja v osnovnem na\u010dinu ali do 80 ur, \u010de uporabljate pametni na\u010din. Zahvaljujo\u010d inovativni tehnologiji hitrega polnjenja jo boste lahko do 65 % napolnili v samo 30 minutah, s 15-minutnim polnjenjem pa boste pametno uro lahko uporabljali ves dan!<\/p>\n<p><img decoding=\"async\" src=\"https:\/\/b2b.innpro.pl\/data\/include\/cms\/Mobvoi\/TicWatch-Pro-5-GPS-Elite-Edition\/2.jpg\" border=\"0\" alt=\"Mobvoi\/TicWatch-Pro-5-GPS-Elite-Edition\/2\" title=\"\"><\/p>\n<h3>GPS na zapestju<\/h3>\n<p>Z napravo TicWatch Pro 5 GPS boste zlahka na\u0161li pot nazaj domov ali odkrili povsem nove kraje! Pametna ura je povezana z vsemi petimi satelitskimi sistemi &#8211; GPS, GLONASS, Galileo, QZSS in Beidou. Naprava zagotavlja natan\u010dne podatke o lokaciji ne glede na to, kje se nahajate! Poleg tega ima vgrajen tudi kompas &#8211; za dolo\u010ditev koordinat je dovolj en dotik. \u017delite vedeti, kako dale\u010d ste od izbrane smeri? Samo stresite zapestje!<\/p>\n<p><img decoding=\"async\" src=\"https:\/\/b2b.innpro.pl\/data\/include\/cms\/Mobvoi\/TicWatch-Pro-5-GPS-Elite-Edition\/9.jpg\" border=\"0\" alt=\"Mobvoi\/TicWatch-Pro-5-GPS-Elite-Edition\/9\" title=\"\"><\/p>\n<h3>Spremljajte svoj sr\u010dni utrip 24 ur na dan<\/h3>\n<p>Pridobite informacije o svojem telesu kadar koli in kjer koli! Ura TicWatch Pro 5 GPS neprekinjeno spremlja va\u0161 sr\u010dni utrip 24 ur na dan. Poleg tega pametna ura takoj po\u0161lje opozorilo, \u010de je va\u0161 sr\u010dni utrip v mirovanju in med vadbo visok ali nizek, kar vam omogo\u010da popolno sliko o stanju va\u0161ega srca. Napredna tehnologija zaznavanja nerednega sr\u010dnega utripa prepozna \u0161tevilne sr\u010dne aritmije, vklju\u010dno z atrijsko fibrilacijo, in vas v realnem \u010dasu opozori na morebitne te\u017eave z zdravjem srca. (Opomba: Ta funkcija ni namenjena diagnosticiranju ali zdravljenju zdravstvenih stanj ali za druge zdravstvene namene.)<\/p>\n<p><img decoding=\"async\" src=\"https:\/\/b2b.innpro.pl\/data\/include\/cms\/Mobvoi\/TicWatch-Pro-5-GPS-Elite-Edition\/5.jpg\" border=\"0\" alt=\"Mobvoi\/TicWatch-Pro-5-GPS-Elite-Edition\/5\" title=\"\"><\/p>\n<h3>Za va\u0161e zdravje<\/h3>\n<p>Spoznajte najpomembnej\u0161e parametre o svojem zdravju v le nekaj sekundah! Pametna ura vas bo obvestila o ravni kisika v krvi, stresu, sr\u010dnem utripu ali potrebi po okrevanju po treningu, da bi prepre\u010dili po\u0161kodbe. Ponujam tudi funkcijo spremljanja spanja, s katero lahko spremljate faze spanja, frekvenco dihanja in temperaturo ko\u017ee. Aplikacija Mobvoi Health vam bo omogo\u010dila priro\u010den dostop do vseh podatkov.<\/p>\n<p><img decoding=\"async\" src=\"https:\/\/b2b.innpro.pl\/data\/include\/cms\/Mobvoi\/TicWatch-Pro-5-GPS-Elite-Edition\/4.jpg\" border=\"0\" alt=\"Mobvoi\/TicWatch-Pro-5-GPS-Elite-Edition\/4\" title=\"\"><\/p>\n<h3>Z mislijo na \u0161portnike<\/h3>\n<p>Te\u010dete, kolesarite ali morda plavate? Ura TicWatch Pro 5 GPS ponuja ve\u010d kot 100 \u0161portnih na\u010dinov, zato bo vsakdo zagotovo na\u0161el nekaj primernega zase. Pametna ura meri tudi prehojeno razdaljo, \u0161tevilo pokurenih kalorij ali koliko nadstropij ste se povzpeli v enem dnevu. Napredni algoritmi in nenehno umerjanje GPS zagotavljajo podrobne in natan\u010dne meritve, ki vam pomagajo dose\u010di \u0161e ve\u010d. Pametna ura ima tudi biometer za spremljanje barometri\u010dnega tlaka in vi\u0161inskih nihanj.<\/p>\n<p><img decoding=\"async\" src=\"https:\/\/b2b.innpro.pl\/data\/include\/cms\/Mobvoi\/TicWatch-Pro-5-GPS-Elite-Edition\/1.jpg\" border=\"0\" alt=\"Mobvoi\/TicWatch-Pro-5-GPS-Elite-Edition\/1\" title=\"\"><\/p>\n<h3>Va\u0161 vsakodnevni pomo\u010dnik<\/h3>\n<p>Olaj\u0161ajte si vsakodnevne dejavnosti! Pametna ura Mobvoi je opremljena z najnovej\u0161im Googlovim operacijskim sistemom Wear OS, ki vam bo omogo\u010dil dostop do \u0161tevilnih zanimivih funkcij. Dodajte svojo pla\u010dilno kartico v Googlovo denarnico in s pomo\u010djo storitve Google Pay udobno pla\u010dujte z uro! Poslu\u0161ate lahko tudi najljub\u0161o glasbo iz YouTuba, se po mestu pomikate z Google Maps in sprejemate\/odklanjate dohodne klice ali prejemate obvestila iz aplikacij. Mo\u017enosti so skoraj neskon\u010dne &#8211; prepri\u010dajte se sami!<\/p>\n<p><img decoding=\"async\" src=\"https:\/\/b2b.innpro.pl\/data\/include\/cms\/Mobvoi\/TicWatch-Pro-5-GPS-Elite-Edition\/8.jpg\" border=\"0\" alt=\"Mobvoi\/TicWatch-Pro-5-GPS-Elite-Edition\/8\" title=\"\"><\/p>\n<h3>S pozornostjo do podrobnosti<\/h3>\n<p>Ura TicWatch Pro 5 GPS je bila zasnovana z mislijo na najve\u010dje udobje. Ergonomska in lahka zasnova pomeni, da sploh ne boste \u010dutili, da jo imate na zapestju! Trak pametne ure je izdelan iz ko\u017ei prijaznega silikona, zato vam ni treba skrbeti za dra\u017eenje. Poleg tega boste v kompletu na\u0161li zamenljiv trak iz eko usnja. Pona\u0161a se z vodoodpornostjo 5ATM, zato vam je ne bo treba sneti niti med plavanjem! Poleg tega je prejel tudi certifikat US-MIL-STD 810H, ki izpolnjuje najvi\u0161je standarde vzdr\u017eljivosti.<\/p>\n<p><img decoding=\"async\" src=\"https:\/\/b2b.innpro.pl\/data\/include\/cms\/Mobvoi\/TicWatch-Pro-5-GPS-Elite-Edition\/7.jpg\" border=\"0\" alt=\"Mobvoi\/TicWatch-Pro-5-GPS-Elite-Edition\/7\" title=\"\"><\/p>\n<h3>Vklju\u010deno<\/h3>\n<ul>\n<li>Pametna ura TicWatch Pro 5 GPS<\/li>\n<li>standardni trak<\/li>\n<li>zamenljiv trak iz eko usnja<\/li>\n<\/ul>\n<div class=\"table-wrapper\">\n<table>\n<tbody>\n<tr>\n<th>Proizvajalec<\/th>\n<td>Mobvoi<\/td>\n<\/tr>\n<tr>\n<th>Model<\/th>\n<td>TicWatch Pro 5 GPS<\/td>\n<\/tr>\n<tr>\n<th>Zaslon<\/th>\n<td>1,43&#8243; OLED<\/td>\n<\/tr>\n<tr>\n<th>Resolution<\/th>\n<td>466 x 466 326ppi<\/td>\n<\/tr>\n<tr>\n<th>Operacijski sistem<\/th>\n<td>Wear OS podjetja Google<\/td>\n<\/tr>\n<tr>\n<th>\u010cip<\/th>\n<td>Qualcomm Snapdragon W5 + platforma za nosljive naprave 1. generacije<\/td>\n<\/tr>\n<tr>\n<th>Pomnilnik<\/th>\n<td>RAM: 2GB \/ ROM: 32GB<\/td>\n<\/tr>\n<tr>\n<th>Brez\u017ei\u010dna povezljivost<\/th>\n<td>Bluetooth 5.2 \/ WiFI: 2,4 GHz<\/td>\n<\/tr>\n<tr>\n<th>GNSS<\/th>\n<td>GPS+Beidou+Glonass+Galileo+QZSS<\/td>\n<\/tr>\n<tr>\n<th>Pla\u010dila NFC<\/th>\n<td>Google Pay \/ 13,56 MHz<\/td>\n<\/tr>\n<tr>\n<th>Senzorji<\/th>\n<td>Senzor pospe\u0161ka, \u017eiroskopski senzor, senzor sr\u010dnega utripa HD PPG, senzor SpO2, senzor temperature ko\u017ee, senzor zunaj telesa z nizko latenco, barometer, kompas<\/td>\n<\/tr>\n<tr>\n<th>Kapaciteta baterije<\/th>\n<td>628 mAh<\/td>\n<\/tr>\n<tr>\n<th>Vzdr\u017eljivost<\/th>\n<td>5ATM \/MIL-STD-810H<\/td>\n<\/tr>\n<tr>\n<th>\u010cas delovanja<\/th>\n<td>45 dni (na\u010din ESSENTIAL), 80 ur (na\u010din SMART)<\/td>\n<\/tr>\n<tr>\n<th>Uporaba<\/th>\n<td>Mobvoi Health<\/td>\n<\/tr>\n<tr>\n<th>Dimenzije<\/th>\n<td>50,15 x 48 x 12,3 mm<\/td>\n<\/tr>\n<tr>\n<th>Weight<\/th>\n<td>44.35 g<\/td>\n<\/tr>\n<tr>\n<th>Color<\/th>\n<td>\u010crna<\/td>\n<\/tr>\n<tr>\n<th>Material<\/th>\n<td>Kovina + aluminij + najlon iz steklenih vlaken<\/td>\n<\/tr>\n<tr>\n<th>Material traku<\/th>\n<td>Silikon<\/td>\n<\/tr>\n<tr>\n<th>\u0160irina traku<\/th>\n<td>24 mm<\/td>\n<\/tr>\n<\/tbody>\n<\/table>\n<\/div>","protected":false},"excerpt":{"rendered":"<p>Na zalogi pri zunanjem dobavitelju. Rok dostave 3-5dni.<\/p>","protected":false},"featured_media":22937,"template":"","meta":{"_monsterinsights_skip_tracking":false,"_monsterinsights_sitenote_active":false,"_monsterinsights_sitenote_note":"","_monsterinsights_sitenote_category":0},"product_brand":[],"product_cat":[97,255],"product_tag":[],"class_list":{"0":"post-17777","1":"product","2":"type-product","3":"status-publish","4":"has-post-thumbnail","6":"product_cat-pametne-ure","7":"product_cat-vsi","9":"first","10":"outofstock","11":"taxable","12":"shipping-taxable","13":"purchasable","14":"product-type-simple"},"jetpack_sharing_enabled":true,"_links":{"self":[{"href":"https:\/\/kobra.si\/en\/wp-json\/wp\/v2\/product\/17777","targetHints":{"allow":["GET"]}}],"collection":[{"href":"https:\/\/kobra.si\/en\/wp-json\/wp\/v2\/product"}],"about":[{"href":"https:\/\/kobra.si\/en\/wp-json\/wp\/v2\/types\/product"}],"version-history":[{"count":3,"href":"https:\/\/kobra.si\/en\/wp-json\/wp\/v2\/product\/17777\/revisions"}],"predecessor-version":[{"id":20699,"href":"https:\/\/kobra.si\/en\/wp-json\/wp\/v2\/product\/17777\/revisions\/20699"}],"wp:featuredmedia":[{"embeddable":true,"href":"https:\/\/kobra.si\/en\/wp-json\/wp\/v2\/media\/22937"}],"wp:attachment":[{"href":"https:\/\/kobra.si\/en\/wp-json\/wp\/v2\/media?parent=17777"}],"wp:term":[{"taxonomy":"product_brand","embeddable":true,"href":"https:\/\/kobra.si\/en\/wp-json\/wp\/v2\/product_brand?post=17777"},{"taxonomy":"product_cat","embeddable":true,"href":"https:\/\/kobra.si\/en\/wp-json\/wp\/v2\/product_cat?post=17777"},{"taxonomy":"product_tag","embeddable":true,"href":"https:\/\/kobra.si\/en\/wp-json\/wp\/v2\/product_tag?post=17777"}],"curies":[{"name":"wp","href":"https:\/\/api.w.org\/{rel}","templated":true}]}}