{"id":17649,"date":"2024-12-20T15:17:56","date_gmt":"2024-12-20T14:17:56","guid":{"rendered":"https:\/\/kobra.si\/spletna-trgovina-kobra\/choetech-b735-magnetic-powerbank-10000mah-20w-pd-usb-c-cable-white\/"},"modified":"2026-01-12T21:00:23","modified_gmt":"2026-01-12T20:00:23","slug":"choetech-b735-magnetic-powerbank-10000mah-20w-pd-usb-c-cable-white","status":"publish","type":"product","link":"https:\/\/kobra.si\/en\/spletna-trgovina-kobra\/choetech-b735-magnetic-powerbank-10000mah-20w-pd-usb-c-cable-white\/","title":{"rendered":"Choetech B735 magnetni powerbank 10000mAh 20W PD + USB-C kabel (bela)"},"content":{"rendered":"<h3>Choetech B735 magnetni powerbank 10000mAh 20W PD + USB-C kabel (bela).<\/h3>\n<p>Magnetna powerbank Choetech B735 ni le vir energije, temve\u010d tudi idealen spremljevalec za vsakodnevno uporabo in potovanja. S svojo vsestranskostjo, kompaktno velikostjo in naprednimi varnostnimi funkcijami zagotavlja priro\u010dno, hitro in varno polnjenje vseh naprav, ki jih nosite s seboj. Odlo\u010dite se za popolno profesionalnost z napajalnikom Choetech B735.<\/p>\n<p>\n<img decoding=\"async\" border=\"0\" src=\"https:\/\/assets.innpro.pl\/9526\/11118\/7.jpg\" title=\"\">\n<\/p>\n<h3>Zmogljiva baterija in hitro polnjenje<\/h3>\n<p>Z zmogljivostjo 10000 mAh Choetech B735 zagotavlja u\u010dinkovito polnjenje va\u0161ih mobilnih naprav, ne glede na to, ali uporabljate iPhone, pametni telefon z operacijskim sistemom Android ali brez\u017ei\u010dne slu\u0161alke. Hitro polnjenje 20 W PD omogo\u010da takoj\u0161njo obnovitev napajanja naprav, zato vam tudi v najzahtevnej\u0161ih trenutkih ne bo nikoli zmanjkalo energije.<\/p>\n<p>\n<img decoding=\"async\" border=\"0\" src=\"https:\/\/assets.innpro.pl\/9526\/11118\/2.jpg\" title=\"\">\n<\/p>\n<h3>Magnetno udobje in vsestranskost<\/h3>\n<p>Powerbank B735 je opremljen z magnetom, ki zagotavlja stabilno povezavo z va\u0161imi napravami, kar vam omogo\u010da, da ga med polnjenjem priro\u010dno uporabljate. Zaradi kompaktne velikosti in lahke zasnove je idealna za potovanja in vsakodnevno uporabo, zlo\u017eljiva zasnova pa vam omogo\u010da, da pametni telefon postavite v razli\u010dne polo\u017eaje &#8211; med polnjenjem lahko nemoteno gledate filme, berete novice ali uporabljate telefon.<\/p>\n<p>\n<img decoding=\"async\" border=\"0\" src=\"https:\/\/assets.innpro.pl\/9526\/11118\/3.jpg\" title=\"\">\n<\/p>\n<h3>\u0160iroka zdru\u017eljivost<\/h3>\n<p>Napajalnik Choetech B735 je zdru\u017eljiv s \u0161tevilnimi napravami. Zlahka bo napolnila telefone iPhone serij 12, 13, 14 in 15, pametne telefone Android, kot sta Samsung Galaxy S in Google Pixel, ter brez\u017ei\u010dne slu\u0161alke, vklju\u010dno z AirPods Pro in SONY WF. Zato ste lahko prepri\u010dani, da bo B735 ne glede na to, kak\u0161no opremo imate, izpolnil vse va\u0161e potrebe.<\/p>\n<p>\n<img decoding=\"async\" border=\"0\" src=\"https:\/\/assets.innpro.pl\/9526\/11118\/6.jpg\" title=\"\">\n<\/p>\n<h3>Varnost na prvem mestu<\/h3>\n<p>Napajalnik B735 je zasnovan za kar najve\u010djo za\u0161\u010dito va\u0161ih naprav. Opremljena je z naprednim integriranim \u010dipom in vrsto varnostnih funkcij, ki \u0161\u010ditijo pred prekomernim polnjenjem, pregrevanjem, kratkimi stiki in prenapetostmi. Polnilnik lahko mirno uporabljate, saj veste, da so va\u0161e naprave popolnoma varne.<\/p>\n<p>\n<img decoding=\"async\" border=\"0\" src=\"https:\/\/assets.innpro.pl\/9526\/11118\/4.jpg\" title=\"\">\n<\/p>\n<h3>Vklju\u010deno<\/h3>\n<ul class=\"list-disc pl-5\">\n<li>Powebank<\/li>\n<li>Kabel USB-C<\/li>\n<li>uporabni\u0161ki priro\u010dnik<\/li>\n<\/ul>\n<div class=\"table-wrapper\">\n<h3><\/h3>\n<table>\n<tbody>\n<tr>\n<th>Proizvajalec<\/th>\n<td>Choetech<\/td>\n<\/tr>\n<tr>\n<th>Model<\/th>\n<td>B735<\/td>\n<\/tr>\n<tr>\n<th>Color<\/th>\n<td>White<\/td>\n<\/tr>\n<tr>\n<th>Pristani\u0161\u010de<\/th>\n<td>USB-C<\/td>\n<\/tr>\n<tr>\n<th>Izhod<\/th>\n<td>5V-3A\/9V-2.22A\/12V-1.67A, (20W)<\/td>\n<\/tr>\n<tr>\n<th>Vhod<\/th>\n<td>5V-2,4A\/9V-2A\/12V-1,5A (18W)<\/td>\n<\/tr>\n<tr>\n<th>Brez\u017ei\u010dni izhod<\/th>\n<td>5V-1A\/5V-1,5A\/5V-2A\/5V-3A (najve\u010d 15W)<\/td>\n<\/tr>\n<tr>\n<th>Kabelski izhod tipa C<\/th>\n<td>5V-3A\/9V-2.22A\/12V-1.67A, (20W)<\/td>\n<\/tr>\n<tr>\n<th>Dimenzije<\/th>\n<td>111 x 72 x 19,5 mm<\/td>\n<\/tr>\n<tr>\n<th>Material ohi\u0161ja<\/th>\n<td>Ognjevaren ABS, PC, nosilec iz cinkove zlitine<\/td>\n<\/tr>\n<\/tbody>\n<\/table>\n<\/div>","protected":false},"excerpt":{"rendered":"<p>Na zalogi pri zunanjem dobavitelju. Rok dostave 3-5dni.<\/p>","protected":false},"featured_media":23238,"template":"","meta":{"_monsterinsights_skip_tracking":false,"_monsterinsights_sitenote_active":false,"_monsterinsights_sitenote_note":"","_monsterinsights_sitenote_category":0},"product_brand":[],"product_cat":[61,100,255],"product_tag":[],"class_list":{"0":"post-17649","1":"product","2":"type-product","3":"status-publish","4":"has-post-thumbnail","6":"product_cat-dodatki","7":"product_cat-power-bank","8":"product_cat-vsi","10":"first","11":"outofstock","12":"taxable","13":"shipping-taxable","14":"purchasable","15":"product-type-simple"},"jetpack_sharing_enabled":true,"_links":{"self":[{"href":"https:\/\/kobra.si\/en\/wp-json\/wp\/v2\/product\/17649","targetHints":{"allow":["GET"]}}],"collection":[{"href":"https:\/\/kobra.si\/en\/wp-json\/wp\/v2\/product"}],"about":[{"href":"https:\/\/kobra.si\/en\/wp-json\/wp\/v2\/types\/product"}],"version-history":[{"count":3,"href":"https:\/\/kobra.si\/en\/wp-json\/wp\/v2\/product\/17649\/revisions"}],"predecessor-version":[{"id":21024,"href":"https:\/\/kobra.si\/en\/wp-json\/wp\/v2\/product\/17649\/revisions\/21024"}],"wp:featuredmedia":[{"embeddable":true,"href":"https:\/\/kobra.si\/en\/wp-json\/wp\/v2\/media\/23238"}],"wp:attachment":[{"href":"https:\/\/kobra.si\/en\/wp-json\/wp\/v2\/media?parent=17649"}],"wp:term":[{"taxonomy":"product_brand","embeddable":true,"href":"https:\/\/kobra.si\/en\/wp-json\/wp\/v2\/product_brand?post=17649"},{"taxonomy":"product_cat","embeddable":true,"href":"https:\/\/kobra.si\/en\/wp-json\/wp\/v2\/product_cat?post=17649"},{"taxonomy":"product_tag","embeddable":true,"href":"https:\/\/kobra.si\/en\/wp-json\/wp\/v2\/product_tag?post=17649"}],"curies":[{"name":"wp","href":"https:\/\/api.w.org\/{rel}","templated":true}]}}