{"id":17633,"date":"2024-12-20T15:11:41","date_gmt":"2024-12-20T14:11:41","guid":{"rendered":"https:\/\/kobra.si\/spletna-trgovina-kobra\/waterproof-iphone-15-14-13-case-black\/"},"modified":"2026-02-22T11:33:18","modified_gmt":"2026-02-22T10:33:18","slug":"waterproof-iphone-15-14-13-case-black","status":"publish","type":"product","link":"https:\/\/kobra.si\/en\/spletna-trgovina-kobra\/waterproof-iphone-15-14-13-case-black\/","title":{"rendered":"Vodotesno ohi\u0161je za iPhone 15\/14\/13 (\u010drno)"},"content":{"rendered":"<h3>Vodotesno ohi\u0161je za iPhone 15\/14\/13 (\u010drno)<\/h3>\n<p>ESR-jevo vodoodporno ohi\u0161je je popolna re\u0161itev za vse ljubitelje vodnih \u0161portov in po\u010ditni\u0161kih pustolov\u0161\u010din. Ustvarjeno je posebej za modele iPhone 15\/14\/13 in zagotavlja popolno za\u0161\u010dito tudi na globini do 30 metrov. Z visoko stopnjo vodoodpornosti in odzivnim zaslonom na dotik lahko telefon brez skrbi uporabljate in fotografirate pod vodo.<\/p>\n<p>\n<img decoding=\"async\" border=\"0\" src=\"https:\/\/assets.innpro.pl\/10984\/12942\/4.jpg\" title=\"\">\n<\/p>\n<h3>Zelo odziven zaslon na dotik pod vodo<\/h3>\n<p>Ovitek ESR vam omogo\u010da, da v celoti izkoristite funkcijo zaslona na dotik za fotografiranje in snemanje videoposnetkov med potapljanjem. Zaradi posebne zasnove s funkcijo \u010drpanja zaslon nemoteno deluje do globine 3 metrov. Na ve\u010djih globinah &#8211; do 30 metrov &#8211; lahko uporabljate stranske gumbe, tako da pod vodo ne zamudite nobenega trenutka.<\/p>\n<p>\n<img decoding=\"async\" border=\"0\" src=\"https:\/\/assets.innpro.pl\/10984\/12942\/3.jpg\" title=\"\">\n<\/p>\n<h3>Varno plavanje in enostaven dostop do telefona<\/h3>\n<p>Edinstvena zna\u010dilnost tega ohi\u0161ja je uporaba pene za vzgon, zaradi katere telefon plava na vodi. To je odli\u010dna za\u0161\u010dita pred nenamernim potopom, ki vam omogo\u010da u\u017eivanje v vodnih aktivnostih. Poleg tega lahko zaradi natan\u010dno oblikovanih pokrovov gumbov telefon enostavno upravljate tako na povr\u0161ini kot pod vodo.<\/p>\n<p>\n<img decoding=\"async\" border=\"0\" src=\"https:\/\/assets.innpro.pl\/10984\/12942\/5.jpg\" title=\"\">\n<\/p>\n<h3>Za\u0161\u010dita IPX8<\/h3>\n<p>Ohi\u0161je ima certifikat IPX8, kar pomeni popolno odpornost na vodo do globine 30 metrov. Ta certifikat, ki ga je podelila dru\u017eba SGS, potrjuje, da je ohi\u0161je u\u010dinkovito za\u0161\u010diteno pred poplavljanjem, zato je idealna izbira za potapljanje, snorkljanje ali druge vodne \u0161porte. Tako ste lahko prepri\u010dani, da bo va\u0161 telefon ostal varen ne glede na razmere.<\/p>\n<p>\n<img decoding=\"async\" border=\"0\" src=\"https:\/\/assets.innpro.pl\/10984\/12942\/1.jpg\" title=\"\">\n<\/p>\n<h3>Priro\u010dnost in funkcionalnost<\/h3>\n<p>ESR-jev vodotesni etui ponuja dodaten prostor za shranjevanje kartic in ra\u010dunov, zato ni le prakti\u010den, temve\u010d tudi vsestranski potovalni pripomo\u010dek. Za udobno prena\u0161anje je prilo\u017een nastavljiv trak za vrat. Poleg tega vam fluorescen\u010dni material pomaga hitro najti kov\u010dek v slabo osvetljenih prostorih.<\/p>\n<p>\n<img decoding=\"async\" border=\"0\" src=\"https:\/\/assets.innpro.pl\/10984\/12942\/2.jpg\" title=\"\">\n<\/p>\n<div class=\"table-wrapper\">\n<h3><\/h3>\n<table>\n<tbody>\n<tr>\n<th>Proizvajalec:<\/th>\n<td>ESR<\/td>\n<\/tr>\n<tr>\n<th>Model<\/th>\n<td>1Z0460102<\/td>\n<\/tr>\n<tr>\n<th>Color<\/th>\n<td>\u010drna<\/td>\n<\/tr>\n<tr>\n<th>Zdru\u017eljivost<\/th>\n<td>iPhone 15\/14\/13<\/td>\n<\/tr>\n<tr>\n<th>Odpornost na vodo<\/th>\n<td>IPX8<\/td>\n<\/tr>\n<\/tbody>\n<\/table>\n<\/div>","protected":false},"excerpt":{"rendered":"<p>Na zalogi pri zunanjem dobavitelju. Rok dostave 3-5dni.<\/p>","protected":false},"featured_media":23246,"template":"","meta":{"_monsterinsights_skip_tracking":false,"_monsterinsights_sitenote_active":false,"_monsterinsights_sitenote_note":"","_monsterinsights_sitenote_category":0},"product_brand":[],"product_cat":[61,255],"product_tag":[],"class_list":{"0":"post-17633","1":"product","2":"type-product","3":"status-publish","4":"has-post-thumbnail","6":"product_cat-dodatki","7":"product_cat-vsi","9":"first","10":"outofstock","11":"taxable","12":"shipping-taxable","13":"purchasable","14":"product-type-simple"},"jetpack_sharing_enabled":true,"_links":{"self":[{"href":"https:\/\/kobra.si\/en\/wp-json\/wp\/v2\/product\/17633","targetHints":{"allow":["GET"]}}],"collection":[{"href":"https:\/\/kobra.si\/en\/wp-json\/wp\/v2\/product"}],"about":[{"href":"https:\/\/kobra.si\/en\/wp-json\/wp\/v2\/types\/product"}],"version-history":[{"count":3,"href":"https:\/\/kobra.si\/en\/wp-json\/wp\/v2\/product\/17633\/revisions"}],"predecessor-version":[{"id":21035,"href":"https:\/\/kobra.si\/en\/wp-json\/wp\/v2\/product\/17633\/revisions\/21035"}],"wp:featuredmedia":[{"embeddable":true,"href":"https:\/\/kobra.si\/en\/wp-json\/wp\/v2\/media\/23246"}],"wp:attachment":[{"href":"https:\/\/kobra.si\/en\/wp-json\/wp\/v2\/media?parent=17633"}],"wp:term":[{"taxonomy":"product_brand","embeddable":true,"href":"https:\/\/kobra.si\/en\/wp-json\/wp\/v2\/product_brand?post=17633"},{"taxonomy":"product_cat","embeddable":true,"href":"https:\/\/kobra.si\/en\/wp-json\/wp\/v2\/product_cat?post=17633"},{"taxonomy":"product_tag","embeddable":true,"href":"https:\/\/kobra.si\/en\/wp-json\/wp\/v2\/product_tag?post=17633"}],"curies":[{"name":"wp","href":"https:\/\/api.w.org\/{rel}","templated":true}]}}