{"id":17619,"date":"2024-12-20T15:11:05","date_gmt":"2024-12-20T14:11:05","guid":{"rendered":"https:\/\/kobra.si\/spletna-trgovina-kobra\/rojeco-2l-wifi-automatic-feed-dispenser-white\/"},"modified":"2026-04-21T21:00:07","modified_gmt":"2026-04-21T19:00:07","slug":"rojeco-2l-wifi-automatic-feed-dispenser-white","status":"publish","type":"product","link":"https:\/\/kobra.si\/en\/spletna-trgovina-kobra\/rojeco-2l-wifi-automatic-feed-dispenser-white\/","title":{"rendered":"Rojeco 2L WiFi avtomatski dozirnik (bel)"},"content":{"rendered":"<h3>Rojeco Intelligent 2L Pet Feeder WiFi razli\u010dica dozirnika<\/h3>\n<p>Pametni dozirnik hrane za hi\u0161ne ljubljen\u010dke Rojeco odlikujejo sodobna zasnova, pametna funkcionalnost in zanesljivost. Naprava omogo\u010da upravljanje krmljenja na daljavo, natan\u010den nadzor porcij in na\u010drtovanje, zato je idealna za zaposlene skrbnike. Poleg tega uporablja mehanizem proti zatikanju, ki zagotavlja pravi odmerek hrane ob dolo\u010denem \u010dasu, zato vam ni treba skrbeti za zdravje in dobro po\u010dutje va\u0161ega hi\u0161nega ljubljen\u010dka. Prostornina posode za hrano je 2 litra, posoda iz nerjave\u010dega jekla pa je trpe\u017ena in ne predstavlja nevarnosti za hi\u0161ne ljubljen\u010dke. Napravo boste napajali na 2 na\u010dina.<\/p>\n<p>\n<img decoding=\"async\" border=\"0\" src=\"https:\/\/assets.innpro.pl\/11516\/13635\/1.jpg\" title=\"\">\n<\/p>\n<h3>Zagotovite si redne obroke<\/h3>\n<p>Z zmogljivostjo 2 litra bo dozirna naprava Rojeco zadovoljila prehranske potrebe odrasle ma\u010dke ali majhnega psa do 10 dni, kar je zagotovilo popolne prehrane v intervalih, ki so za lastnika udobni. Naprava je zdru\u017eljiva s suho hrano od 4 do 18 mm, zato jo lahko prosto uporabljate tudi ob spremembah v prehrani va\u0161ega hi\u0161nega ljubljen\u010dka. Napreden sistem proti zatikanju zagotavlja nemoteno dostavo in odpravlja nevarnost zatikanja hrane, \u0161iroka odprtina pa \u0161e dodatno izbolj\u0161a nemoteno dostavo hrane.<\/p>\n<p>\n<img decoding=\"async\" border=\"0\" src=\"https:\/\/assets.innpro.pl\/11516\/13635\/2.jpg\" title=\"\">\n<\/p>\n<h3>Pametno upravljanje hranjenja<\/h3>\n<p>Z mobilno aplikacijo lahko od koder koli priro\u010dno upravljate delovanje dozirnika Rojeco. Mo\u017eno je na\u010drtovati do 10 obrokov na dan z najve\u010d 20 obroki na obrok in tako prilagoditi urnik svojemu hi\u0161nemu ljubljen\u010dku. Vsak obrok ima te\u017eo 5 \u00b1 2 g, kar omogo\u010da enostavno prilagajanje koli\u010dine dane hrane in nadzor nad te\u017eo va\u0161ega hi\u0161nega ljubljen\u010dka. Z dozirnikom se lahko pove\u017eete prek omre\u017eja Wi-Fi 2,4G in Bluetooth.<\/p>\n<p>\n<img decoding=\"async\" border=\"0\" src=\"https:\/\/assets.innpro.pl\/11516\/13635\/6.jpg\" title=\"\">\n<\/p>\n<h3>Varnost pri hranjenju<\/h3>\n<p>Dozator Rojeco je zasnovan z mislijo na za\u0161\u010dito hrane in varnost hi\u0161nih ljubljen\u010dkov. Sistem za za\u0161\u010dito pred zaklepanjem prepre\u010duje, da bi hi\u0161ni ljubljen\u010dek sam odprl pokrov, kar hrano varuje pred kontaminacijo in zagotavlja sve\u017eino hrane.<\/p>\n<p>\n<img decoding=\"async\" border=\"0\" src=\"https:\/\/assets.innpro.pl\/11516\/13635\/4.jpg\" title=\"\">\n<\/p>\n<h3>Neprekinjeno hranjenje zaradi dvojnega napajanja<\/h3>\n<p>Sistem dvojnega napajanja (omre\u017eje in baterija) zagotavlja zanesljivo delovanje dozirnika ne glede na razmere. V primeru izpada elektri\u010dne energije se naprava samodejno preklopi na baterijsko napajanje, tako da bo va\u0161 hi\u0161ni ljubljen\u010dek prejel obrok ob dolo\u010denem \u010dasu. Izdelek potrebuje 4 baterije AA, ki niso prilo\u017eene.<\/p>\n<p>\n<img decoding=\"async\" border=\"0\" src=\"https:\/\/assets.innpro.pl\/11516\/13635\/9.jpg\" title=\"\">\n<\/p>\n<h3>Premi\u0161ljena zasnova in enostavno \u010di\u0161\u010denje<\/h3>\n<p>Uporaba trpe\u017ene plastike ABS in nerjave\u010dega jekla 304 je pripomogla k zagotavljanju trajnosti dozirnika Rojeco. Zaradi prozornega zalogovnika krme je enostavno sproti spremljati njegovo stanje, enostavno razstavljanje posameznih sestavnih delov pa skraj\u0161a postopek \u010di\u0161\u010denja.<\/p>\n<p>\n<img decoding=\"async\" border=\"0\" src=\"https:\/\/assets.innpro.pl\/11516\/13635\/8.jpg\" title=\"\">\n<\/p>\n<h3>Vklju\u010deno<\/h3>\n<ul class=\"list-disc pl-5\">\n<li>Dozator<\/li>\n<li>Podajalna posoda<\/li>\n<li>Pladenj pod posodo<\/li>\n<li>Pokrov dozirnika<\/li>\n<li>Posoda iz nerjave\u010dega jekla<\/li>\n<li>Kabel USB<\/li>\n<li>Adapter<\/li>\n<li>Uporabni\u0161ki priro\u010dnik<\/li>\n<\/ul>\n<div class=\"table-wrapper\">\n<h3><\/h3>\n<table>\n<tbody>\n<tr>\n<th>Proizvajalec<\/th>\n<td>Rojeco<\/td>\n<\/tr>\n<tr>\n<th>Model<\/th>\n<td>RWSQ-12<\/td>\n<\/tr>\n<tr>\n<th>Capacity<\/th>\n<td>2 l<\/td>\n<\/tr>\n<tr>\n<th>Color<\/th>\n<td>White<\/td>\n<\/tr>\n<tr>\n<th>Material<\/th>\n<td>ABS<\/td>\n<\/tr>\n<tr>\n<th>Power supply<\/th>\n<td>DC 5V===1A \/ 4 alkalne baterije AA (niso vklju\u010dene)<\/td>\n<\/tr>\n<tr>\n<th>Weight<\/th>\n<td>pribli\u017eno 1 kg<\/td>\n<\/tr>\n<tr>\n<th>Dimenzije<\/th>\n<td>250 x 166 x 285 mm<\/td>\n<\/tr>\n<\/tbody>\n<\/table>\n<\/div>","protected":false},"excerpt":{"rendered":"<p>Na zalogi pri zunanjem dobavitelju. Rok dostave 3-5dni.<\/p>","protected":false},"featured_media":23319,"template":"","meta":{"_monsterinsights_skip_tracking":false,"_monsterinsights_sitenote_active":false,"_monsterinsights_sitenote_note":"","_monsterinsights_sitenote_category":0},"product_brand":[],"product_cat":[166,255],"product_tag":[],"class_list":{"0":"post-17619","1":"product","2":"type-product","3":"status-publish","4":"has-post-thumbnail","6":"product_cat-hisni-ljubljencki","7":"product_cat-vsi","9":"first","10":"outofstock","11":"taxable","12":"shipping-taxable","13":"purchasable","14":"product-type-simple"},"jetpack_sharing_enabled":true,"_links":{"self":[{"href":"https:\/\/kobra.si\/en\/wp-json\/wp\/v2\/product\/17619","targetHints":{"allow":["GET"]}}],"collection":[{"href":"https:\/\/kobra.si\/en\/wp-json\/wp\/v2\/product"}],"about":[{"href":"https:\/\/kobra.si\/en\/wp-json\/wp\/v2\/types\/product"}],"version-history":[{"count":3,"href":"https:\/\/kobra.si\/en\/wp-json\/wp\/v2\/product\/17619\/revisions"}],"predecessor-version":[{"id":21134,"href":"https:\/\/kobra.si\/en\/wp-json\/wp\/v2\/product\/17619\/revisions\/21134"}],"wp:featuredmedia":[{"embeddable":true,"href":"https:\/\/kobra.si\/en\/wp-json\/wp\/v2\/media\/23319"}],"wp:attachment":[{"href":"https:\/\/kobra.si\/en\/wp-json\/wp\/v2\/media?parent=17619"}],"wp:term":[{"taxonomy":"product_brand","embeddable":true,"href":"https:\/\/kobra.si\/en\/wp-json\/wp\/v2\/product_brand?post=17619"},{"taxonomy":"product_cat","embeddable":true,"href":"https:\/\/kobra.si\/en\/wp-json\/wp\/v2\/product_cat?post=17619"},{"taxonomy":"product_tag","embeddable":true,"href":"https:\/\/kobra.si\/en\/wp-json\/wp\/v2\/product_tag?post=17619"}],"curies":[{"name":"wp","href":"https:\/\/api.w.org\/{rel}","templated":true}]}}