{"id":17604,"date":"2024-12-20T15:10:13","date_gmt":"2024-12-20T14:10:13","guid":{"rendered":"https:\/\/kobra.si\/spletna-trgovina-kobra\/intelligent-self-cleaning-cat-litterbox-ubpet-c10\/"},"modified":"2026-04-17T20:59:06","modified_gmt":"2026-04-17T18:59:06","slug":"intelligent-self-cleaning-cat-litterbox-ubpet-c10","status":"publish","type":"product","link":"https:\/\/kobra.si\/en\/spletna-trgovina-kobra\/intelligent-self-cleaning-cat-litterbox-ubpet-c10\/","title":{"rendered":"Inteligentni samo\u010distilni ma\u010dji strani\u0161\u010dni zabojnik UBPet C10"},"content":{"rendered":"<h3>UBPet C10 inteligentni samo\u010distilni zabojnik za ma\u010dje strani\u0161\u010de<\/h3>\n<p>Strani\u0161\u010de UBPet C10 je zasnovano z mislijo na varnost va\u0161e ma\u010dke in va\u0161e udobje. Z njim vam ni treba izgubljati \u010dasa s \u010di\u0161\u010denjem za va\u0161im ljubljen\u010dkom! Naprava samodejno lo\u010di \u010disto steljo od umazanije, njeno delovanje pa je olaj\u0161ano z namensko aplikacijo. Strani\u0161\u010de je primerno za ma\u010dke, ki tehtajo do 10 kg.<\/p>\n<p>\n<img decoding=\"async\" border=\"0\" src=\"https:\/\/assets.innpro.pl\/8549\/9987\/1.jpg\" title=\"\">\n<\/p>\n<h3>Ve\u010d prostora, ni\u017eji vhod<\/h3>\n<p>Strani\u0161\u010de C10 ima ve\u010dji notranji prostor in ni\u017eji vhod (124 mm). Zato ga lahko brez te\u017eav uporabljajo tudi starej\u0161e ali manj gib\u010dne ma\u010dke! Z UBPetom boste svojim hi\u0161nim ljubljen\u010dkom vsak dan zagotovili udobje in varnost.<\/p>\n<p>\n<img decoding=\"async\" border=\"0\" src=\"https:\/\/assets.innpro.pl\/8549\/9987\/2.jpg\" title=\"\">\n<\/p>\n<h3>Poslovite se od umazanije in neprijetnih vonjav.<\/h3>\n<p>Pozabite na to, da bi morali sami pospravljati za svojo ma\u010dko. UBPet C10 umazano steljo samodejno usmeri v vre\u010dko za smeti &#8211; zamenjati jo morate le enkrat na \u010das! Visokokakovostni mehanizem zagotavlja nemoteno in u\u010dinkovito delovanje naprave v skoraj vseh razmerah. A to \u0161e ni vse &#8211; strani\u0161\u010de je opremljeno s posebej zasnovanim sistemom za dezodoriranje, ki u\u010dinkovito odpravlja neprijetne vonjave. Tako lahko u\u017eivate v \u010disto\u010di in sve\u017eini!<\/p>\n<p>\n<img decoding=\"async\" border=\"0\" src=\"https:\/\/assets.innpro.pl\/8549\/9987\/8.jpg\" title=\"\">\n<\/p>\n<h3>Daljinsko upravljanje prek aplikacije<\/h3>\n<p>UBPet C10 ponuja daljinski nadzor prek namenske aplikacije, ki vam med drugim omogo\u010da spremljanje zdravja va\u0161e ma\u010dke v realnem \u010dasu. Programska oprema spremlja te\u017eo, \u0161tevilo vhodov v strani\u0161\u010de in \u010das, ki ga pre\u017eivi v njem, ter tako zagotavlja dragocene informacije o stanju va\u0161ega ljubljen\u010dka. Poleg tega imate zaradi povezave 2,4 G 4 popoln nadzor, ne glede na to, kje se nahajate.<\/p>\n<p>\n<img decoding=\"async\" border=\"0\" src=\"https:\/\/assets.innpro.pl\/8549\/9987\/3.jpg\" title=\"\">\n<\/p>\n<h3>Zaradi varnosti<\/h3>\n<p>Zahvaljujo\u010d integrirani zasnovi zabojnik za smeti UBPet C10 zmanj\u0161uje nevarnost ureznin in drugih po\u0161kodb ma\u010dke med njegovo uporabo. Poleg tega so vgrajeni senzorji odgovorni za samodejno zaustavitev naprave, ko zaznajo prisotnost va\u0161ega hi\u0161nega ljubljen\u010dka. Tako vam ni treba skrbeti za varnost va\u0161ega hi\u0161nega ljubljen\u010dka!<\/p>\n<p>\n<img decoding=\"async\" border=\"0\" src=\"https:\/\/assets.innpro.pl\/8549\/9987\/7.jpg\" title=\"\">\n<\/p>\n<div class=\"table-wrapper\">\n<h3><\/h3>\n<table>\n<tbody>\n<tr>\n<th>Proizvajalec:<\/th>\n<td>UBPet<\/td>\n<\/tr>\n<tr>\n<th>Model<\/th>\n<td>UCAT C10<\/td>\n<\/tr>\n<tr>\n<th>Dimenzije<\/th>\n<td>555 x 520 x 530 mm<\/td>\n<\/tr>\n<tr>\n<th>Te\u017ea ma\u010dke<\/th>\n<td>Do 10 kg<\/td>\n<\/tr>\n<tr>\n<th>Vgrajena kamera<\/th>\n<td>Ne<\/td>\n<\/tr>\n<\/tbody>\n<\/table>\n<\/div>","protected":false},"excerpt":{"rendered":"<p>Na zalogi pri zunanjem dobavitelju. Rok dostave 3-5dni.<\/p>","protected":false},"featured_media":23222,"template":"","meta":{"_monsterinsights_skip_tracking":false,"_monsterinsights_sitenote_active":false,"_monsterinsights_sitenote_note":"","_monsterinsights_sitenote_category":0},"product_brand":[],"product_cat":[166,255],"product_tag":[],"class_list":{"0":"post-17604","1":"product","2":"type-product","3":"status-publish","4":"has-post-thumbnail","6":"product_cat-hisni-ljubljencki","7":"product_cat-vsi","9":"first","10":"instock","11":"taxable","12":"shipping-taxable","13":"purchasable","14":"product-type-simple"},"jetpack_sharing_enabled":true,"_links":{"self":[{"href":"https:\/\/kobra.si\/en\/wp-json\/wp\/v2\/product\/17604","targetHints":{"allow":["GET"]}}],"collection":[{"href":"https:\/\/kobra.si\/en\/wp-json\/wp\/v2\/product"}],"about":[{"href":"https:\/\/kobra.si\/en\/wp-json\/wp\/v2\/types\/product"}],"version-history":[{"count":3,"href":"https:\/\/kobra.si\/en\/wp-json\/wp\/v2\/product\/17604\/revisions"}],"predecessor-version":[{"id":21008,"href":"https:\/\/kobra.si\/en\/wp-json\/wp\/v2\/product\/17604\/revisions\/21008"}],"wp:featuredmedia":[{"embeddable":true,"href":"https:\/\/kobra.si\/en\/wp-json\/wp\/v2\/media\/23222"}],"wp:attachment":[{"href":"https:\/\/kobra.si\/en\/wp-json\/wp\/v2\/media?parent=17604"}],"wp:term":[{"taxonomy":"product_brand","embeddable":true,"href":"https:\/\/kobra.si\/en\/wp-json\/wp\/v2\/product_brand?post=17604"},{"taxonomy":"product_cat","embeddable":true,"href":"https:\/\/kobra.si\/en\/wp-json\/wp\/v2\/product_cat?post=17604"},{"taxonomy":"product_tag","embeddable":true,"href":"https:\/\/kobra.si\/en\/wp-json\/wp\/v2\/product_tag?post=17604"}],"curies":[{"name":"wp","href":"https:\/\/api.w.org\/{rel}","templated":true}]}}