{"id":17522,"date":"2024-12-20T14:49:35","date_gmt":"2024-12-20T13:49:35","guid":{"rendered":"https:\/\/kobra.si\/spletna-trgovina-kobra\/cycplus-m2-bicycle-computer-compatibile-with-strava-trainingpeaks-etc\/"},"modified":"2026-04-13T20:57:06","modified_gmt":"2026-04-13T18:57:06","slug":"cycplus-m2-bicycle-computer-compatibile-with-strava-trainingpeaks-etc","status":"publish","type":"product","link":"https:\/\/kobra.si\/en\/spletna-trgovina-kobra\/cycplus-m2-bicycle-computer-compatibile-with-strava-trainingpeaks-etc\/","title":{"rendered":"Kolesarski ra\u010dunalnik Cycplus M2 &#8211; zdru\u017eljiv z aplikacijami Strava, Trainingpeaks itd."},"content":{"rendered":"<h3>Kolesarski ra\u010dunalnik Cycplus M2<\/h3>\n<p>Se pogosto vozite s kolesom? Zagotovite si priro\u010den dostop do informacij o vo\u017enji! Kolesarski ra\u010dunalnik Cycplus M2 ima 2,5-pal\u010dni zaslon, na katerem najdete vse najpomembnej\u0161e podatke. Z enim polnjenjem deluje pribli\u017eno 35 ur, zaradi vodoodpornosti IPX6 pa ga lahko brez skrbi uporabljate tudi v de\u017eju. Naprava je zdru\u017eljiva tudi s protokolom ANT+, zato jo lahko preprosto pove\u017eete z dodatnimi senzorji.<\/p>\n<p>\n<img decoding=\"async\" border=\"0\" src=\"https:\/\/assets.innpro.pl\/5670\/6675\/1.jpg\" title=\"\">\n<\/p>\n<h3>Enostaven zaslon, kompaktna zasnova<\/h3>\n<p>Ra\u010dunalnik tehta le 68 g, njegove mere pa so 66 x 66 x 22 mm &#8211; na krmilu va\u0161ega kolesa ne bo zavzel preve\u010d prostora. Poleg tega 2,5-pal\u010dni zaslon naprave zagotavlja svetlo in jasno sliko v skoraj vseh svetlobnih pogojih. Zdaj potrebujete le en pogled, da preverite trenutno hitrost, razdaljo, temperaturo ali \u010das, na primer!<\/p>\n<p>\n<img decoding=\"async\" border=\"0\" src=\"https:\/\/assets.innpro.pl\/5670\/6675\/2.jpg\" title=\"\">\n<\/p>\n<h3>Dolg \u010das delovanja<\/h3>\n<p>Ne bojte se, da bi morali ra\u010dunalnik pogosto polniti. Ra\u010dunalnik M2 je opremljen z zmogljivo baterijo 1100 mAh, ki zagotavlja do 35 ur delovanja. \u010ce \u017eelite napravo napolniti, jo preprosto priklju\u010dite prek vgrajenega priklju\u010dka USB-C &#8211; po pribli\u017eno 3,5 urah bo spet popolnoma delujo\u010da!<\/p>\n<p>\n<img decoding=\"async\" border=\"0\" src=\"https:\/\/assets.innpro.pl\/5670\/6675\/5.jpg\" title=\"\">\n<\/p>\n<h3>Zdru\u017eljivost s protokolom ANT+<\/h3>\n<p>Vas zanimajo dodatne informacije? Ni problema &#8211; kolesarski ra\u010dunalnik M2 je zdru\u017eljiv s protokolom ANT+, kar pomeni, da ga lahko preprosto pove\u017eete z dodatnimi senzorji. Senzor sr\u010dnega utripa, hitrosti, ritma ali mo\u010di &#8211; odlo\u010ditev je va\u0161a! Podatke je mogo\u010de sinhronizirati tudi z aplikacijo XOSS prek povezave Bluetooth 5.0. U\u017eivajte v \u0161e bolj priro\u010dnem dostopu do informacij, spremljajte svoj napredek in si zastavite naslednje cilje, ki jih \u017eelite dose\u010di!<\/p>\n<p>\n<img decoding=\"async\" border=\"0\" src=\"https:\/\/assets.innpro.pl\/5670\/6675\/4.jpg\" title=\"\">\n<\/p>\n<h3>Vklju\u010deno<\/h3>\n<ul class=\"list-disc pl-5\">\n<li>Kolesarski ra\u010dunalnik<\/li>\n<li>Polnilni kabel (USB-A na USB-C)<\/li>\n<li>Nosilec za pritrditev<\/li>\n<li>Gumijasta podloga<\/li>\n<li>Brisalec x3<\/li>\n<li>Uporabni\u0161ki priro\u010dnik<\/li>\n<\/ul>\n<div class=\"table-wrapper\">\n<h3><\/h3>\n<table>\n<tbody>\n<tr>\n<th>Proizvajalec<\/th>\n<td>Cycplus<\/td>\n<\/tr>\n<tr>\n<th>Model<\/th>\n<td>M2<\/td>\n<\/tr>\n<tr>\n<th>Prikazovalnik<\/th>\n<td>2,5-pal\u010dni<\/td>\n<\/tr>\n<tr>\n<th>Zdru\u017eljivost z ANT+<\/th>\n<td>Da<\/td>\n<\/tr>\n<tr>\n<th>Razli\u010dica Bluetooth<\/th>\n<td>5.0<\/td>\n<\/tr>\n<tr>\n<th>Kapaciteta baterije<\/th>\n<td>1100 mAh<\/td>\n<\/tr>\n<tr>\n<th>\u010cas delovanja<\/th>\n<td>Pribli\u017eno 35 ur<\/td>\n<\/tr>\n<tr>\n<th>\u010cas polnjenja<\/th>\n<td>Pribli\u017eno 3,5 h<\/td>\n<\/tr>\n<tr>\n<th>Polnilna vrata<\/th>\n<td>USB-C<\/td>\n<\/tr>\n<tr>\n<th>Vodotesnost<\/th>\n<td>IPX6<\/td>\n<\/tr>\n<tr>\n<th>Dimenzije<\/th>\n<td>66 x 66 x 22 mm<\/td>\n<\/tr>\n<tr>\n<th>Weight<\/th>\n<td>68 g<\/td>\n<\/tr>\n<\/tbody>\n<\/table>\n<\/div>","protected":false},"excerpt":{"rendered":"<p>Na zalogi pri zunanjem dobavitelju. Rok dostave 3-5dni.<\/p>","protected":false},"featured_media":23095,"template":"","meta":{"_monsterinsights_skip_tracking":false,"_monsterinsights_sitenote_active":false,"_monsterinsights_sitenote_note":"","_monsterinsights_sitenote_category":0},"product_brand":[],"product_cat":[173,255],"product_tag":[],"class_list":{"0":"post-17522","1":"product","2":"type-product","3":"status-publish","4":"has-post-thumbnail","6":"product_cat-kolesarski-dodatki","7":"product_cat-vsi","9":"first","10":"outofstock","11":"taxable","12":"shipping-taxable","13":"purchasable","14":"product-type-simple"},"jetpack_sharing_enabled":true,"_links":{"self":[{"href":"https:\/\/kobra.si\/en\/wp-json\/wp\/v2\/product\/17522","targetHints":{"allow":["GET"]}}],"collection":[{"href":"https:\/\/kobra.si\/en\/wp-json\/wp\/v2\/product"}],"about":[{"href":"https:\/\/kobra.si\/en\/wp-json\/wp\/v2\/types\/product"}],"version-history":[{"count":3,"href":"https:\/\/kobra.si\/en\/wp-json\/wp\/v2\/product\/17522\/revisions"}],"predecessor-version":[{"id":20861,"href":"https:\/\/kobra.si\/en\/wp-json\/wp\/v2\/product\/17522\/revisions\/20861"}],"wp:featuredmedia":[{"embeddable":true,"href":"https:\/\/kobra.si\/en\/wp-json\/wp\/v2\/media\/23095"}],"wp:attachment":[{"href":"https:\/\/kobra.si\/en\/wp-json\/wp\/v2\/media?parent=17522"}],"wp:term":[{"taxonomy":"product_brand","embeddable":true,"href":"https:\/\/kobra.si\/en\/wp-json\/wp\/v2\/product_brand?post=17522"},{"taxonomy":"product_cat","embeddable":true,"href":"https:\/\/kobra.si\/en\/wp-json\/wp\/v2\/product_cat?post=17522"},{"taxonomy":"product_tag","embeddable":true,"href":"https:\/\/kobra.si\/en\/wp-json\/wp\/v2\/product_tag?post=17522"}],"curies":[{"name":"wp","href":"https:\/\/api.w.org\/{rel}","templated":true}]}}