{"id":17518,"date":"2024-12-20T14:49:26","date_gmt":"2024-12-20T13:49:26","guid":{"rendered":"https:\/\/kobra.si\/spletna-trgovina-kobra\/bike-computer-coospo-bc26-compatibile-with-z-strava-trainingpeaks-etc\/"},"modified":"2026-01-12T20:58:04","modified_gmt":"2026-01-12T19:58:04","slug":"bike-computer-coospo-bc26-compatibile-with-z-strava-trainingpeaks-etc","status":"publish","type":"product","link":"https:\/\/kobra.si\/en\/spletna-trgovina-kobra\/bike-computer-coospo-bc26-compatibile-with-z-strava-trainingpeaks-etc\/","title":{"rendered":"Kolesarski ra\u010dunalnik Coospo BC26 zdru\u017eljiv z z: Strava, Trainingpeaks itd."},"content":{"rendered":"<h3>Kolesarski ra\u010dunalnik Coospo BC26<\/h3>\n<p>Spoznajte Coospo BC26, najmanj\u0161i in najpreprostej\u0161i kolesarski ra\u010dunalnik z GPS, ki je zasnovan posebej za za\u010detne kolesarje. Z integrirano, aerodinami\u010dno obliko, intuitivnimi gumbi in natan\u010dnim dolo\u010danjem polo\u017eaja GPS+BEIDOU zagotavlja BC26 vse, kar potrebujete za za\u010detek vo\u017enje s kolesom. Kompakten in lahek, z dolgo \u017eivljenjsko dobo baterije, je BC26 popolna izbira za vse, ki \u017eelijo spremljati svoje dose\u017eke na kolesu.<\/p>\n<p>\n<img decoding=\"async\" border=\"0\" src=\"https:\/\/assets.innpro.pl\/6506\/7601\/6.jpg\" title=\"\">\n<\/p>\n<h3>Elegantna zasnova in intuitivno upravljanje<\/h3>\n<p>BC26 odlikuje enotna, poenostavljena oblika, ki jo navdihujeta estetika minimalizma in kolesarska aerodinamika. Trije intuitivni gumbi na robu ohi\u0161ja omogo\u010dajo popoln nadzor nad napravo ter zagotavljajo preprosto uporabo in udobje med vo\u017enjo. Lahka in kompaktna naprava, ki tehta le 54 gramov, je enostavna za namestitev in ne ovira va\u0161e vo\u017enje.<\/p>\n<p>\n<img decoding=\"async\" border=\"0\" src=\"https:\/\/assets.innpro.pl\/6506\/7601\/3.jpg\" title=\"\">\n<\/p>\n<h3>Lahko berljiv zaslon s samodejno osvetlitvijo ozadja<\/h3>\n<p>BC26 ima 2,3-pal\u010dni zaslon s samodejno osvetlitvijo ozadja, ki zagotavlja odli\u010dno \u010ditljivost tako pri mo\u010dni son\u010dni svetlobi kot pri \u0161ibki svetlobi. Tako lahko med vo\u017enjo enostavno spremljate svoje podatke ne glede na svetlobne razmere.<\/p>\n<p>\n<img decoding=\"async\" border=\"0\" src=\"https:\/\/assets.innpro.pl\/6506\/7601\/5.jpg\" title=\"\">\n<\/p>\n<h3>Dvojno dolo\u010danje polo\u017eaja GPS in BEIDOU<\/h3>\n<p>BC26 uporablja dvojno dolo\u010danje polo\u017eaja GPS in BEIDOU za zagotavljanje natan\u010dnih podatkov o lokaciji in registraciji. Ko je naprava vklopljena, samodejno i\u0161\u010de signale GPS in Beidou ter kalibrira \u010das, kar zagotavlja zanesljivost in natan\u010dnost. Opomba: Pred prvo uporabo naprave ne pozabite napolniti naprave in poiskati signala GPS na odprtem obmo\u010dju.<\/p>\n<p>\n<img decoding=\"async\" border=\"0\" src=\"https:\/\/assets.innpro.pl\/6506\/7601\/1.jpg\" title=\"\">\n<\/p>\n<h3>Sinhronizacija s storitvijo Strava<\/h3>\n<p>Z aplikacijo CoospoRide lahko podatke o dejavnosti (.fit datoteke) preprosto sinhronizirate z aplikacijo Strava. Aplikacija CoospoRide vam omogo\u010da tudi enostavno konfiguracijo naprave BC26, analizo podatkov o vo\u017enji in posodobitev programske opreme naprave. To je odli\u010dno orodje za vse, ki \u017eelijo spremljati svoj napredek in analizirati svojo zmogljivost.<\/p>\n<p>\n<img decoding=\"async\" border=\"0\" src=\"https:\/\/assets.innpro.pl\/6506\/7601\/2.jpg\" title=\"\">\n<\/p>\n<h3>Opozorilo o hitrosti in dolgem \u010dasu vo\u017enje<\/h3>\n<p>Naprava BC26 vam omogo\u010da nastavitev najvi\u0161je hitrosti, pri prekora\u010ditvi katere bo naprava izdala opozorilni ton. To je kot nala\u0161\u010d za tiste, ki \u017eelijo nadzorovati svojo hitrost in voziti bolj varno. Akumulatorska baterija naprave BC26 zagotavlja 20 ur neprekinjenega delovanja s podporo GPS, kar zadostuje za dolge kolesarske izlete. \u010cas polnjenja je le 2 uri, kar vam omogo\u010da, da napravo hitro pripravite za naslednje potovanje.<\/p>\n<p>\n<img decoding=\"async\" border=\"0\" src=\"https:\/\/assets.innpro.pl\/6506\/7601\/4.jpg\" title=\"\">\n<\/p>\n<h3>Vodoodpornost IPX7<\/h3>\n<p>Naprava BC26 ima certifikat vodoodpornosti IPX7, kar pomeni, da je odporna na \u0161kropljenje. To pomeni, da lahko vozite brez skrbi zaradi de\u017eja. Opomba: Naprave ne potapljajte v vodo in je ne izpostavljajte zelo ostrim vremenskim razmeram.<\/p>\n<p>\n<img decoding=\"async\" border=\"0\" src=\"https:\/\/assets.innpro.pl\/6506\/7601\/7.jpg\" title=\"\">\n<\/p>\n<h3>Vklju\u010deno<\/h3>\n<p>Glavna enota naprave BC26<\/p>\n<p>kabel USB<\/p>\n<p>Nosilec za kolo<\/p>\n<p>uporabni\u0161ki priro\u010dnik<\/p>\n<p>\u0161\u010ditnik zaslona<\/p>\n<p>Silikonski brisalec<\/p>\n<p>Gumijasta podloga<\/p>\n<p>Mini klju\u010d z imbusom<\/p>\n<div class=\"table-wrapper\">\n<h3><\/h3>\n<table>\n<tbody>\n<tr>\n<th>Proizvajalec<\/th>\n<td>Coospo<\/td>\n<\/tr>\n<tr>\n<th>Model<\/th>\n<td>BC26<\/td>\n<\/tr>\n<tr>\n<th>Dimenzije<\/th>\n<td>72,26 x 50 x 21,55 mm<\/td>\n<\/tr>\n<tr>\n<th>Velikost zaslona<\/th>\n<td>2,3&#8243; FSTN<\/td>\n<\/tr>\n<tr>\n<th>Weight<\/th>\n<td>54g<\/td>\n<\/tr>\n<tr>\n<th>Samodejna osvetlitev ozadja<\/th>\n<td>Da<\/td>\n<\/tr>\n<tr>\n<th>\u017divljenjska doba baterije<\/th>\n<td>20 ur z GPS<\/td>\n<\/tr>\n<tr>\n<th>\u010cas polnjenja<\/th>\n<td>2 uri<\/td>\n<\/tr>\n<tr>\n<th>Sistem za dolo\u010danje polo\u017eaja<\/th>\n<td>GPS IN BDS<\/td>\n<\/tr>\n<tr>\n<th>Usmerjanje in navigacija<\/th>\n<td>Brez<\/td>\n<\/tr>\n<tr>\n<th>Pomnilnik<\/th>\n<td>8M (80 ur zgodovine)<\/td>\n<\/tr>\n<\/tbody>\n<\/table>\n<\/div>","protected":false},"excerpt":{"rendered":"<p>Na zalogi pri zunanjem dobavitelju. Rok dostave 3-5dni.<\/p>","protected":false},"featured_media":23091,"template":"","meta":{"_monsterinsights_skip_tracking":false,"_monsterinsights_sitenote_active":false,"_monsterinsights_sitenote_note":"","_monsterinsights_sitenote_category":0},"product_brand":[],"product_cat":[173,255],"product_tag":[],"class_list":{"0":"post-17518","1":"product","2":"type-product","3":"status-publish","4":"has-post-thumbnail","6":"product_cat-kolesarski-dodatki","7":"product_cat-vsi","9":"first","10":"outofstock","11":"taxable","12":"shipping-taxable","13":"purchasable","14":"product-type-simple"},"jetpack_sharing_enabled":true,"_links":{"self":[{"href":"https:\/\/kobra.si\/en\/wp-json\/wp\/v2\/product\/17518","targetHints":{"allow":["GET"]}}],"collection":[{"href":"https:\/\/kobra.si\/en\/wp-json\/wp\/v2\/product"}],"about":[{"href":"https:\/\/kobra.si\/en\/wp-json\/wp\/v2\/types\/product"}],"version-history":[{"count":3,"href":"https:\/\/kobra.si\/en\/wp-json\/wp\/v2\/product\/17518\/revisions"}],"predecessor-version":[{"id":20857,"href":"https:\/\/kobra.si\/en\/wp-json\/wp\/v2\/product\/17518\/revisions\/20857"}],"wp:featuredmedia":[{"embeddable":true,"href":"https:\/\/kobra.si\/en\/wp-json\/wp\/v2\/media\/23091"}],"wp:attachment":[{"href":"https:\/\/kobra.si\/en\/wp-json\/wp\/v2\/media?parent=17518"}],"wp:term":[{"taxonomy":"product_brand","embeddable":true,"href":"https:\/\/kobra.si\/en\/wp-json\/wp\/v2\/product_brand?post=17518"},{"taxonomy":"product_cat","embeddable":true,"href":"https:\/\/kobra.si\/en\/wp-json\/wp\/v2\/product_cat?post=17518"},{"taxonomy":"product_tag","embeddable":true,"href":"https:\/\/kobra.si\/en\/wp-json\/wp\/v2\/product_tag?post=17518"}],"curies":[{"name":"wp","href":"https:\/\/api.w.org\/{rel}","templated":true}]}}