{"id":17471,"date":"2024-12-20T14:41:11","date_gmt":"2024-12-20T13:41:11","guid":{"rendered":"https:\/\/kobra.si\/spletna-trgovina-kobra\/baseus-intelligent-t2-pro-anti-loss-device-white\/"},"modified":"2025-12-01T10:08:10","modified_gmt":"2025-12-01T09:08:10","slug":"baseus-intelligent-t2-pro-anti-loss-device-white","status":"publish","type":"product","link":"https:\/\/kobra.si\/en\/spletna-trgovina-kobra\/baseus-intelligent-t2-pro-anti-loss-device-white\/","title":{"rendered":"Baseus Intelligent T2 Pro, naprava za prepre\u010devanje izgube (bela)"},"content":{"rendered":"<h3>Baseus T2 Pro naprava proti izgubi<\/h3>\n<p>Se odpravljate na po\u010ditnice in se bojite, da boste izgubili prtljago? Ali pa se va\u0161 otrok odpravlja na poletni tabor in \u017eelite poskrbeti za njegovo varnost? Iskalnik Bluetooth Baseus T2 Pro v realnem \u010dasu sledi predmetom in prepre\u010duje njihovo izgubo ter skrbi za varnost otrok in starej\u0161ih v mno\u017eicah. \u017divljenjska doba baterije je 365 dni, pri iskanju pa vam pomaga glasen alarm. Zaradi prilo\u017eene vrvice je izdelek enostavno namestiti.<\/p>\n<p><img decoding=\"async\" src=\"https:\/\/b2b.innpro.pl\/data\/include\/cms\/-Baseus\/FMTP000002\/1.jpg?v=1646917930085\" title=\"\"><\/p>\n<h3>Hitro lociranje<\/h3>\n<p>Lokator pritrdite na dolo\u010den predmet, da ga ne boste nikoli ve\u010d izgubili. Ko ste v njegovem dosegu, je potreben le en gumb v aplikaciji Baseus Smart, da se spro\u017ei alarm z jakostjo 90 dB. Tako boste takoj na\u0161li izgubljene predmete brez dolgotrajnega iskanja in stresa.<\/p>\n<p><img decoding=\"async\" src=\"https:\/\/b2b.innpro.pl\/data\/include\/cms\/-Baseus\/FMTP000002\/6.jpg?v=1646917930085\" title=\"\"><\/p>\n<h3>Dolg \u010das delovanja<\/h3>\n<p>Baseus T2 Pro izstopa po izjemno dolgem \u010dasu delovanja. Lokator je opremljen z baterijo CR2032, ki zagotavlja do 365 dni delovanja. Tako vam ni treba skrbeti za nenadno izpraznitev, ki bi vam ote\u017eila iskanje izgubljenih predmetov pred pomembnim izletom.<\/p>\n<p><img decoding=\"async\" src=\"https:\/\/b2b.innpro.pl\/data\/include\/cms\/-Baseus\/FMTP000002\/3.jpg?v=1646917930085\" title=\"\"><\/p>\n<h3>Koristen zemljevid<\/h3>\n<p>\u010ce izgubite povezavo z dolo\u010denim predmetom, vam bo zemljevid, ki je na voljo v aplikaciji, pomagal najti predmet. Na njem lahko preverite zadnji polo\u017eaj izgubljenega predmeta, kar vam bo precej olaj\u0161alo njegovo iskanje. Ta funkcija se dobro obnese tudi v avtomobilu &#8211; lokator pustite v njem in v realnem \u010dasu spremljajte lokacijo avtomobila. Z aplikacijo lahko hkrati upravljate neomejeno \u0161tevilo lokatorjev.<\/p>\n<p><img decoding=\"async\" src=\"https:\/\/b2b.innpro.pl\/data\/include\/cms\/-Baseus\/FMTP000002\/4.jpg?v=1646917930085\" title=\"\"><\/p>\n<h3>Alarm proti izgubi<\/h3>\n<p>Lokator Bluetooth Baseus T2 Pro podpira dvosmerno signalizacijo za prepre\u010devanje izgube signala. Ko je razdalja med va\u0161o mobilno napravo in lokatorjem ve\u010dja od 30 metrov na prostem in 10 metrov v zaprtih prostorih, se oglasi samodejni alarm, ki vas obvesti o prekora\u010ditvi varne razdalje.<\/p>\n<p><img decoding=\"async\" src=\"https:\/\/b2b.innpro.pl\/data\/include\/cms\/-Baseus\/FMTP000002\/2.jpg?v=1646917930085\" title=\"\"><\/p>\n<h3>Ve\u010dja varnost za otroke in starej\u0161e<\/h3>\n<p>Z lokatorjem je veliko la\u017eje poskrbeti za otroka ali starej\u0161ega, na primer med nakupovanjem v prenatrpanem nakupovalnem sredi\u0161\u010du. Vse, kar morate storiti, je, da ga vstavite v \u017eep osebe, in ko se ta oddalji, bo va\u0161 pametni telefon spro\u017eil alarm. Pomembno je, da funkcija deluje tudi v obratni smeri, tako da lahko otrok ali starej\u0161i pokli\u010de skrbnika. To omogo\u010da preprost gumb na lokatorju.<\/p>\n<p><img decoding=\"async\" src=\"https:\/\/b2b.innpro.pl\/data\/include\/cms\/-Baseus\/FMTP000003\/5.jpg?v=1646916578830\" title=\"\"><\/p>\n<div class=\"table-wrapper\">\n<table>\n<tbody>\n<tr>\n<th>Blagovna znamka<\/th>\n<td>Baseus<\/td>\n<\/tr>\n<tr>\n<th>Ime<\/th>\n<td>Baseus T2 Pro naprava proti izgubi<\/td>\n<\/tr>\n<tr>\n<th>Model<\/th>\n<td>T2 Pro<\/td>\n<\/tr>\n<tr>\n<th>Material<\/th>\n<td>PC<\/td>\n<\/tr>\n<tr>\n<th>Color<\/th>\n<td>White<\/td>\n<\/tr>\n<tr>\n<th>Vrsta baterije<\/th>\n<td>Litij-ionska<\/td>\n<\/tr>\n<tr>\n<th>Kapaciteta baterije<\/th>\n<td>240 mAh<\/td>\n<\/tr>\n<tr>\n<th>\u017divljenjska doba baterije<\/th>\n<td>pribli\u017eno 365 dni<\/td>\n<\/tr>\n<tr>\n<th>Nazivni tok<\/th>\n<td>3,3 mA<\/td>\n<\/tr>\n<tr>\n<th>Power supply<\/th>\n<td>10 mW<\/td>\n<\/tr>\n<tr>\n<th>Nazivna napetost<\/th>\n<td>3 V<\/td>\n<\/tr>\n<tr>\n<th>Obseg<\/th>\n<td>80-100 dB<\/td>\n<\/tr>\n<tr>\n<th>Dimenzije<\/th>\n<td>32 x 35 x 8 mm<\/td>\n<\/tr>\n<tr>\n<th>Weight<\/th>\n<td>5 g<\/td>\n<\/tr>\n<\/tbody>\n<\/table>\n<\/div>","protected":false},"excerpt":{"rendered":"<p>Na zalogi pri zunanjem dobavitelju. Rok dostave 3-5dni.<\/p>","protected":false},"featured_media":22748,"template":"","meta":{"_monsterinsights_skip_tracking":false,"_monsterinsights_sitenote_active":false,"_monsterinsights_sitenote_note":"","_monsterinsights_sitenote_category":0},"product_brand":[],"product_cat":[61,133,255],"product_tag":[],"class_list":{"0":"post-17471","1":"product","2":"type-product","3":"status-publish","4":"has-post-thumbnail","6":"product_cat-dodatki","7":"product_cat-airtag","8":"product_cat-vsi","10":"first","11":"instock","12":"taxable","13":"shipping-taxable","14":"purchasable","15":"product-type-simple"},"jetpack_sharing_enabled":true,"_links":{"self":[{"href":"https:\/\/kobra.si\/en\/wp-json\/wp\/v2\/product\/17471","targetHints":{"allow":["GET"]}}],"collection":[{"href":"https:\/\/kobra.si\/en\/wp-json\/wp\/v2\/product"}],"about":[{"href":"https:\/\/kobra.si\/en\/wp-json\/wp\/v2\/types\/product"}],"version-history":[{"count":3,"href":"https:\/\/kobra.si\/en\/wp-json\/wp\/v2\/product\/17471\/revisions"}],"predecessor-version":[{"id":20464,"href":"https:\/\/kobra.si\/en\/wp-json\/wp\/v2\/product\/17471\/revisions\/20464"}],"wp:featuredmedia":[{"embeddable":true,"href":"https:\/\/kobra.si\/en\/wp-json\/wp\/v2\/media\/22748"}],"wp:attachment":[{"href":"https:\/\/kobra.si\/en\/wp-json\/wp\/v2\/media?parent=17471"}],"wp:term":[{"taxonomy":"product_brand","embeddable":true,"href":"https:\/\/kobra.si\/en\/wp-json\/wp\/v2\/product_brand?post=17471"},{"taxonomy":"product_cat","embeddable":true,"href":"https:\/\/kobra.si\/en\/wp-json\/wp\/v2\/product_cat?post=17471"},{"taxonomy":"product_tag","embeddable":true,"href":"https:\/\/kobra.si\/en\/wp-json\/wp\/v2\/product_tag?post=17471"}],"curies":[{"name":"wp","href":"https:\/\/api.w.org\/{rel}","templated":true}]}}