{"id":17437,"date":"2024-12-20T14:37:46","date_gmt":"2024-12-20T13:37:46","guid":{"rendered":"https:\/\/kobra.si\/spletna-trgovina-kobra\/bicycle-bag-rockbros-b68\/"},"modified":"2026-04-10T20:48:06","modified_gmt":"2026-04-10T18:48:06","slug":"bicycle-bag-rockbros-b68","status":"publish","type":"product","link":"https:\/\/kobra.si\/en\/spletna-trgovina-kobra\/bicycle-bag-rockbros-b68\/","title":{"rendered":"Torba za kolo Rockbros B68"},"content":{"rendered":"<h3>Torba za kolo, nosilec Rockbros B68<\/h3>\n<p>Torba za kolo Rockbros vam omogo\u010da, da med vo\u017enjo s kolesom priro\u010dno in varno shranite pametni telefon, dokumente ali druge pripomo\u010dke. Izdelana je iz trpe\u017enih, vodoodpornih materialov, ki zagotavljajo varnost, posebna PU prevleka pa \u0161\u010diti zaslon pred son\u010dnimi \u017earki. <\/p>\n<p><img decoding=\"async\" src=\"https:\/\/b2b.innpro.pl\/data\/include\/cms\/Rockbros\/B68\/5.jpg\" title=\"\"><\/p>\n<h3>Udobna uporaba telefona<\/h3>\n<p>Izdelek je opremljen z \u017eepom za telefon, zato ga lahko udobno uporabljate. Poleg tega zgornja plast iz plastike TPU \u0161\u010diti zaslon pred de\u017ejem. Poleg tega ne vpliva na rokovanje s telefonom. Poleg tega vam prevleka iz PU omogo\u010da udobno uporabo pametnega telefona tudi v son\u010dnih dneh.<\/p>\n<p><img decoding=\"async\" src=\"https:\/\/b2b.innpro.pl\/data\/include\/cms\/Rockbros\/B68\/4.jpg\" title=\"\"><\/p>\n<h3>Premi\u0161ljena zasnova<\/h3>\n<p>Torbica je oblo\u017eena z dvojno plastjo pene, ki u\u010dinkovito \u0161\u010diti pametni telefon. Poleg tega bo zaradi velike prostornine v njej mogo\u010de namestiti \u0161tevilne dodatke, na primer majhno svetilko, denarnico, o\u010dala itd. Posebni trakovi z velkro zaponkami omogo\u010dajo enostavno namestitev in zagotavljajo stabilnost. Izdelek je tudi vodoodporen in ima prenosno obliko. Poleg tega vas odsevni logotip naredi vidne tudi po temi.<\/p>\n<p><img decoding=\"async\" src=\"https:\/\/b2b.innpro.pl\/data\/include\/cms\/Rockbros\/B68\/1.jpg\" title=\"\"><\/p>\n<div class=\"table-wrapper\">\n<table>\n<tbody>\n<tr>\n<th>Proizvajalec<\/th>\n<td>Rockbros<\/td>\n<\/tr>\n<tr>\n<th>Model<\/th>\n<td>B68<\/td>\n<\/tr>\n<tr>\n<th>Color<\/th>\n<td>\u010drna<\/td>\n<\/tr>\n<tr>\n<th>Material <\/th>\n<td>PU, TPU<\/td>\n<\/tr>\n<tr>\n<th>Weight<\/th>\n<td>pribli\u017eno 300 g<\/td>\n<\/tr>\n<tr>\n<th>Dimenzije<\/th>\n<td>pribli\u017eno 31 x 10,5 x 5,5 cm<\/td>\n<\/tr>\n<\/tbody>\n<\/table>\n<\/div>","protected":false},"excerpt":{"rendered":"<p>Na zalogi pri zunanjem dobavitelju. Rok dostave 3-5dni.<\/p>","protected":false},"featured_media":22834,"template":"","meta":{"_monsterinsights_skip_tracking":false,"_monsterinsights_sitenote_active":false,"_monsterinsights_sitenote_note":"","_monsterinsights_sitenote_category":0},"product_brand":[],"product_cat":[173,255],"product_tag":[],"class_list":{"0":"post-17437","1":"product","2":"type-product","3":"status-publish","4":"has-post-thumbnail","6":"product_cat-kolesarski-dodatki","7":"product_cat-vsi","9":"first","10":"outofstock","11":"taxable","12":"shipping-taxable","13":"purchasable","14":"product-type-simple"},"jetpack_sharing_enabled":true,"_links":{"self":[{"href":"https:\/\/kobra.si\/en\/wp-json\/wp\/v2\/product\/17437","targetHints":{"allow":["GET"]}}],"collection":[{"href":"https:\/\/kobra.si\/en\/wp-json\/wp\/v2\/product"}],"about":[{"href":"https:\/\/kobra.si\/en\/wp-json\/wp\/v2\/types\/product"}],"version-history":[{"count":3,"href":"https:\/\/kobra.si\/en\/wp-json\/wp\/v2\/product\/17437\/revisions"}],"predecessor-version":[{"id":20558,"href":"https:\/\/kobra.si\/en\/wp-json\/wp\/v2\/product\/17437\/revisions\/20558"}],"wp:featuredmedia":[{"embeddable":true,"href":"https:\/\/kobra.si\/en\/wp-json\/wp\/v2\/media\/22834"}],"wp:attachment":[{"href":"https:\/\/kobra.si\/en\/wp-json\/wp\/v2\/media?parent=17437"}],"wp:term":[{"taxonomy":"product_brand","embeddable":true,"href":"https:\/\/kobra.si\/en\/wp-json\/wp\/v2\/product_brand?post=17437"},{"taxonomy":"product_cat","embeddable":true,"href":"https:\/\/kobra.si\/en\/wp-json\/wp\/v2\/product_cat?post=17437"},{"taxonomy":"product_tag","embeddable":true,"href":"https:\/\/kobra.si\/en\/wp-json\/wp\/v2\/product_tag?post=17437"}],"curies":[{"name":"wp","href":"https:\/\/api.w.org\/{rel}","templated":true}]}}