{"id":17435,"date":"2024-12-20T14:37:37","date_gmt":"2024-12-20T13:37:37","guid":{"rendered":"https:\/\/kobra.si\/spletna-trgovina-kobra\/bicycle-bag-rockbros-as-043\/"},"modified":"2026-02-04T20:48:08","modified_gmt":"2026-02-04T19:48:08","slug":"bicycle-bag-rockbros-as-043","status":"publish","type":"product","link":"https:\/\/kobra.si\/en\/spletna-trgovina-kobra\/bicycle-bag-rockbros-as-043\/","title":{"rendered":"Torba za kolo Rockbros AS-043"},"content":{"rendered":"<h3>Torba za kolo Rockbros AS-043 pod okvir<\/h3>\n<p>Torba za kolo Rockbros AS-043 vam omogo\u010da udobno in varno shranjevanje dodatne opreme. Zaradi premi\u0161ljene zasnove ne ovira va\u0161e vo\u017enje in vas \u0161\u010diti pred vdorom vode v notranjost. Enostavno jo lahko pritrdite na okvir kolesa &#8211; to vam omogo\u010dajo posebni trakovi na velcro. <\/p>\n<p><img decoding=\"async\" src=\"https:\/\/b2b.innpro.pl\/data\/include\/cms\/Rockbros\/AS-043\/2.jpg\" title=\"\"><\/p>\n<h3>Varno in priro\u010dno shranjevanje<\/h3>\n<p>Torba Rockbros AS-043 je izdelana iz materiala, odpornega na obrabo in vodo, zato ste lahko prepri\u010dani, da se predmeti v torbi ne bodo po\u0161kodovali, \u010de bo med vo\u017enjo nenadoma za\u010delo de\u017eevati. Dodatno za\u0161\u010dito zagotavlja tesna zadrga s posebnim pokrovom. Poleg tega je prostornina izdelka 3 litre, zato lahko vanj uspe\u0161no spravite pametni telefon, steklenico vode ali dokumente. <\/p>\n<p><img decoding=\"async\" src=\"https:\/\/b2b.innpro.pl\/data\/include\/cms\/Rockbros\/AS-043\/4.jpg\" title=\"\"><\/p>\n<div class=\"table-wrapper\">\n<table>\n<tbody>\n<tr>\n<th>Proizvajalec:<\/th>\n<td>Rockbros<\/td>\n<\/tr>\n<tr>\n<th>Model<\/th>\n<td>AS-043<\/td>\n<\/tr>\n<tr>\n<th>Color<\/th>\n<td>\u010drna<\/td>\n<\/tr>\n<tr>\n<th>Capacity<\/th>\n<td>3 l<\/td>\n<\/tr>\n<tr>\n<th>Dimenzije<\/th>\n<td>40 x 6 x 12,5 cm<\/td>\n<\/tr>\n<tr>\n<th>Material<\/th>\n<td>poliester<\/td>\n<\/tr>\n<tr>\n<th>Weight<\/th>\n<td>pribli\u017eno 150 g<\/td>\n<\/tr>\n<\/tbody>\n<\/table>\n<\/div>","protected":false},"excerpt":{"rendered":"<p>Na zalogi pri zunanjem dobavitelju. Rok dostave 3-5dni.<\/p>","protected":false},"featured_media":22833,"template":"","meta":{"_monsterinsights_skip_tracking":false,"_monsterinsights_sitenote_active":false,"_monsterinsights_sitenote_note":"","_monsterinsights_sitenote_category":0},"product_brand":[],"product_cat":[173,255],"product_tag":[],"class_list":{"0":"post-17435","1":"product","2":"type-product","3":"status-publish","4":"has-post-thumbnail","6":"product_cat-kolesarski-dodatki","7":"product_cat-vsi","9":"first","10":"outofstock","11":"taxable","12":"shipping-taxable","13":"purchasable","14":"product-type-simple"},"jetpack_sharing_enabled":true,"_links":{"self":[{"href":"https:\/\/kobra.si\/en\/wp-json\/wp\/v2\/product\/17435","targetHints":{"allow":["GET"]}}],"collection":[{"href":"https:\/\/kobra.si\/en\/wp-json\/wp\/v2\/product"}],"about":[{"href":"https:\/\/kobra.si\/en\/wp-json\/wp\/v2\/types\/product"}],"version-history":[{"count":3,"href":"https:\/\/kobra.si\/en\/wp-json\/wp\/v2\/product\/17435\/revisions"}],"predecessor-version":[{"id":20556,"href":"https:\/\/kobra.si\/en\/wp-json\/wp\/v2\/product\/17435\/revisions\/20556"}],"wp:featuredmedia":[{"embeddable":true,"href":"https:\/\/kobra.si\/en\/wp-json\/wp\/v2\/media\/22833"}],"wp:attachment":[{"href":"https:\/\/kobra.si\/en\/wp-json\/wp\/v2\/media?parent=17435"}],"wp:term":[{"taxonomy":"product_brand","embeddable":true,"href":"https:\/\/kobra.si\/en\/wp-json\/wp\/v2\/product_brand?post=17435"},{"taxonomy":"product_cat","embeddable":true,"href":"https:\/\/kobra.si\/en\/wp-json\/wp\/v2\/product_cat?post=17435"},{"taxonomy":"product_tag","embeddable":true,"href":"https:\/\/kobra.si\/en\/wp-json\/wp\/v2\/product_tag?post=17435"}],"curies":[{"name":"wp","href":"https:\/\/api.w.org\/{rel}","templated":true}]}}