{"id":17430,"date":"2024-12-20T14:37:12","date_gmt":"2024-12-20T13:37:12","guid":{"rendered":"https:\/\/kobra.si\/spletna-trgovina-kobra\/bicycle-bag-rockbros-as-006bk-black\/"},"modified":"2026-02-04T20:48:04","modified_gmt":"2026-02-04T19:48:04","slug":"bicycle-bag-rockbros-as-006bk-black","status":"publish","type":"product","link":"https:\/\/kobra.si\/en\/spletna-trgovina-kobra\/bicycle-bag-rockbros-as-006bk-black\/","title":{"rendered":"Torba za kolo Rockbros AS-006BK (\u010drna)"},"content":{"rendered":"<h3>Rockbros AS-006BK torba za kolo \/ nosilec za kolo (\u010drna).<\/h3>\n<p>Torba Rockbros AS-006BK je sestavljena iz dveh \u017eepov in ima namensko ohi\u0161je za telefon. Torba je popolnoma odporna na vodo, zato ste lahko prepri\u010dani, da se va\u0161a dodatna oprema ne bo po\u0161kodovala. Opremljena je z neprepustnimi zadrgami in tehta pribli\u017eno 246 g. Poleg tega je primerna za pametne telefone, katerih diagonala zaslona ne presega 6 palcev. Zaradi velike prostornine boste vanj lahko spravili na primer svetilko, polnilni kabel, dokumente, denarnico ali orodje, ki vam bo pri\u0161lo prav med morebitno okvaro kolesa.<\/p>\n<p><img decoding=\"async\" src=\"https:\/\/b2b.innpro.pl\/data\/include\/cms\/Rockbros\/AS-006BK\/5.jpg\" title=\"\"><\/p>\n<div class=\"table-wrapper\">\n<table>\n<tbody>\n<tr>\n<th>Proizvajalec<\/th>\n<td>Rockbros<\/td>\n<\/tr>\n<tr>\n<th>Model<\/th>\n<td>AS-006BK<\/td>\n<\/tr>\n<tr>\n<th>Color<\/th>\n<td>\u010drna<\/td>\n<\/tr>\n<tr>\n<th>Material<\/th>\n<td>Najlon 840D<\/td>\n<\/tr>\n<tr>\n<th>Odpornost na vodo<\/th>\n<td>IPX6<\/td>\n<\/tr>\n<tr>\n<th>Dimenzije<\/th>\n<td>46 x 34 x 21 x 18 cm<\/td>\n<\/tr>\n<tr>\n<th>Weight<\/th>\n<td>pribli\u017eno 246 g<\/td>\n<\/tr>\n<tr>\n<th>Velikost diagonale zaslona telefona<\/th>\n<td>6&#8243;<\/td>\n<\/tr>\n<\/tbody>\n<\/table>\n<\/div>","protected":false},"excerpt":{"rendered":"<p>Na zalogi pri zunanjem dobavitelju. Rok dostave 3-5dni.<\/p>","protected":false},"featured_media":22830,"template":"","meta":{"_monsterinsights_skip_tracking":false,"_monsterinsights_sitenote_active":false,"_monsterinsights_sitenote_note":"","_monsterinsights_sitenote_category":0},"product_brand":[],"product_cat":[173,255],"product_tag":[],"class_list":{"0":"post-17430","1":"product","2":"type-product","3":"status-publish","4":"has-post-thumbnail","6":"product_cat-kolesarski-dodatki","7":"product_cat-vsi","9":"first","10":"outofstock","11":"taxable","12":"shipping-taxable","13":"purchasable","14":"product-type-simple"},"jetpack_sharing_enabled":true,"_links":{"self":[{"href":"https:\/\/kobra.si\/en\/wp-json\/wp\/v2\/product\/17430","targetHints":{"allow":["GET"]}}],"collection":[{"href":"https:\/\/kobra.si\/en\/wp-json\/wp\/v2\/product"}],"about":[{"href":"https:\/\/kobra.si\/en\/wp-json\/wp\/v2\/types\/product"}],"version-history":[{"count":3,"href":"https:\/\/kobra.si\/en\/wp-json\/wp\/v2\/product\/17430\/revisions"}],"predecessor-version":[{"id":20551,"href":"https:\/\/kobra.si\/en\/wp-json\/wp\/v2\/product\/17430\/revisions\/20551"}],"wp:featuredmedia":[{"embeddable":true,"href":"https:\/\/kobra.si\/en\/wp-json\/wp\/v2\/media\/22830"}],"wp:attachment":[{"href":"https:\/\/kobra.si\/en\/wp-json\/wp\/v2\/media?parent=17430"}],"wp:term":[{"taxonomy":"product_brand","embeddable":true,"href":"https:\/\/kobra.si\/en\/wp-json\/wp\/v2\/product_brand?post=17430"},{"taxonomy":"product_cat","embeddable":true,"href":"https:\/\/kobra.si\/en\/wp-json\/wp\/v2\/product_cat?post=17430"},{"taxonomy":"product_tag","embeddable":true,"href":"https:\/\/kobra.si\/en\/wp-json\/wp\/v2\/product_tag?post=17430"}],"curies":[{"name":"wp","href":"https:\/\/api.w.org\/{rel}","templated":true}]}}