{"id":17410,"date":"2024-12-20T14:35:10","date_gmt":"2024-12-20T13:35:10","guid":{"rendered":"https:\/\/kobra.si\/spletna-trgovina-kobra\/active-stylus-baseus-smooth-writing-series-with-plug-in-charging-lightning-white\/"},"modified":"2026-04-15T20:52:05","modified_gmt":"2026-04-15T18:52:05","slug":"active-stylus-baseus-smooth-writing-series-with-plug-in-charging-lightning-white","status":"publish","type":"product","link":"https:\/\/kobra.si\/en\/spletna-trgovina-kobra\/active-stylus-baseus-smooth-writing-series-with-plug-in-charging-lightning-white\/","title":{"rendered":"Aktivno pisalo Baseus Smooth Writing Series z vti\u010dnim polnjenjem, strela (belo)"},"content":{"rendered":"<h3>Aktivno pisalo Baseus Smooth Writing Series z vti\u010dnim polnjenjem, strela (belo)<\/h3>\n<p>Pisalo Baseus Smooth Writing Series je priro\u010dno orodje za grafi\u010dne oblikovalce, pisarni\u0161ke delavce, \u0161tudente in druge. Omogo\u010da udobno pisanje in risanje na tabli\u010dnem ra\u010dunalniku, saj lahko s spreminjanjem njegovega kota prilagodite debelino \u010drte. Odlikuje ga \u010das delovanja do 10,5 ure, polnite pa ga lahko tudi neposredno z iPada. Vgrajeni gumbi omogo\u010dajo enostaven dostop do \u0161tevilnih uporabnih funkcij, tehnologija Palm Rejection pa vam omogo\u010da, da se z roko udobno naslonite na zaslon. V paketu boste na\u0161li tudi rezervno konico.<\/p>\n<p><img decoding=\"async\" src=\"https:\/\/b2b.innpro.pl\/data\/include\/cms\/-Baseus\/P80015806211-03\/3.jpg\" border=\"0\" alt=\"-Baseus\/P80015806211-03\/3\" title=\"\"><\/p>\n<h3>Dolga \u017eivljenjska doba baterije, brezskrbno polnjenje<\/h3>\n<p>Ne skrbite, da bi pisalu prehitro zmanjkalo energije in bi to motilo va\u0161e delo. Naprava lahko deluje do 10,5 ure, v na\u010dinu pripravljenosti pa zdr\u017ei pribli\u017eno 12 mesecev. Nivo baterije lahko preverite na dva na\u010dina &#8211; z vgrajenimi indikatorji LED ali na zaslonu tabli\u010dnega ra\u010dunalnika. \u010ce \u017eelite pisalo napolniti, ga preprosto pove\u017eite z iPadom &#8211; poglejte, kako priro\u010dno je to!<\/p>\n<p><img decoding=\"async\" src=\"https:\/\/b2b.innpro.pl\/data\/include\/cms\/-Baseus\/P80015806211-03\/1.jpg\" border=\"0\" alt=\"-Baseus\/P80015806211-03\/1\" title=\"\"><\/p>\n<h3>Tehnologija zavra\u010danja dlani<\/h3>\n<p>Ko uporabljate pisalo Baseus, lahko zaradi tehnologije Palm Rejection udobno polo\u017eite roko na zaslon tabli\u010dnega ra\u010dunalnika. Ne skrbite, da bi po pomoti karkoli pritisnili in si uni\u010dili risbo! U\u017eivajte v neprimerljivem udobju in pozabite na bole\u010dine v zapestju.<\/p>\n<p><img decoding=\"async\" src=\"https:\/\/b2b.innpro.pl\/data\/include\/cms\/-Baseus\/P80015806211-03\/4.jpg\" border=\"0\" alt=\"-Baseus\/P80015806211-03\/4\" title=\"\"><\/p>\n<h3>Prilagodite debelino \u010drte<\/h3>\n<p>\u010ce \u017eelite spremeniti debelino \u010drte, preprosto nagnite pisalo pod ustreznim kotom. Kot 90\u00b0 vam bo zagotovil najve\u010djo natan\u010dnost, ki je kot nala\u0161\u010d za risanje drobnih podrobnosti. Kot 60\u00b0 je idealen za pisanje, kot 45\u00b0 pa zagotavlja najdebelej\u0161o \u010drto, ki je kot nala\u0161\u010d za barvanje, na primer.<\/p>\n<p><img decoding=\"async\" src=\"https:\/\/b2b.innpro.pl\/data\/include\/cms\/-Baseus\/P80015806211-03\/6.jpg\" border=\"0\" alt=\"-Baseus\/P80015806211-03\/6\" title=\"\"><\/p>\n<h3>Izbolj\u0161ana konstrukcija<\/h3>\n<p>Pozla\u010deno bakreno jedro zagotavlja zanesljivo delovanje pisala in stabilen prenos signala, zato vam ni treba skrbeti, da bi izdelek zaostajal. Konica naprave je izdelana iz visokokakovostnega materiala POM, ki ne navdu\u0161uje le s svojo trpe\u017enostjo, temve\u010d tudi ne bo opraskal zaslona va\u0161e tablice. Po potrebi jo lahko preprosto zamenjate &#8211; preprosto jo odvijete. Pisalo ima tudi magnetno zasnovo, ki vam omogo\u010da, da ga pritrdite na iPad.<\/p>\n<p><img decoding=\"async\" src=\"https:\/\/b2b.innpro.pl\/data\/include\/cms\/-Baseus\/P80015806211-03\/7.jpg\" border=\"0\" alt=\"-Baseus\/P80015806211-03\/7\" title=\"\"><\/p>\n<h3>\u0160tevilne zanimive funkcije<\/h3>\n<p>Pisalo je opremljeno z uporabniku prijaznimi gumbi, ki olaj\u0161ajo pisanje, risanje in upravljanje tabli\u010dnega ra\u010dunalnika. Na voljo vam je 14 funkcij, od prilagajanja glasnosti do ustvarjanja posnetkov zaslona. Izbira je va\u0161a! Po potrebi lahko napisano besedilo kadar koli izbri\u0161ete. Na voljo je tudi funkcija Auto-Perfection, ki samodejno izbolj\u0161a va\u0161e risbe in jim daje popolno obliko.<\/p>\n<p><img decoding=\"async\" src=\"https:\/\/b2b.innpro.pl\/data\/include\/cms\/-Baseus\/P80015806211-03\/5.jpg\" border=\"0\" alt=\"-Baseus\/P80015806211-03\/5\" title=\"\"><\/p>\n<h3>V \u0161katli<\/h3>\n<ul>\n<li>Pisalo<\/li>\n<li>Rezervna konica<\/li>\n<li>Kabel USB-A s kablom Lightning<\/li>\n<\/ul>\n<div class=\"table-wrapper\">\n<table>\n<tbody>\n<tr>\n<th>Blagovna znamka<\/th>\n<td>Baseus<\/td>\n<\/tr>\n<tr>\n<th>Ime<\/th>\n<td>Baseus Smooth Writing 2 Series Stylus z vti\u010dem<\/td>\n<\/tr>\n<tr>\n<th>Model<\/th>\n<td>P80015806211-03<\/td>\n<\/tr>\n<tr>\n<th>Color<\/th>\n<td>White<\/td>\n<\/tr>\n<tr>\n<th>Zmogljivost baterije<\/th>\n<td>130 mAh<\/td>\n<\/tr>\n<tr>\n<th>Delovni \u010das<\/th>\n<td>Pribli\u017eno 10,5 ure<\/td>\n<\/tr>\n<tr>\n<th>Material<\/th>\n<td>Aluminijeva zlitina + POM<\/td>\n<\/tr>\n<tr>\n<th>Dimenzije<\/th>\n<td>9,1 x 165,2 mm<\/td>\n<\/tr>\n<tr>\n<th>Weight<\/th>\n<td>Pribli\u017eno 17,62 g<\/td>\n<\/tr>\n<tr>\n<th>Zdru\u017eljivost<\/th>\n<td>iPad &#8211; kot Apple Pencil<\/td>\n<\/tr>\n<\/tbody>\n<\/table>\n<\/div>","protected":false},"excerpt":{"rendered":"<p>Na zalogi pri zunanjem dobavitelju. Rok dobave 3-7 delovnih dni.<\/p>","protected":false},"featured_media":22982,"template":"","meta":{"_monsterinsights_skip_tracking":false,"_monsterinsights_sitenote_active":false,"_monsterinsights_sitenote_note":"","_monsterinsights_sitenote_category":0},"product_brand":[],"product_cat":[61,174,255],"product_tag":[],"class_list":{"0":"post-17410","1":"product","2":"type-product","3":"status-publish","4":"has-post-thumbnail","6":"product_cat-dodatki","7":"product_cat-pisala","8":"product_cat-vsi","10":"first","11":"instock","12":"taxable","13":"shipping-taxable","14":"purchasable","15":"product-type-simple"},"jetpack_sharing_enabled":true,"_links":{"self":[{"href":"https:\/\/kobra.si\/en\/wp-json\/wp\/v2\/product\/17410","targetHints":{"allow":["GET"]}}],"collection":[{"href":"https:\/\/kobra.si\/en\/wp-json\/wp\/v2\/product"}],"about":[{"href":"https:\/\/kobra.si\/en\/wp-json\/wp\/v2\/types\/product"}],"version-history":[{"count":3,"href":"https:\/\/kobra.si\/en\/wp-json\/wp\/v2\/product\/17410\/revisions"}],"predecessor-version":[{"id":31560,"href":"https:\/\/kobra.si\/en\/wp-json\/wp\/v2\/product\/17410\/revisions\/31560"}],"wp:featuredmedia":[{"embeddable":true,"href":"https:\/\/kobra.si\/en\/wp-json\/wp\/v2\/media\/22982"}],"wp:attachment":[{"href":"https:\/\/kobra.si\/en\/wp-json\/wp\/v2\/media?parent=17410"}],"wp:term":[{"taxonomy":"product_brand","embeddable":true,"href":"https:\/\/kobra.si\/en\/wp-json\/wp\/v2\/product_brand?post=17410"},{"taxonomy":"product_cat","embeddable":true,"href":"https:\/\/kobra.si\/en\/wp-json\/wp\/v2\/product_cat?post=17410"},{"taxonomy":"product_tag","embeddable":true,"href":"https:\/\/kobra.si\/en\/wp-json\/wp\/v2\/product_tag?post=17410"}],"curies":[{"name":"wp","href":"https:\/\/api.w.org\/{rel}","templated":true}]}}