{"id":17408,"date":"2024-12-20T14:35:08","date_gmt":"2024-12-20T13:35:08","guid":{"rendered":"https:\/\/kobra.si\/spletna-trgovina-kobra\/baseus-smooth-writing-2-stylus-pen-purple\/"},"modified":"2026-04-20T20:51:05","modified_gmt":"2026-04-20T18:51:05","slug":"baseus-smooth-writing-2-stylus-pen-purple","status":"publish","type":"product","link":"https:\/\/kobra.si\/en\/spletna-trgovina-kobra\/baseus-smooth-writing-2-stylus-pen-purple\/","title":{"rendered":"Pisalo s pisalom Baseus Smooth Writing 2 Stylus Pen (vijoli\u010dno)"},"content":{"rendered":"<h3>Baseus Smooth Writing 2 (vijoli\u010dna) kapacitivno pisalo \/ pisalo<\/h3>\n<p>Sprostite svojo ustvarjalnost in ri\u0161ite kot profesionalec! S pisalom Baseus boste lahko udobno upravljali iPad ter risali in pisali kot na pravi papir. Izdelek je popolnoma zdru\u017eljiv z ve\u010dino iPadov, odlikuje ga robustna zasnova in podpira magnetno polnjenje. Njegovo delovanje lahko prilagodite &#8211; pisalo ponuja kar 14 funkcij nastavitev. Je zelo natan\u010den in deluje brez zamude, ob zaznavi pa se zaslon samodejno preneha odzivati na va\u0161o roko, zato lahko prosto pi\u0161ete in ri\u0161ete. V kompletu boste na\u0161li zamenljivo konico.<\/p>\n<p><img decoding=\"async\" src=\"https:\/\/b2b.innpro.pl\/data\/include\/cms\/-Baseus\/SXBC060105\/1.jpg\" alt=\"-Baseus\/SXBC060105\/1\" title=\"\"><\/p>\n<h3>Natan\u010dno delovanje<\/h3>\n<p>Stylus odlikujeta visoka natan\u010dnost in izjemno mo\u010dan signal &#8211; za to je zaslu\u017ena konica z zlato prevleko. Zato lahko u\u017eivate v popolni reprodukciji svojih gibov v vseh kotnih nastavitvah. Poleg tega tabli\u010dni ra\u010dunalnik samodejno zazna delovanje pisala. Takrat se preneha odzivati na dotik va\u0161e roke, zato lahko prosto ri\u0161ete in pi\u0161ete, ne da bi vas skrbelo, da boste kaj pomotoma preklopili ali izklopili.<\/p>\n<p><img decoding=\"async\" src=\"https:\/\/b2b.innpro.pl\/data\/include\/cms\/-Baseus\/SXBC060105\/2.jpg\" alt=\"-Baseus\/SXBC060105\/2\" title=\"\"><\/p>\n<h3>Udobna uporaba<\/h3>\n<p>Baseus Smooth Writing 2 se pove\u017ee z aplikacijo Baseus APP in ponuja do 14 razli\u010dnih nastavitev, ki vam bodo omogo\u010dile hitro upravljanje tabli\u010dnega ra\u010dunalnika. Z enim klikom lahko spremenite svetlost, glasnost, posnamete fotografijo ali posnetek zaslona in se pomaknete na naslednjo stran. \u010ce pisalo postavite pod pravim kotom glede na tabli\u010dni ra\u010dunalnik, boste lahko udobno prilagodili debelino \u010drt.<\/p>\n<p><img decoding=\"async\" src=\"https:\/\/b2b.innpro.pl\/data\/include\/cms\/-Baseus\/SXBC060105\/3.jpg\" alt=\"-Baseus\/SXBC060105\/3\" title=\"\"><\/p>\n<h3>Enostavno polnjenje<\/h3>\n<p>Pisalo Baseus je popoln nadomestek za izvirni svin\u010dnik Apple Pencil. Njegova zasnova omogo\u010da polnjenje prek namenskega magnetnega priklju\u010dka. Preprosto ga pritisnite na ustrezno mesto na iPadu, da preprosto in priro\u010dno napolnite pisalo. Z enim polnjenjem zagotovite do 10 ur uporabe ali 12 mesecev delovanja v stanju pripravljenosti. V sporo\u010dilu na tabli\u010dnem ra\u010dunalniku boste dobili informacije o stanju polnjenja pisala.<\/p>\n<p><img decoding=\"async\" src=\"https:\/\/b2b.innpro.pl\/data\/include\/cms\/-Baseus\/SXBC060105\/7.jpg\" alt=\"-Baseus\/SXBC060105\/4\" title=\"\"><\/p>\n<h3>Robustna zasnova<\/h3>\n<p>V izdelku so uporabljeni visokokakovostni materiali. Jedro pisala je prevle\u010deno z zlatom, kar zagotavlja stabilno in zanesljivo delovanje brez odla\u0161anja. Odlikuje ga trpe\u017enost, je izjemno lahek in dodelan s prijetnim nedrse\u010dim materialom, ki je prijeten na otip in zagotavlja neprimerljivo udobje, zato ga lahko neovirano uporabljate ve\u010d ur. V kompletu boste na\u0161li nadomestno konico.<\/p>\n<p><img decoding=\"async\" src=\"https:\/\/b2b.innpro.pl\/data\/include\/cms\/-Baseus\/SXBC060105\/6.jpg\" alt=\"-Baseus\/SXBC060105\/5\" title=\"\"><\/p>\n<h3>Vklju\u010deno<\/h3>\n<ul>\n<li>Pisalo s pisalom x 1<\/li>\n<li>Konica pisala x 1<\/li>\n<\/ul>\n<div class=\"table-wrapper\">\n<table>\n<tbody>\n<tr>\n<th>Proizvajalec<\/th>\n<td>Baseus<\/td>\n<\/tr>\n<tr>\n<th>\u0160tevilka izdelka<\/th>\n<td>SXBC060105<\/td>\n<\/tr>\n<tr>\n<th>Color<\/th>\n<td>Vijoli\u010dna<\/td>\n<\/tr>\n<tr>\n<th>Vrsta priklju\u010dka<\/th>\n<td>Brez\u017ei\u010dna povezava\/preko aplikacije<\/td>\n<\/tr>\n<tr>\n<th>Kapaciteta baterije<\/th>\n<td>125 mAh<\/td>\n<\/tr>\n<tr>\n<th>\u010cas delovanja<\/th>\n<td>10 ur z enim polnjenjem\/ 12 mesecev v stanju pripravljenosti<\/td>\n<\/tr>\n<tr>\n<th>Material<\/th>\n<td>ABS + PC<\/td>\n<\/tr>\n<tr>\n<th>Zdru\u017eljivost<\/th>\n<td>iPad mini serije 6, Air 4, 5 in iPad Pro serije 0-6<\/td>\n<\/tr>\n<tr>\n<th>Dimenzije<\/th>\n<td>165 x 9 mm<\/td>\n<\/tr>\n<tr>\n<th>Zdru\u017eljivost<\/th>\n<td>ipad (6,7,8,9,10, mini 5. mini 6, air 3, air 4, air 5, Pro, Pro 3, Pro 2, Pro 4, Pro 5, Pro 6)<\/td>\n<\/tr>\n<\/tbody>\n<\/table>\n<\/div>","protected":false},"excerpt":{"rendered":"<p>Na zalogi pri zunanjem dobavitelju. Rok dostave 3-5dni.<\/p>","protected":false},"featured_media":22905,"template":"","meta":{"_monsterinsights_skip_tracking":false,"_monsterinsights_sitenote_active":false,"_monsterinsights_sitenote_note":"","_monsterinsights_sitenote_category":0},"product_brand":[],"product_cat":[61,174,255],"product_tag":[],"class_list":{"0":"post-17408","1":"product","2":"type-product","3":"status-publish","4":"has-post-thumbnail","6":"product_cat-dodatki","7":"product_cat-pisala","8":"product_cat-vsi","10":"first","11":"instock","12":"taxable","13":"shipping-taxable","14":"purchasable","15":"product-type-simple"},"jetpack_sharing_enabled":true,"_links":{"self":[{"href":"https:\/\/kobra.si\/en\/wp-json\/wp\/v2\/product\/17408","targetHints":{"allow":["GET"]}}],"collection":[{"href":"https:\/\/kobra.si\/en\/wp-json\/wp\/v2\/product"}],"about":[{"href":"https:\/\/kobra.si\/en\/wp-json\/wp\/v2\/types\/product"}],"version-history":[{"count":2,"href":"https:\/\/kobra.si\/en\/wp-json\/wp\/v2\/product\/17408\/revisions"}],"predecessor-version":[{"id":20663,"href":"https:\/\/kobra.si\/en\/wp-json\/wp\/v2\/product\/17408\/revisions\/20663"}],"wp:featuredmedia":[{"embeddable":true,"href":"https:\/\/kobra.si\/en\/wp-json\/wp\/v2\/media\/22905"}],"wp:attachment":[{"href":"https:\/\/kobra.si\/en\/wp-json\/wp\/v2\/media?parent=17408"}],"wp:term":[{"taxonomy":"product_brand","embeddable":true,"href":"https:\/\/kobra.si\/en\/wp-json\/wp\/v2\/product_brand?post=17408"},{"taxonomy":"product_cat","embeddable":true,"href":"https:\/\/kobra.si\/en\/wp-json\/wp\/v2\/product_cat?post=17408"},{"taxonomy":"product_tag","embeddable":true,"href":"https:\/\/kobra.si\/en\/wp-json\/wp\/v2\/product_tag?post=17408"}],"curies":[{"name":"wp","href":"https:\/\/api.w.org\/{rel}","templated":true}]}}