{"id":17380,"date":"2024-12-20T14:33:21","date_gmt":"2024-12-20T13:33:21","guid":{"rendered":"https:\/\/kobra.si\/spletna-trgovina-kobra\/gaming-microphone-maono-dm30rgb-black\/"},"modified":"2026-04-20T20:54:06","modified_gmt":"2026-04-20T18:54:06","slug":"gaming-microphone-maono-dm30rgb-black","status":"publish","type":"product","link":"https:\/\/kobra.si\/en\/spletna-trgovina-kobra\/gaming-microphone-maono-dm30rgb-black\/","title":{"rendered":"Mikrofon za igranje iger Maono DM30RGB (\u010drn)"},"content":{"rendered":"<h3>Maono DM30RGB Gaming mikrofon (\u010drn)<\/h3>\n<p>Maono DM30RGB je eleganten igralni mikrofon v \u010drni barvi, zasnovan tako, da zagotavlja neprimerljivo kakovost zvoka, hkrati pa ohranja estetski zna\u010daj pri igranju iger. Z naprednimi mo\u017enostmi prilagajanja zvoka in osvetlitve, priro\u010dnim gumbom za upravljanje glasu in glasnosti, integriranimi nastavitvami izena\u010devalnika ter enostavnostjo Plug &amp; Play je mikrofon DM30RGB idealna izbira za navdu\u0161ence nad igrami in ustvarjalce vsebin. Funkcionalnost in slog, ki pomenita bolj\u0161e izku\u0161nje pri igranju iger in spletnem komuniciranju.<\/p>\n<p><img decoding=\"async\" src=\"https:\/\/assets.innpro.pl\/2075\/2206\/5.jpg\" border=\"0\" alt=\"\" title=\"\"><\/p>\n<h3>Prilagajanje osvetlitve in zvoka<\/h3>\n<p>DM30RGB ponuja impresiven nabor mo\u017enosti prilagajanja, ki so na voljo prek intuitivne programske opreme proizvajalca. Uporabniki lahko prilagodijo osvetlitev mikrofona ter izbirajo med 7 barvami in 5 nagibi, kar ne le izbolj\u0161a igralno nastavitev, temve\u010d tudi doda zna\u010daj objavljenim video gradivom. Mo\u017enosti konfiguracije zvoka omogo\u010dajo optimizacijo vsake snemalne seje, saj ponujajo standardne in napredne nastavitve za odli\u010dno jasnost in zmanj\u0161anje ne\u017eelenega hrupa iz okolice.<\/p>\n<p><img decoding=\"async\" src=\"https:\/\/assets.innpro.pl\/2075\/2206\/3.jpg\" border=\"0\" alt=\"\" title=\"\"><\/p>\n<h3>Priro\u010den nadzor zvoka na dosegu roke<\/h3>\n<p>Pametni gumb, ki je name\u0161\u010den na mikrofonu, je prava revolucija na podro\u010dju nadzora zvoka. Omogo\u010da takoj\u0161njo izklopitev zajemanja zvoka, prilagoditev ob\u010dutljivosti mikrofona in nadzor glasnosti slu\u0161alk. Ta enostavna za uporabo re\u0161itev zagotavlja nemoteno komunikacijo in hitro odzivanje na dinami\u010dno spreminjajo\u010de se razmere v igri ali med oddajami v \u017eivo.<\/p>\n<p><img decoding=\"async\" src=\"https:\/\/assets.innpro.pl\/2075\/2206\/1.jpg\" border=\"0\" alt=\"\" title=\"\"><\/p>\n<h3>Jasnost zvoka z naprednimi nastavitvami izena\u010devalnika<\/h3>\n<p>Mikrofon Maono DM30RGB je opremljen s \u0161tirimi vnaprej dolo\u010denimi nastavitvami izena\u010devalnika, ki u\u010dinkovito odpravljajo ne\u017eelene zvoke iz okolice in izostrijo uporabnikov glas. To je klju\u010dnega pomena med igranjem iger ali oddajami v \u017eivo, kjer je jasnost sporo\u010dila klju\u010dnega pomena. Te nastavitve so enostavne za uporabo in prilagojene razli\u010dnim scenarijem uporabe.<\/p>\n<p><img decoding=\"async\" src=\"https:\/\/assets.innpro.pl\/2075\/2206\/6.jpg\" border=\"0\" alt=\"\" title=\"\"><\/p>\n<h3>Stabilna pritrditev<\/h3>\n<p>Protizdrsne nalepke na podstavku zagotavljajo stabilnost mikrofona in prepre\u010dujejo njegovo premikanje med intenzivnim delovanjem. Poleg tega mo\u017enost prilagajanja kota nagiba mikrofona na stojalu omogo\u010da optimalno smer zbiranja zvoka, kar je izjemno uporabno pri razli\u010dnih nastavitvah za igranje iger in pretakanje. Zdru\u017eljivost z monta\u017eo z navoji \u215c&#8221; in \u215d&#8221; je \u0161e ena prednost, ki pove\u010duje vsestranskost tega modela.<\/p>\n<p><img decoding=\"async\" src=\"https:\/\/assets.innpro.pl\/2075\/2206\/2.jpg\" border=\"0\" alt=\"\" title=\"\"><\/p>\n<h3>Brezhibna integracija in vzdr\u017eljivost<\/h3>\n<p>Zaradi tehnologije Plug &amp; Play, ki je zna\u010dilna za mikrofon Maono DM30RGB, je naprava pripravljena na delo takoj po razpakiranju in priklju\u010ditvi prek priklju\u010dka USB-C ali mini jack 3,5 mm. Odsotnost potrebe po namestitvi dodatnih gonilnikov je udobje, ki ga cenijo vsi uporabniki. Kovinsko ohi\u0161je mikrofonu ne daje le elegantnega videza, temve\u010d pove\u010duje tudi njegovo vzdr\u017eljivost, ki je bistvenega pomena pri vsakodnevni uporabi. Omenjeno kardioidno zajemanje zvoka, osredoto\u010deno na sprednji vir, zagotavlja, da je uporabnikov glas vedno v sredi\u0161\u010du pozornosti.<\/p>\n<p><img decoding=\"async\" src=\"https:\/\/assets.innpro.pl\/2075\/2206\/9.jpg\" border=\"0\" alt=\"\" title=\"\"><\/p>\n<div class=\"table-wrapper\">\n<h3>Specifications<\/h3>\n<table>\n<tbody>\n<tr>\n<th>Blagovna znamka<\/th>\n<td>Maono<\/td>\n<\/tr>\n<tr>\n<th>Model<\/th>\n<td>DM30RGB<\/td>\n<\/tr>\n<tr>\n<th>Color<\/th>\n<td>\u010crna<\/td>\n<\/tr>\n<tr>\n<th>Priklju\u010dki<\/th>\n<td>USB-C, mini priklju\u010dek 3,5 mm<\/td>\n<\/tr>\n<tr>\n<th>Vrsta<\/th>\n<td>Kardioidni<\/td>\n<\/tr>\n<tr>\n<th><\/th>\n<td><\/td>\n<\/tr>\n<\/tbody>\n<\/table>\n<\/div>","protected":false},"excerpt":{"rendered":"<p>Na zalogi pri zunanjem dobavitelju. Rok dostave 3-5dni.<\/p>","protected":false},"featured_media":23022,"template":"","meta":{"_monsterinsights_skip_tracking":false,"_monsterinsights_sitenote_active":false,"_monsterinsights_sitenote_note":"","_monsterinsights_sitenote_category":0},"product_brand":[],"product_cat":[170,64,255],"product_tag":[],"class_list":{"0":"post-17380","1":"product","2":"type-product","3":"status-publish","4":"has-post-thumbnail","6":"product_cat-gaming","7":"product_cat-racunalnistvo","8":"product_cat-vsi","10":"first","11":"instock","12":"taxable","13":"shipping-taxable","14":"purchasable","15":"product-type-simple"},"jetpack_sharing_enabled":true,"_links":{"self":[{"href":"https:\/\/kobra.si\/en\/wp-json\/wp\/v2\/product\/17380","targetHints":{"allow":["GET"]}}],"collection":[{"href":"https:\/\/kobra.si\/en\/wp-json\/wp\/v2\/product"}],"about":[{"href":"https:\/\/kobra.si\/en\/wp-json\/wp\/v2\/types\/product"}],"version-history":[{"count":3,"href":"https:\/\/kobra.si\/en\/wp-json\/wp\/v2\/product\/17380\/revisions"}],"predecessor-version":[{"id":20776,"href":"https:\/\/kobra.si\/en\/wp-json\/wp\/v2\/product\/17380\/revisions\/20776"}],"wp:featuredmedia":[{"embeddable":true,"href":"https:\/\/kobra.si\/en\/wp-json\/wp\/v2\/media\/23022"}],"wp:attachment":[{"href":"https:\/\/kobra.si\/en\/wp-json\/wp\/v2\/media?parent=17380"}],"wp:term":[{"taxonomy":"product_brand","embeddable":true,"href":"https:\/\/kobra.si\/en\/wp-json\/wp\/v2\/product_brand?post=17380"},{"taxonomy":"product_cat","embeddable":true,"href":"https:\/\/kobra.si\/en\/wp-json\/wp\/v2\/product_cat?post=17380"},{"taxonomy":"product_tag","embeddable":true,"href":"https:\/\/kobra.si\/en\/wp-json\/wp\/v2\/product_tag?post=17380"}],"curies":[{"name":"wp","href":"https:\/\/api.w.org\/{rel}","templated":true}]}}