{"id":17357,"date":"2024-12-20T14:32:24","date_gmt":"2024-12-20T13:32:24","guid":{"rendered":"https:\/\/kobra.si\/spletna-trgovina-kobra\/smart-pet-dryer-petkit-airsalon-max-pro\/"},"modified":"2026-04-15T20:58:13","modified_gmt":"2026-04-15T18:58:13","slug":"smart-pet-dryer-petkit-airsalon-max-pro","status":"publish","type":"product","link":"https:\/\/kobra.si\/en\/spletna-trgovina-kobra\/smart-pet-dryer-petkit-airsalon-max-pro\/","title":{"rendered":"Pametni su\u0161ilnik za hi\u0161ne ljubljen\u010dke PetKit AIRSALON MAX Pro"},"content":{"rendered":"<h3>PetKit AIRSALON MAX Pro pametni su\u0161ilnik za hi\u0161ne ljubljen\u010dke<\/h3>\n<p>PetKit AIRSALON Max Pro je inteligentni su\u0161ilnik, namenjen ma\u010dkam in majhnim psom, starej\u0161im od 6 mesecev, s prilagodljivimi funkcijami prek aplikacije PETKIT.<\/p>\n<p><img decoding=\"async\" src=\"https:\/\/assets.innpro.pl\/2122\/2251\/9.jpg\" border=\"0\" alt=\"\" title=\"\"><\/p>\n<h3>Zasnova naprave<\/h3>\n<p>Su\u0161ilnik za hi\u0161ne ljubljen\u010dke PetKit ima kubi\u010dno obliko z zaobljenimi vogali. Na treh straneh ima prezra\u010devalne odprtine, ki va\u0161emu ljubljen\u010dku zagotavljajo sve\u017e zrak in z ne\u017enim vetri\u010dem posu\u0161ijo njegovo dlako, tudi na ob\u010dutljivih predelih. Na spodnjem delu naprave je odstranljiva plo\u0161\u010da za la\u017eje \u010di\u0161\u010denje. Notranjost su\u0161ilnika AIRSALON MAX Pro je dovolj prostorna, da lahko vanjo udobno namestite dve ma\u010dki ali majhne pse, ki se lahko raztegnejo in u\u017eivajo v toplem zra\u010dnem toku. Na sprednji strani su\u0161ilnika so prozorna vratca, s katerimi lahko spremljate po\u010dutje va\u0161ega hi\u0161nega ljubljen\u010dka. Poleg tega je na dotik ob\u010dutljiva LED-plo\u0161\u010da za uporabniku prijazno upravljanje. V stropu su\u0161ilnika je vgrajena lu\u010d, ki omogo\u010da su\u0161enje va\u0161ega hi\u0161nega ljubljen\u010dka tudi pono\u010di.<\/p>\n<p><img decoding=\"async\" src=\"https:\/\/assets.innpro.pl\/2122\/2251\/1.jpg\" border=\"0\" alt=\"\" title=\"\"><\/p>\n<h3>Varnostni senzorji<\/h3>\n<p>Su\u0161ilni stroj PetKit je opremljen s \u0161tevilnimi senzorji, ki spremljajo temperaturo in prepre\u010dujejo preobremenitev elektri\u010dnega sistema. Ima \u0161tiri sklope temperaturnih senzorjev, ki zagotavljajo, da temperatura ostane v obmo\u010dju \u00b10,3 \u00b0C. Poleg tega se spremlja tudi raven vla\u017enosti. Su\u0161ilnik AIRSALON MAX Pro vklju\u010duje tudi varnostno stikalo in sistem PTC za uravnavanje pretoka toka v tokokrogu.<\/p>\n<p><img decoding=\"async\" src=\"https:\/\/assets.innpro.pl\/2122\/2251\/2.jpg\" border=\"0\" alt=\"\" title=\"\"><\/p>\n<h3>Lepo krzno z negativnimi ioni<\/h3>\n<p>Med su\u0161enjem naprava ustvarja negativne ione, podobno kot su\u0161ilniki za \u010dlove\u0161ko dlako, zato je ko\u017euh va\u0161ega ljubljen\u010dka lep in gladek.<\/p>\n<p><img decoding=\"async\" src=\"https:\/\/assets.innpro.pl\/2122\/2251\/7.jpg\" border=\"0\" alt=\"\" title=\"\"><\/p>\n<h3>Sterilizacija in razku\u017eevanje<\/h3>\n<p>Su\u0161ilnik PetKit AIRSALON MAX Pro ima funkcijo ozonske sterilizacije in razku\u017eevanja notranjosti, vklju\u010dno z igra\u010dami in posodami, ki so name\u0161\u010dene v njem. Postopek traja 15 minut in odstrani 99,99 % bakterij in virusov. Pred uporabo ozonskega na\u010dina se prepri\u010dajte, da v notranjosti ni hi\u0161nih ljubljen\u010dkov.<\/p>\n<p><img decoding=\"async\" src=\"https:\/\/assets.innpro.pl\/2122\/2251\/4.jpg\" border=\"0\" alt=\"\" title=\"\"><\/p>\n<h3>Izbolj\u0161ane funkcije z aplikacijo<\/h3>\n<p>Z aplikacijo PETKIT uporabniki pridobijo neprecenljive funkcije za poenostavitev postopka su\u0161enja hi\u0161nih ljubljen\u010dkov, kot so ustvarjanje prilagojenega na\u010dina su\u0161enja, izbira med \u0161estimi hitrostmi ventilatorja, izbira temperature med 36-40 \u00b0C in spremljanje postopka su\u0161enja z obvestili.<\/p>\n<p><img decoding=\"async\" src=\"https:\/\/assets.innpro.pl\/2122\/2251\/6.jpg\" border=\"0\" alt=\"\" title=\"\"><\/p>\n<h3>Package contents<\/h3>\n<p>&#8211; Su\u0161ilnik<\/p>\n<p>&#8211; Pokrov<\/p>\n<p>&#8211; napajalni kabel<\/p>\n<div class=\"table-wrapper\">\n<h3>Specifications<\/h3>\n<table>\n<tbody>\n<tr>\n<th>Blagovna znamka<\/th>\n<td>PetKit<\/td>\n<\/tr>\n<tr>\n<th>Model<\/th>\n<td>AIRSALON MAX Pro<\/td>\n<\/tr>\n<tr>\n<th>Materiali<\/th>\n<td>ABS, kaljeno steklo<\/td>\n<\/tr>\n<tr>\n<th>Color<\/th>\n<td>White<\/td>\n<\/tr>\n<tr>\n<th>Zunanje mere<\/th>\n<td>19,69 x 18,62 x 17,6 palca<\/td>\n<\/tr>\n<tr>\n<th>Weight<\/th>\n<td>9,7 kilograma<\/td>\n<\/tr>\n<tr>\n<th>Capacity<\/th>\n<td>60 litrov<\/td>\n<\/tr>\n<tr>\n<th>Namenjeno za<\/th>\n<td>Ma\u010dke, majhni psi, starej\u0161i od 6 mesecev<\/td>\n<\/tr>\n<\/tbody>\n<\/table>\n<\/div>","protected":false},"excerpt":{"rendered":"<p>Na zalogi pri zunanjem dobavitelju. Rok dostave 3-5dni.<\/p>","protected":false},"featured_media":23122,"template":"","meta":{"_monsterinsights_skip_tracking":false,"_monsterinsights_sitenote_active":false,"_monsterinsights_sitenote_note":"","_monsterinsights_sitenote_category":0},"product_brand":[],"product_cat":[166,255],"product_tag":[],"class_list":{"0":"post-17357","1":"product","2":"type-product","3":"status-publish","4":"has-post-thumbnail","6":"product_cat-hisni-ljubljencki","7":"product_cat-vsi","9":"first","10":"instock","11":"taxable","12":"shipping-taxable","13":"purchasable","14":"product-type-simple"},"jetpack_sharing_enabled":true,"_links":{"self":[{"href":"https:\/\/kobra.si\/en\/wp-json\/wp\/v2\/product\/17357","targetHints":{"allow":["GET"]}}],"collection":[{"href":"https:\/\/kobra.si\/en\/wp-json\/wp\/v2\/product"}],"about":[{"href":"https:\/\/kobra.si\/en\/wp-json\/wp\/v2\/types\/product"}],"version-history":[{"count":3,"href":"https:\/\/kobra.si\/en\/wp-json\/wp\/v2\/product\/17357\/revisions"}],"predecessor-version":[{"id":20895,"href":"https:\/\/kobra.si\/en\/wp-json\/wp\/v2\/product\/17357\/revisions\/20895"}],"wp:featuredmedia":[{"embeddable":true,"href":"https:\/\/kobra.si\/en\/wp-json\/wp\/v2\/media\/23122"}],"wp:attachment":[{"href":"https:\/\/kobra.si\/en\/wp-json\/wp\/v2\/media?parent=17357"}],"wp:term":[{"taxonomy":"product_brand","embeddable":true,"href":"https:\/\/kobra.si\/en\/wp-json\/wp\/v2\/product_brand?post=17357"},{"taxonomy":"product_cat","embeddable":true,"href":"https:\/\/kobra.si\/en\/wp-json\/wp\/v2\/product_cat?post=17357"},{"taxonomy":"product_tag","embeddable":true,"href":"https:\/\/kobra.si\/en\/wp-json\/wp\/v2\/product_tag?post=17357"}],"curies":[{"name":"wp","href":"https:\/\/api.w.org\/{rel}","templated":true}]}}