{"id":17342,"date":"2024-12-20T14:31:40","date_gmt":"2024-12-20T13:31:40","guid":{"rendered":"https:\/\/kobra.si\/spletna-trgovina-kobra\/pet-travel-backpack-petkit-breezy-2-green\/"},"modified":"2026-04-21T20:58:08","modified_gmt":"2026-04-21T18:58:08","slug":"pet-travel-backpack-petkit-breezy-2-green","status":"publish","type":"product","link":"https:\/\/kobra.si\/en\/spletna-trgovina-kobra\/pet-travel-backpack-petkit-breezy-2-green\/","title":{"rendered":"Potovalni nahrbtnik za hi\u0161ne ljubljen\u010dke PetKit Breezy 2 (zelen)"},"content":{"rendered":"<h3>PetKit Breezy 2 Potovalni nahrbtnik za hi\u0161ne ljubljen\u010dke (zelen)<\/h3>\n<p>Raziskujte svet s svojim hi\u0161nim ljubljen\u010dkom. Nahrbtnik PetKit Breezy 2 je zasnovan za ma\u010dke in majhne pse ter ima veliko okno, da lahko va\u0161 ljubljen\u010dek ves \u010das vidi, kaj se dogaja zunaj. Pametni prezra\u010devalni sistem zagotavlja, da va\u0161 hi\u0161ni ljubljen\u010dek ne bo zadihan. Hitrost pretoka zraka lahko nastavite tudi ro\u010dno. Izdelek ponuja tudi mehko osvetlitev, ki jo lahko vklopite po potrebi. Hkrati je nahrbtnik izjemno lahek in udoben ter vzdr\u017eljiv. Opomba: za pravilno delovanje sistema za prezra\u010devanje in osvetlitev je potrebna banka napajanja (ni prilo\u017eena).<\/p>\n<p><img decoding=\"async\" src=\"https:\/\/b2b.innpro.pl\/data\/include\/cms\/03PetKit\/Breezy-2-G\/1.jpg\" border=\"0\" alt=\"03PetKit\/Breezy-2-G\/1\" title=\"\"><\/p>\n<h3>Okno v svet<\/h3>\n<p>Zdaj lahko va\u0161 hi\u0161ni ljubljen\u010dek udobno opazuje, kaj se dogaja okoli vas, medtem ko skupaj obiskujete zanimivej\u0161e kraje. Nahrbtnik Breezy 2 ima vgrajeno veliko okno, skozi katerega bo ve\u010d kot en hi\u0161ni ljubljen\u010dek u\u017eival v opazovanju sveta. Njegovo vetrobransko steklo je ustrezno obarvano, da prepre\u010duje ble\u0161\u010danje in va\u0161emu \u0161tirino\u017enemu ljubljen\u010dku omogo\u010da ve\u010dje udobje med potovanjem.<\/p>\n<p><img decoding=\"async\" src=\"https:\/\/b2b.innpro.pl\/data\/include\/cms\/03PetKit\/Breezy-2-G\/7.jpg\" border=\"0\" alt=\"03PetKit\/Breezy-2-G\/7\" title=\"\"><\/p>\n<h3>Narejen za va\u0161ega hi\u0161nega ljubljen\u010dka<\/h3>\n<p>Nahrbtnik PetKit Breezy 2 je namenjen ma\u010dkam in majhnim psom, ki tehtajo do 8 kilogramov. Opremljen je z odstranljivim oblazinjenjem, ki poskrbi, da bo va\u0161 hi\u0161ni ljubljen\u010dek stabilen in izjemno udoben. Stranski \u017eepi omogo\u010dajo shranjevanje manj\u0161ih predmetov &#8211; na primer pribolj\u0161kov za va\u0161ega hi\u0161nega ljubljen\u010dka. Raz\u0161irjeno dno nahrbtnika zagotavlja ve\u010d prostora za va\u0161ega ljubljen\u010dka in mu omogo\u010da prosto gibanje.<\/p>\n<p><img decoding=\"async\" src=\"https:\/\/b2b.innpro.pl\/data\/include\/cms\/03PetKit\/Breezy-2-G\/6.jpg\" border=\"0\" alt=\"03PetKit\/Breezy-2-G\/6\" title=\"\"><\/p>\n<h3>Napreden sistem prezra\u010devanja<\/h3>\n<p>Ni vam treba skrbeti, da bi va\u0161emu hi\u0161nemu ljubljen\u010dku zmanjkalo sve\u017eega zraka. Nahrbtnik je opremljen z ve\u010d odprtinami, ventilatorjem in naprednim sistemom prezra\u010devanja Coanda Effect. Po pribli\u017eno 20 sekundah bo va\u0161 ljubljen\u010dek lahko vdihnil sve\u017e zrak. Ima tudi natan\u010den temperaturni senzor za samodejno uravnavanje temperature. Zaradi tega va\u0161 hi\u0161ni ljubljen\u010dek ne bo ve\u010d zadihan! Hitrost pretoka zraka lahko nastavite tudi ro\u010dno. Opomba: za uporabo prezra\u010devalnega sistema je potrebna dodatna baterija za napajanje (ni prilo\u017eena).<\/p>\n<p><img decoding=\"async\" src=\"https:\/\/b2b.innpro.pl\/data\/include\/cms\/03PetKit\/Breezy-2-G\/9.jpg\" border=\"0\" alt=\"03PetKit\/Breezy-2-G\/9\" title=\"\"><\/p>\n<h3>Dodatna osvetlitev<\/h3>\n<p>Potujete pono\u010di? Nahrbtnik Breezy 2 bo odli\u010dna izbira za vas! Izdelek je opremljen z majhno lu\u010dko, ki vam bo omogo\u010dila, da svojemu ljubljen\u010dku zagotovite osvetlitev v vseh razmerah. Prav tako vam bo omogo\u010dila, da boste imeli hi\u0161nega ljubljen\u010dka na o\u010deh tudi po temi. Vklop lu\u010di je zelo preprost in hiter. Ko vklopite svetilko, bo notranjost nahrbtnika osvetljena postopoma, da ne bi prestra\u0161ili va\u0161ega po\u010divajo\u010dega hi\u0161nega ljubljen\u010dka. Nastavite lahko tudi njeno svetlost. Opomba: za vklop lu\u010di morate nahrbtnik priklju\u010diti na banko za napajanje (ni prilo\u017eena).<\/p>\n<p><img decoding=\"async\" src=\"https:\/\/b2b.innpro.pl\/data\/include\/cms\/03PetKit\/Breezy-2-G\/2.jpg\" border=\"0\" alt=\"03PetKit\/Breezy-2-G\/2\" title=\"\"><\/p>\n<h3>Vzdr\u017eljiv in udoben<\/h3>\n<p>Ta edinstveni nahrbtnik vam bo dolgo \u010dasa dobro slu\u017eil. Izdelan je bil iz materialov odli\u010dne kakovosti, ki so izjemno trpe\u017eni in odporni na po\u0161kodbe. Ne bodo se ga ustra\u0161ili zobje in kremplji va\u0161ega hi\u0161nega ljubljen\u010dka! Kljub tolik\u0161ni vzdr\u017eljivosti je nahrbtnik tudi presenetljivo udoben. Tehta le pribli\u017eno 1,4 kg, odlikuje pa ga premi\u0161ljena in ergonomska zasnova. Na hrbtu name\u0161\u010dena zra\u010dna mre\u017ea in posebej oblikovani podvezi zagotavljajo neprimerljivo udobje pri no\u0161enju. \u0160e ve\u010d, kovinske nogice omogo\u010dajo, da nahrbtnik stabilno postavite na tla &#8211; ni vam treba skrbeti, da bi se prevrnil!<\/p>\n<p><img decoding=\"async\" src=\"https:\/\/b2b.innpro.pl\/data\/include\/cms\/03PetKit\/Breezy-2-G\/4.jpg\" border=\"0\" alt=\"03PetKit\/Breezy-2-G\/4\" title=\"\"><\/p>\n<div class=\"table-wrapper\">\n<table>\n<tbody>\n<tr>\n<th>Proizvajalec:<\/th>\n<td>PetKit<\/td>\n<\/tr>\n<tr>\n<th>Model<\/th>\n<td>Breezy 2<\/td>\n<\/tr>\n<tr>\n<th>Color<\/th>\n<td>Zelena<\/td>\n<\/tr>\n<tr>\n<th>Dimenzije<\/th>\n<td>33 x 30 x 45 cm<\/td>\n<\/tr>\n<tr>\n<th>Weight<\/th>\n<td>1,4 kg<\/td>\n<\/tr>\n<tr>\n<th>Material<\/th>\n<td>ABS, PC, tkanina<\/td>\n<\/tr>\n<\/tbody>\n<\/table>\n<\/div>","protected":false},"excerpt":{"rendered":"<p>Na zalogi pri zunanjem dobavitelju. Rok dostave 3-5dni.<\/p>","protected":false},"featured_media":23119,"template":"","meta":{"_monsterinsights_skip_tracking":false,"_monsterinsights_sitenote_active":false,"_monsterinsights_sitenote_note":"","_monsterinsights_sitenote_category":0},"product_brand":[],"product_cat":[166,255],"product_tag":[],"class_list":{"0":"post-17342","1":"product","2":"type-product","3":"status-publish","4":"has-post-thumbnail","6":"product_cat-hisni-ljubljencki","7":"product_cat-vsi","9":"first","10":"instock","11":"taxable","12":"shipping-taxable","13":"purchasable","14":"product-type-simple"},"jetpack_sharing_enabled":true,"_links":{"self":[{"href":"https:\/\/kobra.si\/en\/wp-json\/wp\/v2\/product\/17342","targetHints":{"allow":["GET"]}}],"collection":[{"href":"https:\/\/kobra.si\/en\/wp-json\/wp\/v2\/product"}],"about":[{"href":"https:\/\/kobra.si\/en\/wp-json\/wp\/v2\/types\/product"}],"version-history":[{"count":3,"href":"https:\/\/kobra.si\/en\/wp-json\/wp\/v2\/product\/17342\/revisions"}],"predecessor-version":[{"id":20884,"href":"https:\/\/kobra.si\/en\/wp-json\/wp\/v2\/product\/17342\/revisions\/20884"}],"wp:featuredmedia":[{"embeddable":true,"href":"https:\/\/kobra.si\/en\/wp-json\/wp\/v2\/media\/23119"}],"wp:attachment":[{"href":"https:\/\/kobra.si\/en\/wp-json\/wp\/v2\/media?parent=17342"}],"wp:term":[{"taxonomy":"product_brand","embeddable":true,"href":"https:\/\/kobra.si\/en\/wp-json\/wp\/v2\/product_brand?post=17342"},{"taxonomy":"product_cat","embeddable":true,"href":"https:\/\/kobra.si\/en\/wp-json\/wp\/v2\/product_cat?post=17342"},{"taxonomy":"product_tag","embeddable":true,"href":"https:\/\/kobra.si\/en\/wp-json\/wp\/v2\/product_tag?post=17342"}],"curies":[{"name":"wp","href":"https:\/\/api.w.org\/{rel}","templated":true}]}}