{"id":17340,"date":"2024-12-20T14:31:35","date_gmt":"2024-12-20T13:31:35","guid":{"rendered":"https:\/\/kobra.si\/spletna-trgovina-kobra\/pet-grooming-kit-petkit-airclipper-5-in-1\/"},"modified":"2026-04-20T20:58:05","modified_gmt":"2026-04-20T18:58:05","slug":"pet-grooming-kit-petkit-airclipper-5-in-1","status":"publish","type":"product","link":"https:\/\/kobra.si\/en\/spletna-trgovina-kobra\/pet-grooming-kit-petkit-airclipper-5-in-1\/","title":{"rendered":"Komplet za nego hi\u0161nih ljubljen\u010dkov Petkit AirClipper 5 v 1"},"content":{"rendered":"<h3>Petkit AirClipper 5-v-1 komplet za nego dlak hi\u0161nih ljubljen\u010dkov<\/h3>\n<p>Poskrbite za videz svojega hi\u0161nega ljubljen\u010dka. Komplet za nego PetKit AirClipper vklju\u010duje krta\u010de in prirezovalnike za enostavno raz\u010desavanje in obrezovanje. Sesalnik temeljito pobere ostanke, zato vam ni treba skrbeti za nered. Poleg tega HEPA u\u010dinkovito lo\u010duje prah iz zraka, odlikuje pa ga tudi tiho delovanje. Izbirate lahko tudi med 3 na\u010dini delovanja.<\/p>\n<p><img decoding=\"async\" src=\"https:\/\/b2b.innpro.pl\/data\/include\/cms\/03PetKit\/AIRCLIPPER\/1.jpg\" alt=\"03PetKit\/AIRCLIPPER\/1\" title=\"\"><\/p>\n<h3>Elektri\u010dni stri\u017enik za lase<\/h3>\n<p>Sedaj lahko dlako svojega hi\u0161nega ljubljen\u010dka postri\u017eete kar doma. Vklju\u010duje elektri\u010dni stri\u017enik, ki ga lahko uporabljate brez\u017ei\u010dno &#8211; ni vam ga treba priklju\u010diti na sesalnik. Poleg tega litij-ionska baterija za ponovno polnjenje zagotavlja do 2,5 ure neprekinjene uporabe. Motor deluje pri 5500-6300 vrtljajih na minuto, kar zagotavlja zanesljivo delovanje brez ob\u010dutka vle\u010denja. <\/p>\n<p><img decoding=\"async\" src=\"https:\/\/b2b.innpro.pl\/data\/include\/cms\/03PetKit\/AIRCLIPPER\/2.jpg\" alt=\"03PetKit\/AIRCLIPPER\/2\" title=\"\"><\/p>\n<h3>Natan\u010dno stri\u017eenje<\/h3>\n<p>Elektri\u010dni stri\u017eniki so opremljeni s kerami\u010dnimi rezili, ki jih odlikujeta visoka trdota in vzdr\u017eljivost. Poleg tega se med stri\u017eenjem ne segrevajo in so ne\u017ene do ob\u010dutljive ko\u017ee. Poleg tega so na voljo nastavki za glavnik v 4 velikostih: 3\/6\/9\/9\/12 mm, s katerimi lahko prilagodite dol\u017eino las.<\/p>\n<p><img decoding=\"async\" src=\"https:\/\/b2b.innpro.pl\/data\/include\/cms\/03PetKit\/AIRCLIPPER\/8.jpg\" alt=\"03PetKit\/AIRCLIPPER\/8\" title=\"\"><\/p>\n<h3>Profesionalna nega<\/h3>\n<p>Komplet vklju\u010duje ve\u010d orodij, s katerimi boste la\u017eje poskrbeli za videz svojega hi\u0161nega ljubljen\u010dka. Krta\u010de: za nego in odstranjevanje dlak bodo pri\u0161le prav, ko bo va\u0161a ma\u010dka\/psi\u010dek lenoben in bo izgubil veliko dlak. Prav tako bo raz\u010desala zapleteno dlako, ki bo ostala gladka in mehka. V paketu boste na\u0161li tudi glavo za obrezovanje ta\u010dk, ki jo boste priklju\u010dili na elektri\u010dni stri\u017enik. \u0160\u010detka za \u010di\u0161\u010denje re\u017e pa vam omogo\u010da sesanje pohi\u0161tva, ozkih prostorov in postelje.<\/p>\n<p><img decoding=\"async\" src=\"https:\/\/b2b.innpro.pl\/data\/include\/cms\/03PetKit\/AIRCLIPPER\/7.jpg\" alt=\"03PetKit\/AIRCLIPPER\/7\" title=\"\"><\/p>\n<h3>Zanesljivo in tiho delovanje<\/h3>\n<p>PetKit AirClipper je opremljen z zmogljivim motorjem, ki je odgovoren za u\u010dinkovito delovanje naprave. Poleg tega njegova glasnost ne presega 60 dB. Poleg tega filter HEPA odstrani do 99,95 % prahu in alergenov. Poleg tega optimizirana zasnova zra\u010dnega kanala pove\u010duje u\u010dinkovitost sesalnika in omogo\u010da, da se zlahka znebite dlak. <\/p>\n<p><img decoding=\"async\" src=\"https:\/\/b2b.innpro.pl\/data\/include\/cms\/03PetKit\/AIRCLIPPER\/5.jpg\" alt=\"03PetKit\/AIRCLIPPER\/5\" title=\"\"><\/p>\n<h3>Ergonomska zasnova<\/h3>\n<p>Sesalnik PetKit AirClipper je bil zasnovan z mislijo na udobje. Sesalnik ponuja 3 na\u010dine delovanja, zato boste njegovo delovanje prilagodili svojim potrebam. V 1,4-litrski rezervoar lahko shranite veliko koli\u010dino umazanije, kar zmanj\u0161uje pogostost njegovega praznjenja. Poleg tega ga lahko preprosto o\u010distite. Raztegljiva cev (1,5 m) pa vam pove\u010da svobodo uporabe &#8211; zlahka boste sesali te\u017eko dostopna mesta.<\/p>\n<p><img decoding=\"async\" src=\"https:\/\/b2b.innpro.pl\/data\/include\/cms\/03PetKit\/AIRCLIPPER\/6.jpg\" alt=\"03PetKit\/AIRCLIPPER\/6\" title=\"\"><\/p>\n<h3>Prilo\u017een<\/h3>\n<ul>\n<li>sesalnik za lase<\/li>\n<li>Raztegljiva cev (1,5 m)<\/li>\n<li>elektri\u010dne \u0161karje za stri\u017eenje<\/li>\n<li>obrezovalnik \u0161ap<\/li>\n<li>krta\u010da za nego<\/li>\n<li>krta\u010da za odstranjevanje dlak<\/li>\n<li>krta\u010da za \u010di\u0161\u010denje \u0161pranj<\/li>\n<li>nastavki za glavnik x4 (3\/6\/9\/12 mm)<\/li>\n<li>Kabel USB-C za elektri\u010dni trimer<\/li>\n<li>krta\u010da za \u010di\u0161\u010denje<\/li>\n<li>bomba\u017eni filter<\/li>\n<li>filter HEPA<\/li>\n<li>vre\u010dka za shranjevanje<\/li>\n<li>uporabni\u0161ki priro\u010dnik<\/li>\n<\/ul>\n<div class=\"table-wrapper\">\n<table>\n<tbody>\n<tr>\n<th>Proizvajalec<\/th>\n<td>PetKit<\/td>\n<\/tr>\n<tr>\n<th>Model<\/th>\n<td>AirClipper 5v1<\/td>\n<\/tr>\n<tr>\n<th>Material<\/th>\n<td>ABS<\/td>\n<\/tr>\n<tr>\n<th>Weight<\/th>\n<td>3,15 kg<\/td>\n<\/tr>\n<tr>\n<th>Dimenzije<\/th>\n<td>309 x 220 x 140 mm<\/td>\n<\/tr>\n<tr>\n<th>Zmogljivost posode za lase<\/th>\n<td>1.4 l<\/td>\n<\/tr>\n<tr>\n<th>Stopnja hrupa<\/th>\n<td>&gt;60 dB<\/td>\n<\/tr>\n<\/tbody>\n<\/table>\n<\/div>","protected":false},"excerpt":{"rendered":"<p>Na zalogi pri zunanjem dobavitelju. Rok dostave 3-5dni.<\/p>","protected":false},"featured_media":23118,"template":"","meta":{"_monsterinsights_skip_tracking":false,"_monsterinsights_sitenote_active":false,"_monsterinsights_sitenote_note":"","_monsterinsights_sitenote_category":0},"product_brand":[],"product_cat":[166,255],"product_tag":[],"class_list":{"0":"post-17340","1":"product","2":"type-product","3":"status-publish","4":"has-post-thumbnail","6":"product_cat-hisni-ljubljencki","7":"product_cat-vsi","9":"first","10":"instock","11":"taxable","12":"shipping-taxable","13":"purchasable","14":"product-type-simple"},"jetpack_sharing_enabled":true,"_links":{"self":[{"href":"https:\/\/kobra.si\/en\/wp-json\/wp\/v2\/product\/17340","targetHints":{"allow":["GET"]}}],"collection":[{"href":"https:\/\/kobra.si\/en\/wp-json\/wp\/v2\/product"}],"about":[{"href":"https:\/\/kobra.si\/en\/wp-json\/wp\/v2\/types\/product"}],"version-history":[{"count":3,"href":"https:\/\/kobra.si\/en\/wp-json\/wp\/v2\/product\/17340\/revisions"}],"predecessor-version":[{"id":20882,"href":"https:\/\/kobra.si\/en\/wp-json\/wp\/v2\/product\/17340\/revisions\/20882"}],"wp:featuredmedia":[{"embeddable":true,"href":"https:\/\/kobra.si\/en\/wp-json\/wp\/v2\/media\/23118"}],"wp:attachment":[{"href":"https:\/\/kobra.si\/en\/wp-json\/wp\/v2\/media?parent=17340"}],"wp:term":[{"taxonomy":"product_brand","embeddable":true,"href":"https:\/\/kobra.si\/en\/wp-json\/wp\/v2\/product_brand?post=17340"},{"taxonomy":"product_cat","embeddable":true,"href":"https:\/\/kobra.si\/en\/wp-json\/wp\/v2\/product_cat?post=17340"},{"taxonomy":"product_tag","embeddable":true,"href":"https:\/\/kobra.si\/en\/wp-json\/wp\/v2\/product_tag?post=17340"}],"curies":[{"name":"wp","href":"https:\/\/api.w.org\/{rel}","templated":true}]}}