{"id":17333,"date":"2024-12-20T14:31:17","date_gmt":"2024-12-20T13:31:17","guid":{"rendered":"https:\/\/kobra.si\/spletna-trgovina-kobra\/rojeco-3l-automatic-pet-feeder-wifi-with-camera\/"},"modified":"2026-03-18T20:53:06","modified_gmt":"2026-03-18T19:53:06","slug":"rojeco-3l-automatic-pet-feeder-wifi-with-camera","status":"publish","type":"product","link":"https:\/\/kobra.si\/en\/spletna-trgovina-kobra\/rojeco-3l-automatic-pet-feeder-wifi-with-camera\/","title":{"rendered":"Rojeco 3L avtomatski hranilnik za hi\u0161ne ljubljen\u010dke WiFi s kamero"},"content":{"rendered":"<h3>Rojeco 3L hranilnik za hi\u0161ne ljubljen\u010dke WiFi s kamero<\/h3>\n<p>Pametni hranilnik za hi\u0161ne ljubljen\u010dke Rojeco uporablja Wi-Fi, ima 3l rezervoar in kamero 720p z razponom pogleda 115\u00b0, ki omogo\u010da snemanje in fotografiranje va\u0161ega ljubljen\u010dka. Tako lahko svojega kosmatega prijatelja spremljate in z njim komunicirate, tudi ko vas ni doma. Z vgrajenim zvo\u010dnikom in mikrofonom lahko hi\u0161nemu ljubljen\u010dku dajete ukaze in posnamete do 10 sekund dolgo glasovno sporo\u010dilo, s katerim ga spodbudite k prehranjevanju ob obroku. V aplikaciji boste ustvarili na\u010drt prehranjevanja, ki ga je mogo\u010de urejati. Napravo boste napajali na dva na\u010dina, njena uporaba in vzdr\u017eevanje pa sta preprosta.<\/p>\n<p><img decoding=\"async\" src=\"https:\/\/b2b.innpro.pl\/data\/include\/cms\/Rojeco\/RWSQ-06\/2.jpg\" border=\"0\" alt=\"Rojeco\/RWSQ-06\/2\" title=\"\"><\/p>\n<h3>3-litrski rezervoar za hranjenje<\/h3>\n<p>V 3-litrski rezervoar lahko shranite kar 2,5 kg hrane. To je dovolj, da odrasli ma\u010dki zagotovite obroke za do 25 dni. Zaradi prozorne zasnove lahko priro\u010dno preverite preostalo koli\u010dino hrane, ne da bi morali odstraniti pokrov. Naprava je zdru\u017eljiva z zrni, katerih dimenzije so od 3 do 13 mm.<\/p>\n<p><img decoding=\"async\" src=\"https:\/\/b2b.innpro.pl\/data\/include\/cms\/Rojeco\/RWSQ-06\/9.jpg\" border=\"0\" alt=\"Rojeco\/RWSQ-06\/9\" title=\"\"><\/p>\n<h3>Daljinski upravljalnik<\/h3>\n<p>Z namensko aplikacijo upravljate obroke svojega hi\u0161nega ljubljen\u010dka od koder koli. Ustvarite lahko urnik hranjenja, ki ga sestavlja do 8 obrokov na dan z 1 do 20 obroki (10 \u00b1 2 g na obrok). Z napravo Rojeco ste lahko prepri\u010dani, da va\u0161 hi\u0161ni ljubljen\u010dek ne bo la\u010den, tudi \u010de se zaradi nepri\u010dakovanega razloga vrnete domov pozneje kot obi\u010dajno.<\/p>\n<p><img decoding=\"async\" src=\"https:\/\/b2b.innpro.pl\/data\/include\/cms\/Rojeco\/RWSQ-06\/4.jpg\" border=\"0\" alt=\"Rojeco\/RWSQ-06\/4\" title=\"\"><\/p>\n<h3>Prilagojeno glasovno snemanje<\/h3>\n<p>Z vgrajenim mikrofonom in zvo\u010dnikom lahko posnamete do 10 sekund dolgo glasovno sporo\u010dilo, ki se bo predvajalo med obrokom. Z namensko aplikacijo lahko s hi\u0161nim ljubljen\u010dkom komunicirate od koder koli in ga spodbudite k prehranjevanju ali mu podate ukaz.<\/p>\n<p><img decoding=\"async\" src=\"https:\/\/b2b.innpro.pl\/data\/include\/cms\/Rojeco\/RWSQ-06\/1.jpg\" border=\"0\" alt=\"Rojeco\/RWSQ-06\/1\" title=\"\"><\/p>\n<h3>Spremljajte svojega hi\u0161nega ljubljen\u010dka<\/h3>\n<p>Vgrajena kamera zagotavlja lo\u010dljivost 720p, njen doseg snemanja pa je 115\u00b0. Z njo lahko ustvarjate fotografije in videoposnetke ter z dru\u017eino in prijatelji delite najljub\u0161e trenutke svojega hi\u0161nega ljubljen\u010dka.<\/p>\n<p><img decoding=\"async\" src=\"https:\/\/b2b.innpro.pl\/data\/include\/cms\/Rojeco\/RWSQ-06\/6.jpg\" border=\"0\" alt=\"Rojeco\/RWSQ-06\/6\" title=\"\"><\/p>\n<h3>Zanesljiv v vseh razmerah<\/h3>\n<p>Dozator lahko napajate s prilo\u017eenim 5V adapterjem ali pa ga opremite s 3 D baterijami (ki jih je treba kupiti posebej). V primeru izpada elektri\u010dne energije bo samodejno preklopil na baterijsko napajanje in va\u0161emu hi\u0161nemu ljubljen\u010dku zagotovil redne obroke ne glede na zunanje razmere. Poleg tega lahko posamezne sestavne dele dozirnika enostavno razstavite in jih nato operete pod teko\u010do vodo. Tako bo va\u0161 hi\u0161ni ljubljen\u010dek med obroki vedno u\u017eival v higienskih razmerah.<\/p>\n<p><img decoding=\"async\" src=\"https:\/\/b2b.innpro.pl\/data\/include\/cms\/Rojeco\/RWSQ-06\/8.jpg\" border=\"0\" alt=\"Rojeco\/RWSQ-06\/8\" title=\"\"><\/p>\n<h3>Vklju\u010deno:<\/h3>\n<ul>\n<li>Pametni dozirnik krme s kamero<\/li>\n<li>1,5-metrski kabel USB<\/li>\n<li>adapter EU<\/li>\n<li>uporabni\u0161ki priro\u010dnik<\/li>\n<\/ul>\n<div class=\"table-wrapper\">\n<table>\n<tbody>\n<tr>\n<th>Proizvajalec<\/th>\n<td>Rojeco<\/td>\n<\/tr>\n<tr>\n<th>Model<\/th>\n<td>RWSQ-06<\/td>\n<\/tr>\n<tr>\n<th>Lo\u010dljivost kamere<\/th>\n<td>720p<\/td>\n<\/tr>\n<tr>\n<th>Vidno polje<\/th>\n<td>115\u00b0<\/td>\n<\/tr>\n<tr>\n<th>Zmogljivost dozirnika<\/th>\n<td>3 l<\/td>\n<\/tr>\n<tr>\n<th>Zdru\u017eljivost<\/th>\n<td>Velikost podajanja od 3 do 13 mm<\/td>\n<\/tr>\n<tr>\n<th>Na\u010drt obrokov<\/th>\n<td>Od 1 do 8 obrokov na dan (od 1 do 20 obrokov na obrok, 10 \u00b1 2 g na obrok)<\/td>\n<\/tr>\n<tr>\n<th>Material<\/th>\n<td>ABS + nerjavno jeklo<\/td>\n<\/tr>\n<tr>\n<th>Dimenzije<\/th>\n<td>18,2 x 28,2 x 28,3 cm<\/td>\n<\/tr>\n<tr>\n<th>Weight<\/th>\n<td>1,25 kg<\/td>\n<\/tr>\n<\/tbody>\n<\/table>\n<\/div>","protected":false},"excerpt":{"rendered":"<p>Na zalogi pri zunanjem dobavitelju. Rok dostave 3-5dni.<\/p>","protected":false},"featured_media":22994,"template":"","meta":{"_monsterinsights_skip_tracking":false,"_monsterinsights_sitenote_active":false,"_monsterinsights_sitenote_note":"","_monsterinsights_sitenote_category":0},"product_brand":[],"product_cat":[166,255],"product_tag":[],"class_list":{"0":"post-17333","1":"product","2":"type-product","3":"status-publish","4":"has-post-thumbnail","6":"product_cat-hisni-ljubljencki","7":"product_cat-vsi","9":"first","10":"outofstock","11":"taxable","12":"shipping-taxable","13":"purchasable","14":"product-type-simple"},"jetpack_sharing_enabled":true,"_links":{"self":[{"href":"https:\/\/kobra.si\/en\/wp-json\/wp\/v2\/product\/17333","targetHints":{"allow":["GET"]}}],"collection":[{"href":"https:\/\/kobra.si\/en\/wp-json\/wp\/v2\/product"}],"about":[{"href":"https:\/\/kobra.si\/en\/wp-json\/wp\/v2\/types\/product"}],"version-history":[{"count":3,"href":"https:\/\/kobra.si\/en\/wp-json\/wp\/v2\/product\/17333\/revisions"}],"predecessor-version":[{"id":20756,"href":"https:\/\/kobra.si\/en\/wp-json\/wp\/v2\/product\/17333\/revisions\/20756"}],"wp:featuredmedia":[{"embeddable":true,"href":"https:\/\/kobra.si\/en\/wp-json\/wp\/v2\/media\/22994"}],"wp:attachment":[{"href":"https:\/\/kobra.si\/en\/wp-json\/wp\/v2\/media?parent=17333"}],"wp:term":[{"taxonomy":"product_brand","embeddable":true,"href":"https:\/\/kobra.si\/en\/wp-json\/wp\/v2\/product_brand?post=17333"},{"taxonomy":"product_cat","embeddable":true,"href":"https:\/\/kobra.si\/en\/wp-json\/wp\/v2\/product_cat?post=17333"},{"taxonomy":"product_tag","embeddable":true,"href":"https:\/\/kobra.si\/en\/wp-json\/wp\/v2\/product_tag?post=17333"}],"curies":[{"name":"wp","href":"https:\/\/api.w.org\/{rel}","templated":true}]}}