{"id":17281,"date":"2024-12-20T14:21:20","date_gmt":"2024-12-20T13:21:20","guid":{"rendered":"https:\/\/kobra.si\/spletna-trgovina-kobra\/smart-laser-for-dog-cat-play-petoneer-smart-dot\/"},"modified":"2026-04-21T20:45:11","modified_gmt":"2026-04-21T18:45:11","slug":"smart-laser-for-dog-cat-play-petoneer-smart-dot","status":"publish","type":"product","link":"https:\/\/kobra.si\/en\/spletna-trgovina-kobra\/smart-laser-for-dog-cat-play-petoneer-smart-dot\/","title":{"rendered":"Pametni laser za igro psov \/ ma\u010dk Petoneer Smart Dot"},"content":{"rendered":"<h3>Pametni laser Petoneer Smart Dot<\/h3>\n<p>Ma\u010dke so rojene lovke. \u010ce \u017eelite svojo \u017eival zabavati in ji hkrati pomagati, da ostane v odli\u010dni formi, si kupite interaktivno igra\u010do Petoneer Smart Dot. Naprava oddaja premikajo\u010do se lasersko piko, ki jo lahko va\u0161a muca preganja &#8211; odli\u010dna zabava za dolgo \u010dasa! Zaradi ve\u010d na\u010dinov delovanja, polnjenja prek vmesnika Micro USB in upravljanja z aplikacijo je uporaba tega pametnega laserja izjemno priro\u010dna.<\/p>\n<p><img decoding=\"async\" src=\"https:\/\/b2b.innpro.pl\/data\/include\/cms\/Petoneer\/Smart-Dot\/10.jpg\" title=\"\"><\/p>\n<h3>Odli\u010den na\u010din za odpravljanje dolg\u010dasa<\/h3>\n<p>Ko ma\u010dka ostane sama v hi\u0161i, se neredko zgodi, da se za\u010dne dolgo\u010dasiti in se za\u010dne poigravati. Petoneer Smart Dot vam pomaga, da se temu izognete. Naprava je bila ustvarjena tako, da spodbuja ma\u010dje instinkte in v \u017eivali prebudi skritega lovca. Va\u0161i hi\u0161ni ljubljenki bo zagotovila odli\u010dno zabavo, ko bo ostala sama doma. Nastavite jo lahko tako, da bo va\u0161o \u017eival ves \u010das zabavala &#8211; va\u0161 ma\u010dji prijatelj ne bo niti opazil, da vas ni ve\u010d! S tem interaktivnim spremljevalcem ma\u010dkam ne bo ve\u010d dolg\u010das.<\/p>\n<p><img decoding=\"async\" src=\"https:\/\/b2b.innpro.pl\/data\/include\/cms\/Petoneer\/Smart-Dot\/9.jpg\" title=\"\"><\/p>\n<h3>Ve\u010d na\u010dinov delovanja<\/h3>\n<p>Izbirate lahko med 3 trajektorijami in 3 na\u010dini za 3 razli\u010dne kote. Tako lahko delovanje naprave preprosto prilagodite potrebam in navadam svojega hi\u0161nega ljubljen\u010dka. Imate dve ma\u010dki? Ni problema &#8211; izberite najve\u010dje delovno obmo\u010dje in pustite, da va\u0161i ljubljen\u010dki veselo in svobodno preganjajo rde\u010do piko po \u0161e ve\u010djem obmo\u010dju.<\/p>\n<p><img decoding=\"async\" src=\"https:\/\/b2b.innpro.pl\/data\/include\/cms\/Petoneer\/Smart-Dot\/4.jpg\" title=\"\"><\/p>\n<h3>Nastavite urnik za svojega ljubljen\u010dka<\/h3>\n<p>Pametno piko pove\u017eite z aplikacijo za \u0161e ve\u010d mo\u017enosti. Tako lahko na primer nastavite individualne urnike igranja za svoje ma\u010dke. Nastavite ure, ko naj naprava deluje, in posebne na\u010dine delovanja. Presenetite svoje hi\u0161ne ljubljen\u010dke in jim omogo\u010dite odli\u010dno zabavo, tudi ko vas ni doma.<\/p>\n<p><img decoding=\"async\" src=\"https:\/\/b2b.innpro.pl\/data\/include\/cms\/Petoneer\/Smart-Dot\/7.jpg\" title=\"\"><\/p>\n<h3>Igrajte se skupaj<\/h3>\n<p>Z aplikacijo pridobite tudi mo\u017enost daljinskega upravljanja laserske to\u010dke. Sodobna tehnologija zagotavlja stabilno delovanje brez motenj. Preprosto premaknite pametni telefon v katero koli smer in opazujte, kako va\u0161a muca preganja majhno rde\u010do to\u010dko po sobi. To je odli\u010dna zabava za oba!<\/p>\n<p><img decoding=\"async\" src=\"https:\/\/b2b.innpro.pl\/data\/include\/cms\/Petoneer\/Smart-Dot\/11.jpg\" title=\"\"><\/p>\n<h3>Zasnovan za vas in va\u0161o ma\u010dko<\/h3>\n<p>Kaj \u0161e odlikuje napravo Smart Dot Petoneer? Elegantna, izvirna zasnova! Naprava je bila zasnovana tako, da spominja na obliko ma\u010dke &#8211; zaradi tega je takoj jasno, da je namenjena va\u0161emu puhastemu prijatelju. Majhna in prenosna &#8211; prosto jo lahko premikate in postavite, kamor koli \u017eelite. Napaja se prek priklju\u010dka USB &#8211; preprosto jo priklju\u010dite v vti\u010dnico ali banko za napajanje. Skoraj neviden, ob\u010dutljiv gumb se odli\u010dno prilega zasnovi naprave in zagotavlja udobno upravljanje.<\/p>\n<p><img decoding=\"async\" src=\"https:\/\/b2b.innpro.pl\/data\/include\/cms\/Petoneer\/Smart-Dot\/8.jpg\" title=\"\"><\/p>\n<h3>Deluje z napravo TUYA<\/h3>\n<p>Pametni laser Petoneer Smart Dot temelji na platformi TUYA. To pomeni, da je zdru\u017eljiv z drugimi izdelki, ki uporabljajo TuyaSmart. Da bi vam zagotovili najbolj\u0161o uporabni\u0161ko izku\u0161njo, je bila aplikacija Petoneer razvita na podlagi protokola Tuya. Zaradi tega je izjemno intuitivna, enostavna za uporabo in hkrati funkcionalna, saj vam zagotavlja vrsto dodatnih zmo\u017enosti.<\/p>\n<p><img decoding=\"async\" src=\"https:\/\/b2b.innpro.pl\/data\/include\/cms\/Petoneer\/Smart-Dot\/1.jpg\" title=\"\"><\/p>\n<h3>V \u0161katli<\/h3>\n<ul>\n<li>Pametni laser Smart Dot<\/li>\n<li>Napajalni kabel USB<\/li>\n<\/ul>\n<div class=\"table-wrapper\">\n<table>\n<tbody>\n<tr>\n<th>Blagovna znamka<\/th>\n<td>Petoneer<\/td>\n<\/tr>\n<tr>\n<th>Model<\/th>\n<td>PTY010<\/td>\n<\/tr>\n<tr>\n<th>Dimenzije<\/th>\n<td>90 x 122 mm<\/td>\n<\/tr>\n<tr>\n<th>Weight<\/th>\n<td>173 g<\/td>\n<\/tr>\n<tr>\n<th>Vmesnik<\/th>\n<td>Mikro USB<\/td>\n<\/tr>\n<tr>\n<th>Aplikacija<\/th>\n<td>Petoneer<\/td>\n<\/tr>\n<\/tbody>\n<\/table>\n<\/div>","protected":false},"excerpt":{"rendered":"<p>Na zalogi pri zunanjem dobavitelju. Rok dostave 3-5dni.<\/p>","protected":false},"featured_media":22623,"template":"","meta":{"_monsterinsights_skip_tracking":false,"_monsterinsights_sitenote_active":false,"_monsterinsights_sitenote_note":"","_monsterinsights_sitenote_category":0},"product_brand":[],"product_cat":[166,255],"product_tag":[],"class_list":{"0":"post-17281","1":"product","2":"type-product","3":"status-publish","4":"has-post-thumbnail","6":"product_cat-hisni-ljubljencki","7":"product_cat-vsi","9":"first","10":"instock","11":"taxable","12":"shipping-taxable","13":"purchasable","14":"product-type-simple"},"jetpack_sharing_enabled":true,"_links":{"self":[{"href":"https:\/\/kobra.si\/en\/wp-json\/wp\/v2\/product\/17281","targetHints":{"allow":["GET"]}}],"collection":[{"href":"https:\/\/kobra.si\/en\/wp-json\/wp\/v2\/product"}],"about":[{"href":"https:\/\/kobra.si\/en\/wp-json\/wp\/v2\/types\/product"}],"version-history":[{"count":3,"href":"https:\/\/kobra.si\/en\/wp-json\/wp\/v2\/product\/17281\/revisions"}],"predecessor-version":[{"id":20354,"href":"https:\/\/kobra.si\/en\/wp-json\/wp\/v2\/product\/17281\/revisions\/20354"}],"wp:featuredmedia":[{"embeddable":true,"href":"https:\/\/kobra.si\/en\/wp-json\/wp\/v2\/media\/22623"}],"wp:attachment":[{"href":"https:\/\/kobra.si\/en\/wp-json\/wp\/v2\/media?parent=17281"}],"wp:term":[{"taxonomy":"product_brand","embeddable":true,"href":"https:\/\/kobra.si\/en\/wp-json\/wp\/v2\/product_brand?post=17281"},{"taxonomy":"product_cat","embeddable":true,"href":"https:\/\/kobra.si\/en\/wp-json\/wp\/v2\/product_cat?post=17281"},{"taxonomy":"product_tag","embeddable":true,"href":"https:\/\/kobra.si\/en\/wp-json\/wp\/v2\/product_tag?post=17281"}],"curies":[{"name":"wp","href":"https:\/\/api.w.org\/{rel}","templated":true}]}}