{"id":17143,"date":"2024-12-20T13:41:42","date_gmt":"2024-12-20T12:41:42","guid":{"rendered":"https:\/\/kobra.si\/spletna-trgovina-kobra\/delux-m618xsd-wireless-vertical-mouse\/"},"modified":"2026-01-20T20:47:07","modified_gmt":"2026-01-20T19:47:07","slug":"delux-m618xsd-wireless-vertical-mouse","status":"publish","type":"product","link":"https:\/\/kobra.si\/en\/spletna-trgovina-kobra\/delux-m618xsd-wireless-vertical-mouse\/","title":{"rendered":"Delux M618XSD Brez\u017ei\u010dna navpi\u010dna mi\u0161ka"},"content":{"rendered":"<h3>Delux M618XSD BT+2.4G RGB brez\u017ei\u010dna vertikalna mi\u0161ka (bela)<\/h3>\n<\/p>\n<p>Brez\u017ei\u010dna vertikalna mi\u0161ka Delux M618XSD bo izpolnila pri\u010dakovanja tudi najzahtevnej\u0161ih uporabnikov. Izjemno preprosta in priro\u010dna za uporabo &#8211; opremljena je z zaslonom OLED, ki \u0161e olaj\u0161a uporabo. Naprava omogo\u010da 5-stopenjsko nastavitev DPI do 4.000, zahvaljujo\u010d 1000 mAh bateriji pa zagotavlja dolg \u010das delovanja. Mi\u0161ko lahko z ra\u010dunalnikom pove\u017eete na tri na\u010dine.<\/p>\n<\/p>\n<p>\n<img decoding=\"async\" border=\"0\" src=\"https:\/\/assets.innpro.pl\/5146\/6044\/1.jpg\" title=\"\">\n<\/p>\n<h3>Nastavitev DPI<\/h3>\n<\/p>\n<p>Prilagodite delovanje mi\u0161ke svojim potrebam. M618XSD omogo\u010da 5-stopenjsko nastavitev hitrosti do 4000 DPI. Zaradi tega je naprava popolna za vsakodnevno uporabo, delo in celo igranje iger. Uporabniki operacijskega sistema Windows lahko uporabijo tudi posebno programsko opremo in delovanje mi\u0161ke \u0161e dodatno prilagodijo svojim pri\u010dakovanjem.<\/p>\n<\/p>\n<p>\n<img decoding=\"async\" border=\"0\" src=\"https:\/\/assets.innpro.pl\/5146\/6044\/4.jpg\" title=\"\">\n<\/p>\n<h3>3 na\u010dini povezovanja<\/h3>\n<\/p>\n<p>Mi\u0161ka podpira 3 na\u010dine povezave &#8211; izberite pravega za vas! \u010ce ne \u017eelite skrbeti za stanje baterije, jo z ra\u010dunalnikom pove\u017eite s kablom. Lahko pa jo pove\u017eete brez\u017ei\u010dno &#8211; prek povezave Bluetooth 4.0 ali 2.4G. Poleg tega lahko mi\u0161ko hkrati pove\u017eete s 4 napravami.<\/p>\n<\/p>\n<p>\n<img decoding=\"async\" border=\"0\" src=\"https:\/\/assets.innpro.pl\/5146\/6044\/6.jpg\" title=\"\">\n<\/p>\n<h3>Dolg delovni \u010das<\/h3>\n<\/p>\n<p>Z baterijo z dolgo \u017eivljenjsko dobo lahko mi\u0161ka z enim polnjenjem deluje do 2 tedna, \u010de jo uporabljate pribli\u017eno 8 ur na dan. \u010ce jo \u017eelite napolniti, jo s prilo\u017eenim kablom USB-C preprosto priklju\u010dite na vir napajanja.<\/p>\n<\/p>\n<p>\n<img decoding=\"async\" border=\"0\" src=\"https:\/\/assets.innpro.pl\/5146\/6044\/8.jpg\" title=\"\">\n<\/p>\n<h3>Ergonomska zasnova<\/h3>\n<\/p>\n<p>Mi\u0161ka M618XSD se odli\u010dno prilega va\u0161i roki in zagotavlja neprimerljivo udobje. Bole\u010dine v zapestju in utrujenost so stvar preteklosti! Naprava je izdelana iz visokokakovostnih materialov, zato je prijetna na otip in vzdr\u017eljiva. Vgrajeni zaslon OLED omogo\u010da priro\u010dno preverjanje zmogljivosti baterije, trenutnega na\u010dina povezave in DPI, dodatno kolesce pa omogo\u010da upravljanje mi\u0161ke s palcem. Prilo\u017een je tudi magnetni naslon za zapestje.<\/p>\n<\/p>\n<p>\n<img decoding=\"async\" border=\"0\" src=\"https:\/\/assets.innpro.pl\/5146\/6044\/10.jpg\" title=\"\">\n<\/p>\n<h3>Nastavljiva osvetlitev ozadja<\/h3>\n<\/p>\n<p>Naprava pritegne pozornost s svojo sodobno, izvirno zasnovo. Opremljena je z barvno osvetlitvijo ozadja, ki ji daje edinstven zna\u010daj. S programsko opremo, ki je na voljo uporabnikom naprav Windows, jo lahko prilagodite po svojih \u017eeljah. Poleg tega mi\u0161ka zazna gibanje &#8211; ko se ji pribli\u017eate z roko, se bo osvetlitev samodejno izklopila.<\/p>\n<\/p>\n<p>\n<img decoding=\"async\" border=\"0\" src=\"https:\/\/assets.innpro.pl\/5146\/6044\/7.jpg\" title=\"\">\n<\/p>\n<h3>Prilo\u017eena stran<\/h3>\n<ul class=\"list-disc pl-5\">\n<li>Mi\u0161ka<\/li>\n<li>Podstavek za zapestje<\/li>\n<li>Kabel USB-C<\/li>\n<li>Nadomestno zadnje ohi\u0161je<\/li>\n<li>Uporabni\u0161ki priro\u010dnik<\/li>\n<\/ul>\n<div class=\"table-wrapper\">\n<h3><\/h3>\n<table>\n<tbody>\n<tr>\n<th>Proizvajalec<\/th>\n<td>Delux<\/td>\n<\/tr>\n<tr>\n<th>Model<\/th>\n<td>M618XSD<\/td>\n<\/tr>\n<tr>\n<th>Weight<\/th>\n<td>160,8 g \u00b15 g<\/td>\n<\/tr>\n<tr>\n<th>Dimenzije<\/th>\n<td>166 x 97 x 82 mm<\/td>\n<\/tr>\n<tr>\n<th>Material<\/th>\n<td>ABS + PC + teflon<\/td>\n<\/tr>\n<tr>\n<th>Priklju\u010dek<\/th>\n<td>\u017di\u010dna, 2.4G, Bluetooth 4.0<\/td>\n<\/tr>\n<tr>\n<th>Zaslon<\/th>\n<td>OLED<\/td>\n<\/tr>\n<tr>\n<th>Kapaciteta baterije<\/th>\n<td>1000 mAh<\/td>\n<\/tr>\n<tr>\n<th>DPI<\/th>\n<td>600-4000<\/td>\n<\/tr>\n<tr>\n<th>Zdru\u017eljivi sistemi<\/th>\n<td>iOS, Windows 7 \/ 8 \/ 10<\/td>\n<\/tr>\n<tr>\n<th>\u0160tevilo gumbov<\/th>\n<td>7<\/td>\n<\/tr>\n<tr>\n<th>\u0160tevilo izbirnikov<\/th>\n<td>2<\/td>\n<\/tr>\n<tr>\n<th>Vmesnik<\/th>\n<td>USB-C<\/td>\n<\/tr>\n<\/tbody>\n<\/table>\n<\/div>","protected":false},"excerpt":{"rendered":"<p>Na zalogi pri zunanjem dobavitelju. Rok dostave 3-5dni.<\/p>","protected":false},"featured_media":22814,"template":"","meta":{"_monsterinsights_skip_tracking":false,"_monsterinsights_sitenote_active":false,"_monsterinsights_sitenote_note":"","_monsterinsights_sitenote_category":0},"product_brand":[],"product_cat":[64,130,255],"product_tag":[],"class_list":{"0":"post-17143","1":"product","2":"type-product","3":"status-publish","4":"has-post-thumbnail","6":"product_cat-racunalnistvo","7":"product_cat-tipkovnice-in-miske","8":"product_cat-vsi","10":"first","11":"outofstock","12":"taxable","13":"shipping-taxable","14":"purchasable","15":"product-type-simple"},"jetpack_sharing_enabled":true,"_links":{"self":[{"href":"https:\/\/kobra.si\/en\/wp-json\/wp\/v2\/product\/17143","targetHints":{"allow":["GET"]}}],"collection":[{"href":"https:\/\/kobra.si\/en\/wp-json\/wp\/v2\/product"}],"about":[{"href":"https:\/\/kobra.si\/en\/wp-json\/wp\/v2\/types\/product"}],"version-history":[{"count":3,"href":"https:\/\/kobra.si\/en\/wp-json\/wp\/v2\/product\/17143\/revisions"}],"predecessor-version":[{"id":20539,"href":"https:\/\/kobra.si\/en\/wp-json\/wp\/v2\/product\/17143\/revisions\/20539"}],"wp:featuredmedia":[{"embeddable":true,"href":"https:\/\/kobra.si\/en\/wp-json\/wp\/v2\/media\/22814"}],"wp:attachment":[{"href":"https:\/\/kobra.si\/en\/wp-json\/wp\/v2\/media?parent=17143"}],"wp:term":[{"taxonomy":"product_brand","embeddable":true,"href":"https:\/\/kobra.si\/en\/wp-json\/wp\/v2\/product_brand?post=17143"},{"taxonomy":"product_cat","embeddable":true,"href":"https:\/\/kobra.si\/en\/wp-json\/wp\/v2\/product_cat?post=17143"},{"taxonomy":"product_tag","embeddable":true,"href":"https:\/\/kobra.si\/en\/wp-json\/wp\/v2\/product_tag?post=17143"}],"curies":[{"name":"wp","href":"https:\/\/api.w.org\/{rel}","templated":true}]}}