{"id":16998,"date":"2024-12-20T12:12:35","date_gmt":"2024-12-20T11:12:35","guid":{"rendered":"https:\/\/kobra.si\/spletna-trgovina-kobra\/wireless-mechanical-keyboard-royal-kludge-rkh81-rgb-sky-cyan-switch-green\/"},"modified":"2026-02-17T20:52:06","modified_gmt":"2026-02-17T19:52:06","slug":"wireless-mechanical-keyboard-royal-kludge-rkh81-rgb-sky-cyan-switch-green","status":"publish","type":"product","link":"https:\/\/kobra.si\/en\/spletna-trgovina-kobra\/wireless-mechanical-keyboard-royal-kludge-rkh81-rgb-sky-cyan-switch-green\/","title":{"rendered":"Brez\u017ei\u010dna mehanska tipkovnica Royal Kludge RKH81 RGB, Sky cyan stikalo (zeleno)"},"content":{"rendered":"<h3>Royal Kludge RKH81 RGB mehanska tipkovnica, Sky cyan stikalo (zeleno)<\/h3>\n<p>I\u0161\u010dete preizku\u0161eno strojno opremo, ki je enako primerna za delo in zabavo? Mehanska tipkovnica Royal Kludge je popolna izbira! Prilagodi se vam v vseh pogledih, saj lahko na njej ne le poljubno menjate stikala, temve\u010d jo tudi na razli\u010dne na\u010dine pove\u017eete. \u0160e ve\u010d, njena premi\u0161ljena zasnova bo poskrbela za neprekinjeno udobje med uporabo.<\/p>\n<p><img decoding=\"async\" src=\"https:\/\/b2b.innpro.pl\/data\/include\/cms\/Royal-Kludge\/RKH-81-skycyan-green\/7.jpg\" alt=\"Royal-Kludge\/RKH-81-skycyan-green\/7\" title=\"\"><\/p>\n<h3>\u0160tevilne mo\u017enosti<\/h3>\n<p>Tipkovnica Royal Kludge Keyboard je bila razvita z mislijo na \u0161tevilne scenarije uporabe. Opremljena je z dvema priklju\u010dkoma USB-C, zato lahko nanjo hkrati priklju\u010dite ve\u010d naprav. Zdru\u017eljiva je s telefoni, pomnilni\u0161kimi napravami, mi\u0161kami, slu\u0161alkami in to \u0161e ni vse! \u0160e ve\u010d, prilo\u017een vam je poseben pokrov, ki tipkovnico \u0161\u010diti pred prahom in vodo. Poleg tega je ta tipkovnica namenjena tudi vam, \u010de ste ljubitelj iger! Omogo\u010da vam prosto menjavo stikal, prilo\u017eena posebna tipka pa vam bo to nalogo olaj\u0161ala.<\/p>\n<p><img decoding=\"async\" src=\"https:\/\/b2b.innpro.pl\/data\/include\/cms\/Royal-Kludge\/RKH-81-skycyan-green\/1.jpg\" alt=\"Royal-Kludge\/RKH-81-skycyan-green\/1\" title=\"\"><\/p>\n<h3>Pametna zasnova<\/h3>\n<p>Tipkovnico Royal Kludge odlikuje premi\u0161ljena zasnova. Izdelana je iz robustnih materialov, zaradi \u010desar je zelo trpe\u017ena in odporna. Poleg tega njena ve\u010dplastna struktura zmanj\u0161uje hrup, zato bo delovala tiho in ne bo motila drugih ljudi v prostoru. Poleg tega je opremljen z ve\u010djimi tipkami za bolj\u0161e udobje pri delu. Ima tudi nedrse\u010de nogice, zato bo vedno ostal na svojem mestu.<\/p>\n<p><img decoding=\"async\" src=\"https:\/\/b2b.innpro.pl\/data\/include\/cms\/Royal-Kludge\/RKH-81-skycyan-green\/5.jpg\" alt=\"Royal-Kludge\/RKH-81-skycyan-green\/5\" title=\"\"><\/p>\n<h3>Prilagojen va\u0161im potrebam<\/h3>\n<p>Tipkovnica Royal Kludge se prilagodi va\u0161im potrebam. V namenski aplikaciji za osebni ra\u010dunalnik lahko spremenite njene nastavitve glede na svoja pri\u010dakovanja. Med drugim boste lahko spremenili uporabo tipk ali izbrali \u017eeleno osvetlitev. Tako bo tipkovnica prilagojena va\u0161im potrebam, va\u0161e delo pa \u0161e bolj udobno!<\/p>\n<p><img decoding=\"async\" src=\"https:\/\/b2b.innpro.pl\/data\/include\/cms\/Royal-Kludge\/RKH-81-skycyan-green\/4.jpg\" alt=\"Royal-Kludge\/RKH-81-skycyan-green\/4\" title=\"\"><\/p>\n<h3>\u0160tevilne mo\u017enosti kombinacij<\/h3>\n<p>Royal Kludge se odziva na va\u0161e potrebe in vam omogo\u010da, da se s tipkovnico pove\u017eete na kar 3 razli\u010dne na\u010dine! \u010ce ste ljubitelj tradicionalnih re\u0161itev &#8211; izberite \u017ei\u010dno, kabelsko povezavo. \u010ce pa se \u017eelite znebiti zapletenih \u017eic, se z izbranimi napravami pove\u017eite prek omre\u017eja 2,4 GHz ali povezave Bluetooth (pri kateri se lahko hkrati pove\u017eete s kar 3 napravami). Poleg tega lahko med povezanimi napravami priro\u010dno preklapljate s posebnim stikalom, ki se nahaja na tipkovnici.<\/p>\n<p><img decoding=\"async\" src=\"https:\/\/b2b.innpro.pl\/data\/include\/cms\/Royal-Kludge\/RKH-81-skycyan-green\/2.jpg\" alt=\"Royal-Kludge\/RKH-81-skycyan-green\/2\" title=\"\"><\/p>\n<h3>Dolga \u017eivljenjska doba baterije<\/h3>\n<p>Vas skrbi, da bo va\u0161a tipkovnica izgubila energijo, ko to najmanj pri\u010dakujete? S tipkovnico Royal Kludge lahko te strahove pozabite! Opremljena je z baterijo 3750 mAh, zato lahko deluje do 220 ur. Poleg tega je opremljena s posebnim zaslonom, ki vas obve\u0161\u010da o trenutnem stanju napolnjenosti. Odslej boste njegovo energijo vedno pravo\u010dasno obnovili!<\/p>\n<p><img decoding=\"async\" src=\"https:\/\/b2b.innpro.pl\/data\/include\/cms\/Royal-Kludge\/RKH-81-skycyan-green\/6.jpg\" alt=\"Royal-Kludge\/RKH-81-skycyan-green\/6\" title=\"\"><\/p>\n<h3>RGB osvetlitev ozadja<\/h3>\n<p>Dajte svojemu delu ve\u010d barv! Tipkovnica Royal Kludge je opremljena z osvetlitvijo RGB z do 16,80 milijona barv. Poleg tega vam je na voljo tudi 14 razli\u010dnih na\u010dinov. Prilagodite barve trenutnemu razpolo\u017eenju ali igri in tipkovnici zagotovite edinstven videz!<\/p>\n<p><img decoding=\"async\" src=\"https:\/\/b2b.innpro.pl\/data\/include\/cms\/Royal-Kludge\/RKH-81-skycyan-green\/8.jpg\" alt=\"Royal-Kludge\/RKH-81-skycyan-green\/8\" title=\"\"><\/p>\n<h3>Visoka zdru\u017eljivost<\/h3>\n<p>Naprava Royal Kludge izkazuje veliko zdru\u017eljivost, zato vam ni treba skrbeti, da ne bi delovala z va\u0161o strojno opremo. Deluje s telefoni, mi\u0161kami in slu\u0161alkami, a ne samo s tem! Prav tako vam ni treba skrbeti glede operacijskega sistema, ki ga uporabljate, saj ta tipkovnica deluje z operacijskimi sistemi Windows, iOS\/ Mac OS, Android in Linux. U\u017eivajte v izjemni svobodi!<\/p>\n<p><img decoding=\"async\" src=\"https:\/\/b2b.innpro.pl\/data\/include\/cms\/Royal-Kludge\/RKH-81-skycyan-green\/3.jpg\" alt=\"Royal-Kludge\/RKH-81-skycyan-green\/3\" title=\"\"><\/p>\n<h3>Vklju\u010deno<\/h3>\n<ul>\n<li>tipkovnica<\/li>\n<li>dodatna stikala x 4<\/li>\n<li>Tipka za odstranjevanje trakov<\/li>\n<li>Kabel tipa C<\/li>\n<li>uporabni\u0161ki priro\u010dnik<\/li>\n<\/ul>\n<div class=\"table-wrapper\">\n<table>\n<tbody>\n<tr>\n<th>Proizvajalec<\/th>\n<td>Royal Kludge<\/td>\n<\/tr>\n<tr>\n<th>Model<\/th>\n<td>RKH81 stikalo skycyan<\/td>\n<\/tr>\n<tr>\n<th>Dimenzije<\/th>\n<td>335,8 \u00d7 142 \u00d7 40 mm<\/td>\n<\/tr>\n<tr>\n<th>Razporeditev<\/th>\n<td>81 tipk<\/td>\n<\/tr>\n<tr>\n<th>Osvetlitev ozadja<\/th>\n<td>Enotna svetloba \/ RGB<\/td>\n<\/tr>\n<tr>\n<th>Vrsta stikala<\/th>\n<td>Mehanski<\/td>\n<\/tr>\n<tr>\n<th>Kapaciteta baterije<\/th>\n<td>3750 mAh<\/td>\n<\/tr>\n<tr>\n<th>\u010cas delovanja<\/th>\n<td>pribli\u017eno 220 ur<\/td>\n<\/tr>\n<tr>\n<th>Dodatne funkcije<\/th>\n<td>hitra zamenjava<\/td>\n<\/tr>\n<\/tbody>\n<\/table>\n<\/div>","protected":false},"excerpt":{"rendered":"<p>Na zalogi pri zunanjem dobavitelju. Rok dostave 3-5dni.<\/p>","protected":false},"featured_media":22972,"template":"","meta":{"_monsterinsights_skip_tracking":false,"_monsterinsights_sitenote_active":false,"_monsterinsights_sitenote_note":"","_monsterinsights_sitenote_category":0},"product_brand":[],"product_cat":[64,130,255],"product_tag":[],"class_list":{"0":"post-16998","1":"product","2":"type-product","3":"status-publish","4":"has-post-thumbnail","6":"product_cat-racunalnistvo","7":"product_cat-tipkovnice-in-miske","8":"product_cat-vsi","10":"first","11":"outofstock","12":"taxable","13":"shipping-taxable","14":"purchasable","15":"product-type-simple"},"jetpack_sharing_enabled":true,"_links":{"self":[{"href":"https:\/\/kobra.si\/en\/wp-json\/wp\/v2\/product\/16998","targetHints":{"allow":["GET"]}}],"collection":[{"href":"https:\/\/kobra.si\/en\/wp-json\/wp\/v2\/product"}],"about":[{"href":"https:\/\/kobra.si\/en\/wp-json\/wp\/v2\/types\/product"}],"version-history":[{"count":3,"href":"https:\/\/kobra.si\/en\/wp-json\/wp\/v2\/product\/16998\/revisions"}],"predecessor-version":[{"id":20735,"href":"https:\/\/kobra.si\/en\/wp-json\/wp\/v2\/product\/16998\/revisions\/20735"}],"wp:featuredmedia":[{"embeddable":true,"href":"https:\/\/kobra.si\/en\/wp-json\/wp\/v2\/media\/22972"}],"wp:attachment":[{"href":"https:\/\/kobra.si\/en\/wp-json\/wp\/v2\/media?parent=16998"}],"wp:term":[{"taxonomy":"product_brand","embeddable":true,"href":"https:\/\/kobra.si\/en\/wp-json\/wp\/v2\/product_brand?post=16998"},{"taxonomy":"product_cat","embeddable":true,"href":"https:\/\/kobra.si\/en\/wp-json\/wp\/v2\/product_cat?post=16998"},{"taxonomy":"product_tag","embeddable":true,"href":"https:\/\/kobra.si\/en\/wp-json\/wp\/v2\/product_tag?post=16998"}],"curies":[{"name":"wp","href":"https:\/\/api.w.org\/{rel}","templated":true}]}}