{"id":14084,"date":"2024-09-09T14:20:33","date_gmt":"2024-09-09T12:20:33","guid":{"rendered":"https:\/\/kobra.si\/?post_type=product&#038;p=14084"},"modified":"2026-01-12T11:51:21","modified_gmt":"2026-01-12T10:51:21","slug":"simpal-t20-v2","status":"publish","type":"product","link":"https:\/\/kobra.si\/en\/spletna-trgovina-kobra\/simpal-t20-v2\/","title":{"rendered":"SIMPAL-T20 v2"},"content":{"rendered":"<h2 class=\"wp-block-heading\">Navodila za uporabo:<\/h2>\n\n\n\n<div data-wp-interactive=\"core\/file\" class=\"wp-block-file\"><object data-wp-bind--hidden=\"!state.hasPdfPreview\" hidden class=\"wp-block-file__embed\" data=\"https:\/\/kobra.si\/wp-content\/uploads\/2024\/09\/SimPal-T40-Manual-20190912X7.2cm_SL1_TISK.pdf\" type=\"application\/pdf\" style=\"width:100%;height:600px\" aria-label=\"Embed of Simpal SLO.\"><\/object><a id=\"wp-block-file--media-27ab076a-cdd5-44b9-8921-9b274ee75eb9\" href=\"https:\/\/kobra.si\/wp-content\/uploads\/2024\/09\/SimPal-T40-Manual-20190912X7.2cm_SL1_TISK.pdf\">Simpal SLO<\/a><a href=\"https:\/\/kobra.si\/wp-content\/uploads\/2024\/09\/SimPal-T40-Manual-20190912X7.2cm_SL1_TISK.pdf\" class=\"wp-block-file__button wp-element-button\" download aria-describedby=\"wp-block-file--media-27ab076a-cdd5-44b9-8921-9b274ee75eb9\">Prenos<\/a><\/div>\n\n\n\n<div data-wp-interactive=\"core\/file\" class=\"wp-block-file\"><object data-wp-bind--hidden=\"!state.hasPdfPreview\" hidden class=\"wp-block-file__embed\" data=\"https:\/\/kobra.si\/wp-content\/uploads\/2025\/01\/SimPal-T40-T20-Manual-20190912X7cm.pdf\" type=\"application\/pdf\" style=\"width:100%;height:600px\" aria-label=\"Embed of Simpal ENG.\"><\/object><a id=\"wp-block-file--media-87b30346-462f-4f2d-9b02-536f79420a00\" href=\"https:\/\/kobra.si\/wp-content\/uploads\/2025\/01\/SimPal-T40-T20-Manual-20190912X7cm.pdf\">Simpal ENG<\/a><a href=\"https:\/\/kobra.si\/wp-content\/uploads\/2025\/01\/SimPal-T40-T20-Manual-20190912X7cm.pdf\" class=\"wp-block-file__button wp-element-button\" download aria-describedby=\"wp-block-file--media-87b30346-462f-4f2d-9b02-536f79420a00\">Prenos<\/a><\/div>\n\n\n\n<h3 class=\"wp-block-heading\">Specifications<\/h3>\n\n\n\n<figure class=\"wp-block-table\"><table class=\"has-fixed-layout\"><tbody><tr><td>Input<\/td><td>220 V\/50 Hz, socket CEE 7\/7<\/td><\/tr><tr><td>Output<\/td><td>220 V\/50 Hz, 16 A, socket CEE 7\/4<\/td><\/tr><tr><td>Working temperature<\/td><td>-10 \u2103-+50 \u2103<\/td><\/tr><tr><td>Vla\u017enost<\/td><td>10-90 %, no condensation<\/td><\/tr><tr><td>Communication Protocols<\/td><td>433 MHz<\/td><\/tr><tr><td>Outdoor Temperature (Sensor)<\/td><td>-10 \u2103-+50 \u2103<\/td><\/tr><tr><td>Maks. \u0161tevilo uporabe pomo\u017enih vti\u010dnic T20<\/td><td>2 vti\u010dnici z mo\u017enostjo raz\u0161iritve do 10 vti\u010dnic<\/td><\/tr><tr><td>Socket management<\/td><td>Preko glavne vti\u010dnice T40<\/td><\/tr><tr><td>Additional Accessories<\/td><td>podalj\u0161ek senzorja temperature, 5 m kabel (ni prilo\u017een)<\/td><\/tr><tr><td>Indikator<\/td><td>izhodna elektri\u010dna energija in brez\u017ei\u010dni signal v modri barvi<\/td><\/tr><tr><td>Purpose of use<\/td><td>inside use<\/td><\/tr><\/tbody><\/table><\/figure>","protected":false},"excerpt":{"rendered":"<ul>\n<li>wireless, you control it via the SimPal-T40 main socket<\/li>\n<li>switches electrical devices up to 3,500 W on or off<\/li>\n<li>detects a changed room temperature<\/li>\n<li>The T20 v2 is only compatible with the T40 v2 Master<\/li>\n<\/ul>","protected":false},"featured_media":14453,"template":"","meta":{"_monsterinsights_skip_tracking":false,"_monsterinsights_sitenote_active":false,"_monsterinsights_sitenote_note":"","_monsterinsights_sitenote_category":0},"product_brand":[],"product_cat":[291,101,128,255],"product_tag":[],"class_list":{"0":"post-14084","1":"product","2":"type-product","3":"status-publish","4":"has-post-thumbnail","6":"product_cat-pametne-instalacije","7":"product_cat-pametni-dom","8":"product_cat-simpal","9":"product_cat-vsi","11":"first","12":"instock","13":"taxable","14":"shipping-taxable","15":"purchasable","16":"product-type-simple"},"jetpack_sharing_enabled":true,"_links":{"self":[{"href":"https:\/\/kobra.si\/en\/wp-json\/wp\/v2\/product\/14084","targetHints":{"allow":["GET"]}}],"collection":[{"href":"https:\/\/kobra.si\/en\/wp-json\/wp\/v2\/product"}],"about":[{"href":"https:\/\/kobra.si\/en\/wp-json\/wp\/v2\/types\/product"}],"version-history":[{"count":3,"href":"https:\/\/kobra.si\/en\/wp-json\/wp\/v2\/product\/14084\/revisions"}],"predecessor-version":[{"id":20125,"href":"https:\/\/kobra.si\/en\/wp-json\/wp\/v2\/product\/14084\/revisions\/20125"}],"wp:featuredmedia":[{"embeddable":true,"href":"https:\/\/kobra.si\/en\/wp-json\/wp\/v2\/media\/14453"}],"wp:attachment":[{"href":"https:\/\/kobra.si\/en\/wp-json\/wp\/v2\/media?parent=14084"}],"wp:term":[{"taxonomy":"product_brand","embeddable":true,"href":"https:\/\/kobra.si\/en\/wp-json\/wp\/v2\/product_brand?post=14084"},{"taxonomy":"product_cat","embeddable":true,"href":"https:\/\/kobra.si\/en\/wp-json\/wp\/v2\/product_cat?post=14084"},{"taxonomy":"product_tag","embeddable":true,"href":"https:\/\/kobra.si\/en\/wp-json\/wp\/v2\/product_tag?post=14084"}],"curies":[{"name":"wp","href":"https:\/\/api.w.org\/{rel}","templated":true}]}}