{"id":13760,"date":"2024-09-06T11:53:37","date_gmt":"2024-09-06T11:53:37","guid":{"rendered":"https:\/\/kobra.si\/?post_type=product&#038;p=13760"},"modified":"2025-12-01T10:10:13","modified_gmt":"2025-12-01T09:10:13","slug":"avtomatski-razkuzevalnik-z-merilnikom-telesne-temperature-kobterm-d40","status":"publish","type":"product","link":"https:\/\/kobra.si\/en\/spletna-trgovina-kobra\/avtomatski-razkuzevalnik-z-merilnikom-telesne-temperature-kobterm-d40\/","title":{"rendered":"Automatic disinfectant - KOBTERM D40"},"content":{"rendered":"<p><strong>Why choose Kobterm disinfectant?<\/strong>:<\/p>\n<ul>\n<li class=\"translation-block\">contactless <strong>disinfects hands<\/strong> and measures body temperature at the same time<\/li>\n<li class=\"translation-block\">enables easy measurement of body <strong>temperature on the palm<\/strong><\/li>\n<li class=\"translation-block\"><strong>transparent screen<\/strong> on which measurements are displayed<\/li>\n<li class=\"translation-block\">the measurement time is <strong>less than one second<\/strong><\/li>\n<li style=\"box-sizing: border-box;\" class=\"translation-block\"><strong>easy filling<\/strong>, as you simply pour the liquid disinfectant into the container<\/li>\n<li class=\"translation-block\">powered by <strong>batteries<\/strong><\/li>\n<li>it can be mounted on a wall or on a stand<\/li>\n<\/ul>\n<p class=\"translation-block\"><strong>If you need a stand<\/strong> call us or write to our e-mail.<\/p>\n<p><strong>What does the package contain?<\/strong>:<\/p>\n<ul>\n<li>1 piece automatic sanitizer with body temperature gauge<\/li>\n<li>4 kos ve\u010dji vijak, 2 kos manj\u0161i vijak, 4 kos vlo\u017eki<\/li>\n<li>1 piece key<\/li>\n<li>1 piece funnel for dispensing disinfectant<\/li>\n<li>1 pc disinfectant catcher<\/li>\n<li>instructions manual<\/li>\n<\/ul>\n<table style=\"margin-left: -0.4pt; border-collapse: collapse; height: 1334px;\" border=\"0\" width=\"640\" cellspacing=\"0\" cellpadding=\"0\">\n<tbody>\n<tr style=\"mso-yfti-irow: 0; mso-yfti-firstrow: yes; height: 16.05pt;\">\n<td style=\"width: 104.55pt; border: solid windowtext 1.0pt; mso-border-alt: solid windowtext .75pt; background: #F5821F; mso-shading: windowtext; mso-pattern: solid #F5821F; padding: 4.25pt 4.25pt 4.25pt 4.25pt; height: 16.05pt;\" width=\"139\">\n<h2>Properties<\/h2>\n<\/td>\n<td style=\"width: 154.9pt; border: solid windowtext 1.0pt; border-left: none; mso-border-left-alt: solid windowtext .75pt; mso-border-alt: solid windowtext .75pt; background: #F5821F; mso-shading: windowtext; mso-pattern: solid #F5821F; padding: 4.25pt 4.25pt 4.25pt 4.25pt; height: 16.05pt;\" width=\"207\">\n<h2>Details<\/h2>\n<\/td>\n<\/tr>\n<tr style=\"mso-yfti-irow: 1; height: 14.0pt;\">\n<td style=\"width: 104.55pt; border: solid black 1.0pt; border-top: none; mso-border-top-alt: solid windowtext .75pt; mso-border-alt: solid black .25pt; padding: 4.25pt 4.25pt 4.25pt 4.25pt; height: 14.0pt;\" valign=\"top\" width=\"139\">Model<\/td>\n<td style=\"width: 154.9pt; border-top: none; border-left: none; border-bottom: solid black 1.0pt; border-right: solid black 1.0pt; mso-border-top-alt: solid windowtext .75pt; mso-border-left-alt: solid black .25pt; mso-border-alt: solid black .25pt; padding: 4.25pt 4.25pt 4.25pt 4.25pt; height: 14.0pt;\" valign=\"top\" width=\"207\">Kobterm D40<\/td>\n<\/tr>\n<tr style=\"mso-yfti-irow: 2; height: 5.65pt;\">\n<td style=\"width: 104.55pt; border: solid black 1.0pt; border-top: none; mso-border-top-alt: solid black .25pt; mso-border-alt: solid black .25pt; padding: 4.25pt 4.25pt 4.25pt 4.25pt; height: 5.65pt;\" valign=\"top\" width=\"139\">Pump type<\/td>\n<td style=\"width: 154.9pt; border-top: none; border-left: none; border-bottom: solid black 1.0pt; border-right: solid black 1.0pt; mso-border-top-alt: solid black .25pt; mso-border-left-alt: solid black .25pt; mso-border-alt: solid black .25pt; padding: 4.25pt 4.25pt 4.25pt 4.25pt; height: 5.65pt;\" valign=\"top\" width=\"207\">supports liquid disinfectant (does not support gel or foam)<\/td>\n<\/tr>\n<tr style=\"mso-yfti-irow: 3; height: 5.65pt;\">\n<td style=\"width: 104.55pt; border: solid black 1.0pt; border-top: none; mso-border-top-alt: solid black .25pt; mso-border-alt: solid black .25pt; padding: 4.25pt 4.25pt 4.25pt 4.25pt; height: 5.65pt;\" valign=\"top\" width=\"139\">Capacity<\/td>\n<td style=\"width: 154.9pt; border-top: none; border-left: none; border-bottom: solid black 1.0pt; border-right: solid black 1.0pt; mso-border-top-alt: solid black .25pt; mso-border-left-alt: solid black .25pt; mso-border-alt: solid black .25pt; padding: 4.25pt 4.25pt 4.25pt 4.25pt; height: 5.65pt;\" valign=\"top\" width=\"207\">1000 mL<\/td>\n<\/tr>\n<tr style=\"mso-yfti-irow: 4; height: 5.65pt;\">\n<td style=\"width: 104.55pt; border: solid black 1.0pt; border-top: none; mso-border-top-alt: solid black .25pt; mso-border-alt: solid black .25pt; padding: 4.25pt 4.25pt 4.25pt 4.25pt; height: 5.65pt;\" valign=\"top\" width=\"139\">Output quantity<\/td>\n<td style=\"width: 154.9pt; border-top: none; border-left: none; border-bottom: solid black 1.0pt; border-right: solid black 1.0pt; mso-border-top-alt: solid black .25pt; mso-border-left-alt: solid black .25pt; mso-border-alt: solid black .25pt; padding: 4.25pt 4.25pt 4.25pt 4.25pt; height: 5.65pt;\" valign=\"top\" width=\"207\">0,8 \u2013 1 mL<\/td>\n<\/tr>\n<tr style=\"mso-yfti-irow: 5; height: 16.2pt;\">\n<td style=\"width: 104.55pt; border: solid black 1.0pt; border-top: none; mso-border-top-alt: solid black .25pt; mso-border-alt: solid black .25pt; padding: 5.65pt 5.65pt 5.65pt 5.65pt; height: 16.2pt;\" valign=\"top\" width=\"139\">Working temperature<\/td>\n<td style=\"width: 154.9pt; border-top: none; border-left: none; border-bottom: solid black 1.0pt; border-right: solid black 1.0pt; mso-border-top-alt: solid black .25pt; mso-border-left-alt: solid black .25pt; mso-border-alt: solid black .25pt; padding: 5.65pt 5.65pt 5.65pt 5.65pt; height: 16.2pt;\" valign=\"top\" width=\"207\">+15 oC ~ 35 oC<\/td>\n<\/tr>\n<tr style=\"mso-yfti-irow: 6; height: 16.2pt;\">\n<td style=\"width: 104.55pt; border: solid black 1.0pt; border-top: none; mso-border-top-alt: solid black .25pt; mso-border-alt: solid black .25pt; padding: 5.65pt 5.65pt 5.65pt 5.65pt; height: 16.2pt;\" valign=\"top\" width=\"139\">Temperature measurement range<\/td>\n<td style=\"width: 154.9pt; border-top: none; border-left: none; border-bottom: solid black 1.0pt; border-right: solid black 1.0pt; mso-border-top-alt: solid black .25pt; mso-border-left-alt: solid black .25pt; mso-border-alt: solid black .25pt; padding: 5.65pt 5.65pt 5.65pt 5.65pt; height: 16.2pt;\" valign=\"top\" width=\"207\">0 oC ~ 50 oC<\/td>\n<\/tr>\n<tr style=\"mso-yfti-irow: 7; height: 16.2pt;\">\n<td style=\"width: 104.55pt; border: solid black 1.0pt; border-top: none; mso-border-top-alt: solid black .25pt; mso-border-alt: solid black .25pt; padding: 5.65pt 5.65pt 5.65pt 5.65pt; height: 16.2pt;\" valign=\"top\" width=\"139\" class=\"translation-block\"><span lang=\"EN-US\">Sensor range for measuring<\/span> <span lang=\"EN-US\">temperature<\/span><\/td>\n<td style=\"width: 154.9pt; border-top: none; border-left: none; border-bottom: solid black 1.0pt; border-right: solid black 1.0pt; mso-border-top-alt: solid black .25pt; mso-border-left-alt: solid black .25pt; mso-border-alt: solid black .25pt; padding: 5.65pt 5.65pt 5.65pt 5.65pt; height: 16.2pt;\" valign=\"top\" width=\"207\">5 \u2013\u00a0 10 cm<\/td>\n<\/tr>\n<tr style=\"mso-yfti-irow: 8; height: 16.2pt;\">\n<td style=\"width: 104.55pt; border: solid black 1.0pt; border-top: none; mso-border-top-alt: solid black .25pt; mso-border-alt: solid black .25pt; padding: 5.65pt 5.65pt 5.65pt 5.65pt; height: 16.2pt;\" valign=\"top\" width=\"139\">Measurement accuracy<\/td>\n<td style=\"width: 154.9pt; border-top: none; border-left: none; border-bottom: solid black 1.0pt; border-right: solid black 1.0pt; mso-border-top-alt: solid black .25pt; mso-border-left-alt: solid black .25pt; mso-border-alt: solid black .25pt; padding: 5.65pt 5.65pt 5.65pt 5.65pt; height: 16.2pt;\" valign=\"top\" width=\"207\">+\/-0,2 oC<\/td>\n<\/tr>\n<tr style=\"mso-yfti-irow: 9; height: 16.2pt;\">\n<td style=\"width: 104.55pt; border: solid black 1.0pt; border-top: none; mso-border-top-alt: solid black .25pt; mso-border-alt: solid black .25pt; padding: 5.65pt 5.65pt 5.65pt 5.65pt; height: 16.2pt;\" valign=\"top\" width=\"139\">Power supply<\/td>\n<td style=\"width: 154.9pt; border-top: none; border-left: none; border-bottom: solid black 1.0pt; border-right: solid black 1.0pt; mso-border-top-alt: solid black .25pt; mso-border-left-alt: solid black .25pt; mso-border-alt: solid black .25pt; padding: 5.65pt 5.65pt 5.65pt 5.65pt; height: 16.2pt;\" valign=\"top\" width=\"207\">batteries (4 x LR14 size C)<\/td>\n<\/tr>\n<tr style=\"mso-yfti-irow: 10; height: 16.2pt;\">\n<td style=\"width: 104.55pt; border: solid black 1.0pt; border-top: none; mso-border-top-alt: solid black .25pt; mso-border-alt: solid black .25pt; padding: 5.65pt 5.65pt 5.65pt 5.65pt; height: 16.2pt;\" valign=\"top\" width=\"139\">Power consumption<\/td>\n<td style=\"width: 154.9pt; border-top: none; border-left: none; border-bottom: solid black 1.0pt; border-right: solid black 1.0pt; mso-border-top-alt: solid black .25pt; mso-border-left-alt: solid black .25pt; mso-border-alt: solid black .25pt; padding: 5.65pt 5.65pt 5.65pt 5.65pt; height: 16.2pt;\" valign=\"top\" width=\"207\">3 W<\/td>\n<\/tr>\n<tr style=\"mso-yfti-irow: 11; height: 16.2pt;\">\n<td style=\"width: 104.55pt; border: solid black 1.0pt; border-top: none; mso-border-top-alt: solid black .25pt; mso-border-alt: solid black .25pt; padding: 5.65pt 5.65pt 5.65pt 5.65pt; height: 16.2pt;\" valign=\"top\" width=\"139\">Material<\/td>\n<td style=\"width: 154.9pt; border-top: none; border-left: none; border-bottom: solid black 1.0pt; border-right: solid black 1.0pt; mso-border-top-alt: solid black .25pt; mso-border-left-alt: solid black .25pt; mso-border-alt: solid black .25pt; padding: 5.65pt 5.65pt 5.65pt 5.65pt; height: 16.2pt;\" valign=\"top\" width=\"207\">ABS<\/td>\n<\/tr>\n<tr style=\"mso-yfti-irow: 12; height: 16.2pt;\">\n<td style=\"width: 104.55pt; border: solid black 1.0pt; border-top: none; mso-border-top-alt: solid black .25pt; mso-border-alt: solid black .25pt; padding: 5.65pt 5.65pt 5.65pt 5.65pt; height: 16.2pt;\" valign=\"top\" width=\"139\">Weight<\/td>\n<td style=\"width: 154.9pt; border-top: none; border-left: none; border-bottom: solid black 1.0pt; border-right: solid black 1.0pt; mso-border-top-alt: solid black .25pt; mso-border-left-alt: solid black .25pt; mso-border-alt: solid black .25pt; padding: 5.65pt 5.65pt 5.65pt 5.65pt; height: 16.2pt;\" valign=\"top\" width=\"207\">920 g<\/td>\n<\/tr>\n<tr style=\"mso-yfti-irow: 13; height: 16.2pt;\">\n<td style=\"width: 104.55pt; border: solid black 1.0pt; border-top: none; mso-border-top-alt: solid black .25pt; mso-border-alt: solid black .25pt; padding: 5.65pt 5.65pt 5.65pt 5.65pt; height: 16.2pt;\" valign=\"top\" width=\"139\">Purpose of use<\/td>\n<td style=\"width: 154.9pt; border-top: none; border-left: none; border-bottom: solid black 1.0pt; border-right: solid black 1.0pt; mso-border-top-alt: solid black .25pt; mso-border-left-alt: solid black .25pt; mso-border-alt: solid black .25pt; padding: 5.65pt 5.65pt 5.65pt 5.65pt; height: 16.2pt;\" valign=\"top\" width=\"207\">indoor use, heated and dry rooms<\/td>\n<\/tr>\n<tr style=\"mso-yfti-irow: 14; height: 16.2pt;\">\n<td style=\"width: 104.55pt; border: solid black 1.0pt; border-top: none; mso-border-top-alt: solid black .25pt; mso-border-alt: solid black .25pt; padding: 5.65pt 5.65pt 5.65pt 5.65pt; height: 16.2pt;\" valign=\"top\" width=\"139\">Installation method<\/td>\n<td style=\"width: 154.9pt; border-top: none; border-left: none; border-bottom: solid black 1.0pt; border-right: solid black 1.0pt; mso-border-top-alt: solid black .25pt; mso-border-left-alt: solid black .25pt; mso-border-alt: solid black .25pt; padding: 5.65pt 5.65pt 5.65pt 5.65pt; height: 16.2pt;\" valign=\"top\" width=\"207\">on the wall or on the stand intended for the disinfectant<\/td>\n<\/tr>\n<tr style=\"mso-yfti-irow: 15; mso-yfti-lastrow: yes; height: 16.2pt;\">\n<td style=\"width: 104.55pt; border: solid black 1.0pt; border-top: none; mso-border-top-alt: solid black .25pt; mso-border-alt: solid black .25pt; padding: 5.65pt 5.65pt 5.65pt 5.65pt; height: 16.2pt;\" valign=\"top\" width=\"139\">Color<\/td>\n<td style=\"width: 154.9pt; border-top: none; border-left: none; border-bottom: solid black 1.0pt; border-right: solid black 1.0pt; mso-border-top-alt: solid black .25pt; mso-border-left-alt: solid black .25pt; mso-border-alt: solid black .25pt; padding: 5.65pt 5.65pt 5.65pt 5.65pt; height: 16.2pt;\" valign=\"top\" width=\"207\">White<\/td>\n<\/tr>\n<\/tbody>\n<\/table>","protected":false},"excerpt":{"rendered":"<p style=\"text-align: left;\">Automatic hand sanitizer with body temperature sensor - KOBTERM D40 is an extremely innovative, convenient and safe hand sanitizer. The disinfectant uses a sensor to detect the proximity of the hand and sprays the disinfectant on it, and with the help of infrared technology, it simultaneously measures the body temperature.<\/p>\n<p style=\"text-align: left;\">It covers a wide range of applications: factories, hotels, restaurants, office buildings, hospitals, banks, schools, exhibition halls, stadiums, airports and other public places.<\/p>","protected":false},"featured_media":14871,"template":"","meta":{"_monsterinsights_skip_tracking":false,"_monsterinsights_sitenote_active":false,"_monsterinsights_sitenote_note":"","_monsterinsights_sitenote_category":0},"product_brand":[],"product_cat":[255],"product_tag":[],"class_list":{"0":"post-13760","1":"product","2":"type-product","3":"status-publish","4":"has-post-thumbnail","6":"product_cat-vsi","8":"first","9":"instock","10":"featured","11":"taxable","12":"shipping-taxable","13":"purchasable","14":"product-type-simple"},"jetpack_sharing_enabled":true,"_links":{"self":[{"href":"https:\/\/kobra.si\/en\/wp-json\/wp\/v2\/product\/13760","targetHints":{"allow":["GET"]}}],"collection":[{"href":"https:\/\/kobra.si\/en\/wp-json\/wp\/v2\/product"}],"about":[{"href":"https:\/\/kobra.si\/en\/wp-json\/wp\/v2\/types\/product"}],"version-history":[{"count":8,"href":"https:\/\/kobra.si\/en\/wp-json\/wp\/v2\/product\/13760\/revisions"}],"predecessor-version":[{"id":16597,"href":"https:\/\/kobra.si\/en\/wp-json\/wp\/v2\/product\/13760\/revisions\/16597"}],"wp:featuredmedia":[{"embeddable":true,"href":"https:\/\/kobra.si\/en\/wp-json\/wp\/v2\/media\/14871"}],"wp:attachment":[{"href":"https:\/\/kobra.si\/en\/wp-json\/wp\/v2\/media?parent=13760"}],"wp:term":[{"taxonomy":"product_brand","embeddable":true,"href":"https:\/\/kobra.si\/en\/wp-json\/wp\/v2\/product_brand?post=13760"},{"taxonomy":"product_cat","embeddable":true,"href":"https:\/\/kobra.si\/en\/wp-json\/wp\/v2\/product_cat?post=13760"},{"taxonomy":"product_tag","embeddable":true,"href":"https:\/\/kobra.si\/en\/wp-json\/wp\/v2\/product_tag?post=13760"}],"curies":[{"name":"wp","href":"https:\/\/api.w.org\/{rel}","templated":true}]}}