{"id":13363,"date":"2024-09-03T09:58:13","date_gmt":"2024-09-03T07:58:13","guid":{"rendered":"https:\/\/kobra.si\/?post_type=product&#038;p=13363"},"modified":"2025-12-02T10:29:07","modified_gmt":"2025-12-02T09:29:07","slug":"darilni-bon-kobra","status":"publish","type":"product","link":"https:\/\/kobra.si\/en\/spletna-trgovina-kobra\/darilni-bon-kobra\/","title":{"rendered":"Gift voucher Kobra 20 EUR"},"content":{"rendered":"<h3>A Kobra gift voucher in value 20\u20ac, 50\u20ac or 100\u20ac<\/h3>\n<p>Don't know what to give your loved ones? Delight them with a Kobra gift voucher.<\/p>\n<p>Vouchers in the value of 20, 50 and 100 EUR are available, but of course you can combine the amounts.<\/p>\n<p>The voucher is printed on thicker, shiny paper. You will receive it in an envelope to your home address.<\/p>\n<p>Gift vouchers cannot be exchanged for cash.<\/p>","protected":false},"excerpt":{"rendered":"<p>Darilni bon Kobra v vrednosti 20\u20ac, 50\u20ac ali 100\u20ac Ne veste, kaj bi podarili svojim najdra\u017ejim? Razveselite jih z darilnim bonom Kobra. Na voljo so boni v vrednosti 20, 50 in 100 Eur, seveda pa lahko zneske med seboj kombinirate. Bon je natisnjen na debelej\u0161i, svetle\u010d papir. Prejmete ga v kuverti na va\u0161 doma\u010d naslov. [&hellip;]<\/p>\n","protected":false},"featured_media":13365,"template":"","meta":{"_monsterinsights_skip_tracking":false,"_monsterinsights_sitenote_active":false,"_monsterinsights_sitenote_note":"","_monsterinsights_sitenote_category":0},"product_brand":[],"product_cat":[286,255],"product_tag":[],"class_list":{"0":"post-13363","1":"product","2":"type-product","3":"status-publish","4":"has-post-thumbnail","6":"product_cat-darilni-boni-2","7":"product_cat-vsi","9":"first","10":"instock","11":"taxable","12":"shipping-taxable","13":"purchasable","14":"product-type-simple"},"jetpack_sharing_enabled":true,"_links":{"self":[{"href":"https:\/\/kobra.si\/en\/wp-json\/wp\/v2\/product\/13363","targetHints":{"allow":["GET"]}}],"collection":[{"href":"https:\/\/kobra.si\/en\/wp-json\/wp\/v2\/product"}],"about":[{"href":"https:\/\/kobra.si\/en\/wp-json\/wp\/v2\/types\/product"}],"version-history":[{"count":18,"href":"https:\/\/kobra.si\/en\/wp-json\/wp\/v2\/product\/13363\/revisions"}],"predecessor-version":[{"id":22408,"href":"https:\/\/kobra.si\/en\/wp-json\/wp\/v2\/product\/13363\/revisions\/22408"}],"wp:featuredmedia":[{"embeddable":true,"href":"https:\/\/kobra.si\/en\/wp-json\/wp\/v2\/media\/13365"}],"wp:attachment":[{"href":"https:\/\/kobra.si\/en\/wp-json\/wp\/v2\/media?parent=13363"}],"wp:term":[{"taxonomy":"product_brand","embeddable":true,"href":"https:\/\/kobra.si\/en\/wp-json\/wp\/v2\/product_brand?post=13363"},{"taxonomy":"product_cat","embeddable":true,"href":"https:\/\/kobra.si\/en\/wp-json\/wp\/v2\/product_cat?post=13363"},{"taxonomy":"product_tag","embeddable":true,"href":"https:\/\/kobra.si\/en\/wp-json\/wp\/v2\/product_tag?post=13363"}],"curies":[{"name":"wp","href":"https:\/\/api.w.org\/{rel}","templated":true}]}}